{"id":927,"date":"2025-03-25T13:51:48","date_gmt":"2025-03-25T13:51:48","guid":{"rendered":"http:\/\/localhost:8888\/yoga-sunyata\/?page_id=927"},"modified":"2026-01-05T07:25:53","modified_gmt":"2026-01-05T07:25:53","slug":"yoga-muenchen","status":"publish","type":"page","link":"https:\/\/yoga-sunyata.com\/en\/yoga-muenchen\/","title":{"rendered":"Yoga in M\u00fcnchen"},"content":{"rendered":"<div data-elementor-type=\"wp-page\" data-elementor-id=\"927\" class=\"elementor elementor-927\">\n\t\t\t\t<div class=\"elementor-element elementor-element-5224bb6e e-flex e-con-boxed e-con e-parent\" data-id=\"5224bb6e\" data-element_type=\"container\" data-e-type=\"container\" data-settings=\"{&quot;background_background&quot;:&quot;classic&quot;}\">\n\t\t\t\t\t<div class=\"e-con-inner\">\n\t\t\t\t<div class=\"elementor-element elementor-element-410c2959 elementor-widget elementor-widget-heading\" data-id=\"410c2959\" data-element_type=\"widget\" data-e-type=\"widget\" data-widget_type=\"heading.default\">\n\t\t\t\t<div class=\"elementor-widget-container\">\n\t\t\t\t\t<h1 class=\"elementor-heading-title elementor-size-default\">Yoga <\/h1>\t\t\t\t<\/div>\n\t\t\t\t<\/div>\n\t\t\t\t<div class=\"elementor-element elementor-element-1004fc51 elementor-widget elementor-widget-text-editor\" data-id=\"1004fc51\" data-element_type=\"widget\" data-e-type=\"widget\" data-widget_type=\"text-editor.default\">\n\t\t\t\t<div class=\"elementor-widget-container\">\n\t\t\t\t\t\t\t\t\t<p>Yoga ist weit mehr als Bewegung \u2013 es ist eine Reise zu mehr Klarheit, innerer Ruhe und Verbindung mit sich selbst. In meinem Unterricht verbinde ich fundiertes Wissen mit einer liebevollen Praxis, die Sie genau dort abholt, wo Sie gerade stehen. Alles ganz in und rund um M\u00fcnchen, f\u00fcr Sie vor Ort.<\/p>\t\t\t\t\t\t\t\t<\/div>\n\t\t\t\t<\/div>\n\t\t\t\t\t<\/div>\n\t\t\t\t<\/div>\n\t\t<div class=\"elementor-element elementor-element-64351fee e-flex e-con-boxed e-con e-parent\" data-id=\"64351fee\" data-element_type=\"container\" data-e-type=\"container\">\n\t\t\t\t\t<div class=\"e-con-inner\">\n\t\t<div class=\"elementor-element elementor-element-5528f288 e-con-full e-flex e-con e-child\" data-id=\"5528f288\" data-element_type=\"container\" data-e-type=\"container\">\n\t\t<div class=\"elementor-element elementor-element-5ee4fa00 e-con-full e-flex e-con e-child\" data-id=\"5ee4fa00\" data-element_type=\"container\" data-e-type=\"container\">\n\t\t\t\t<div class=\"elementor-element elementor-element-4ca423ae elementor-widget elementor-widget-image\" data-id=\"4ca423ae\" data-element_type=\"widget\" data-e-type=\"widget\" data-widget_type=\"image.default\">\n\t\t\t\t<div class=\"elementor-widget-container\">\n\t\t\t\t\t\t\t\t\t\t\t\t\t\t\t<img fetchpriority=\"high\" decoding=\"async\" width=\"375\" height=\"500\" src=\"https:\/\/yoga-sunyata.com\/wp-content\/uploads\/2023\/03\/Mangal_Yoga_28012023_3051.jpg\" class=\"attachment-large size-large wp-image-22\" alt=\"\" srcset=\"https:\/\/yoga-sunyata.com\/wp-content\/uploads\/2023\/03\/Mangal_Yoga_28012023_3051.jpg 375w, https:\/\/yoga-sunyata.com\/wp-content\/uploads\/2023\/03\/Mangal_Yoga_28012023_3051-225x300.jpg 225w\" sizes=\"(max-width: 375px) 100vw, 375px\" \/>\t\t\t\t\t\t\t\t\t\t\t\t\t\t\t<\/div>\n\t\t\t\t<\/div>\n\t\t\t\t<div class=\"elementor-element elementor-element-56116d57 elementor-widget elementor-widget-image\" data-id=\"56116d57\" data-element_type=\"widget\" data-e-type=\"widget\" data-widget_type=\"image.default\">\n\t\t\t\t<div class=\"elementor-widget-container\">\n\t\t\t\t\t\t\t\t\t\t\t\t\t\t\t<img decoding=\"async\" width=\"500\" height=\"500\" src=\"https:\/\/yoga-sunyata.com\/wp-content\/uploads\/2023\/03\/Mangal_Yoga_22082020_.jpg\" class=\"attachment-large size-large wp-image-20\" alt=\"\u00fcber-mich_yoga\" srcset=\"https:\/\/yoga-sunyata.com\/wp-content\/uploads\/2023\/03\/Mangal_Yoga_22082020_.jpg 500w, https:\/\/yoga-sunyata.com\/wp-content\/uploads\/2023\/03\/Mangal_Yoga_22082020_-300x300.jpg 300w, https:\/\/yoga-sunyata.com\/wp-content\/uploads\/2023\/03\/Mangal_Yoga_22082020_-150x150.jpg 150w, https:\/\/yoga-sunyata.com\/wp-content\/uploads\/2023\/03\/Mangal_Yoga_22082020_-480x480.jpg 480w\" sizes=\"(max-width: 500px) 100vw, 500px\" \/>\t\t\t\t\t\t\t\t\t\t\t\t\t\t\t<\/div>\n\t\t\t\t<\/div>\n\t\t\t\t<\/div>\n\t\t<div class=\"elementor-element elementor-element-346b294 e-con-full e-flex e-con e-child\" data-id=\"346b294\" data-element_type=\"container\" data-e-type=\"container\">\n\t\t\t\t<div class=\"elementor-element elementor-element-62017b37 elementor-widget elementor-widget-image\" data-id=\"62017b37\" data-element_type=\"widget\" data-e-type=\"widget\" data-widget_type=\"image.default\">\n\t\t\t\t<div class=\"elementor-widget-container\">\n\t\t\t\t\t\t\t\t\t\t\t\t\t\t\t<img decoding=\"async\" width=\"375\" height=\"500\" src=\"https:\/\/yoga-sunyata.com\/wp-content\/uploads\/2023\/03\/Mangal_Yoga_28012023_3037.jpg\" class=\"attachment-large size-large wp-image-21\" alt=\"\" srcset=\"https:\/\/yoga-sunyata.com\/wp-content\/uploads\/2023\/03\/Mangal_Yoga_28012023_3037.jpg 375w, https:\/\/yoga-sunyata.com\/wp-content\/uploads\/2023\/03\/Mangal_Yoga_28012023_3037-225x300.jpg 225w\" sizes=\"(max-width: 375px) 100vw, 375px\" \/>\t\t\t\t\t\t\t\t\t\t\t\t\t\t\t<\/div>\n\t\t\t\t<\/div>\n\t\t\t\t<div class=\"elementor-element elementor-element-2ed3af64 elementor-widget elementor-widget-image\" data-id=\"2ed3af64\" data-element_type=\"widget\" data-e-type=\"widget\" data-widget_type=\"image.default\">\n\t\t\t\t<div class=\"elementor-widget-container\">\n\t\t\t\t\t\t\t\t\t\t\t\t\t\t\t<img loading=\"lazy\" decoding=\"async\" width=\"375\" height=\"500\" src=\"https:\/\/yoga-sunyata.com\/wp-content\/uploads\/2023\/07\/Mangal_Sunyata_45.jpg\" class=\"attachment-large size-large wp-image-242\" alt=\"\" srcset=\"https:\/\/yoga-sunyata.com\/wp-content\/uploads\/2023\/07\/Mangal_Sunyata_45.jpg 375w, https:\/\/yoga-sunyata.com\/wp-content\/uploads\/2023\/07\/Mangal_Sunyata_45-225x300.jpg 225w\" sizes=\"(max-width: 375px) 100vw, 375px\" \/>\t\t\t\t\t\t\t\t\t\t\t\t\t\t\t<\/div>\n\t\t\t\t<\/div>\n\t\t\t\t<\/div>\n\t\t\t\t<\/div>\n\t\t<div class=\"elementor-element elementor-element-5fa59f68 e-con-full e-flex e-con e-child\" data-id=\"5fa59f68\" data-element_type=\"container\" data-e-type=\"container\">\n\t\t\t\t<div class=\"elementor-element elementor-element-256f08d0 elementor-widget elementor-widget-heading\" data-id=\"256f08d0\" data-element_type=\"widget\" data-e-type=\"widget\" data-widget_type=\"heading.default\">\n\t\t\t\t<div class=\"elementor-widget-container\">\n\t\t\t\t\t<h3 class=\"elementor-heading-title elementor-size-default\">The roots of yoga \u2013 and its significance today<\/h3>\t\t\t\t<\/div>\n\t\t\t\t<\/div>\n\t\t\t\t<div class=\"elementor-element elementor-element-151b6984 elementor-widget elementor-widget-text-editor\" data-id=\"151b6984\" data-element_type=\"widget\" data-e-type=\"widget\" data-widget_type=\"text-editor.default\">\n\t\t\t\t<div class=\"elementor-widget-container\">\n\t\t\t\t\t\t\t\t\t<p class=\"\" data-start=\"204\" data-end=\"477\">Yoga has an ancient history and originates from India's spiritual tradition. Originally, yoga was a holistic path to self-awareness\u2014a combination of physical postures (Asanas), breathing techniques (Pranayama), meditation, and ethical lifestyle practices.<\/p><p class=\"\" data-start=\"479\" data-end=\"686\">Over time, yoga has evolved and also become a valued practice in the West\u2014not only for physical health but also for mental balance and inner growth.<\/p><p class=\"\" data-start=\"688\" data-end=\"947\">Today, yoga is an valuable balance for many people in hectic daily life: a moment of calm, grounding, and mindful pause. Although there are many styles, the core remains the same \u2013 the connection of body, mind, and breath.<\/p><p class=\"\" data-start=\"949\" data-end=\"1086\">I look forward to introducing you to the diversity of yoga \u2014 in an atmosphere that provides space for your personal development.<\/p>\t\t\t\t\t\t\t\t<\/div>\n\t\t\t\t<\/div>\n\t\t\t\t<div class=\"elementor-element elementor-element-3355522 elementor-mobile-align-center elementor-align-center elementor-widget elementor-widget-button\" data-id=\"3355522\" data-element_type=\"widget\" data-e-type=\"widget\" data-widget_type=\"button.default\">\n\t\t\t\t<div class=\"elementor-widget-container\">\n\t\t\t\t\t\t\t\t\t<div class=\"elementor-button-wrapper\">\n\t\t\t\t\t<a class=\"elementor-button elementor-button-link elementor-size-sm\" href=\"https:\/\/yoga-sunyata.com\/en\/kontakt\/\">\n\t\t\t\t\t\t<span class=\"elementor-button-content-wrapper\">\n\t\t\t\t\t\t\t\t\t<span class=\"elementor-button-text\">Contact<\/span>\n\t\t\t\t\t<\/span>\n\t\t\t\t\t<\/a>\n\t\t\t\t<\/div>\n\t\t\t\t\t\t\t\t<\/div>\n\t\t\t\t<\/div>\n\t\t\t\t<\/div>\n\t\t\t\t\t<\/div>\n\t\t\t\t<\/div>\n\t\t<div class=\"elementor-element elementor-element-18d910e4 e-flex e-con-boxed e-con e-parent\" data-id=\"18d910e4\" data-element_type=\"container\" data-e-type=\"container\">\n\t\t\t\t\t<div class=\"e-con-inner\">\n\t\t\t\t<div class=\"elementor-element elementor-element-493ba14a elementor-widget elementor-widget-text-editor\" data-id=\"493ba14a\" data-element_type=\"widget\" data-e-type=\"widget\" data-widget_type=\"text-editor.default\">\n\t\t\t\t<div class=\"elementor-widget-container\">\n\t\t\t\t\t\t\t\t\t<p>Zertifiziert durch <a href=\"https:\/\/yoga-mandiram.de\/\" target=\"_blank\" rel=\"noopener\">Yoga Mandiram<\/a><\/p>\t\t\t\t\t\t\t\t<\/div>\n\t\t\t\t<\/div>\n\t\t<div class=\"elementor-element elementor-element-3601e8a4 e-con-full e-flex e-con e-child\" data-id=\"3601e8a4\" data-element_type=\"container\" data-e-type=\"container\">\n\t\t\t\t<div class=\"elementor-element elementor-element-77af5a54 elementor-widget elementor-widget-image\" data-id=\"77af5a54\" data-element_type=\"widget\" data-e-type=\"widget\" data-widget_type=\"image.default\">\n\t\t\t\t<div class=\"elementor-widget-container\">\n\t\t\t\t\t\t\t\t\t\t\t\t\t\t\t<img loading=\"lazy\" decoding=\"async\" width=\"1966\" height=\"592\" src=\"https:\/\/yoga-sunyata.com\/wp-content\/uploads\/2025\/09\/Logo-yoga-mandiram1.jpg\" class=\"attachment-full size-full wp-image-1900\" alt=\"\" \/>\t\t\t\t\t\t\t\t\t\t\t\t\t\t\t<\/div>\n\t\t\t\t<\/div>\n\t\t\t\t<\/div>\n\t\t\t\t\t<\/div>\n\t\t\t\t<\/div>\n\t\t\t\t<\/div>","protected":false},"excerpt":{"rendered":"<p>Yoga Yoga ist weit mehr als Bewegung \u2013 es ist eine Reise zu mehr Klarheit, innerer Ruhe und Verbindung mit sich selbst. [&hellip;]<\/p>","protected":false},"author":2,"featured_media":0,"parent":0,"menu_order":0,"comment_status":"closed","ping_status":"closed","template":"","meta":{"footnotes":""},"class_list":["post-927","page","type-page","status-publish","hentry"],"yoast_head":"<!-- This site is optimized with the Yoast SEO plugin v27.4 - https:\/\/yoast.com\/product\/yoast-seo-wordpress\/ -->\n<title>Yoga in M\u00fcnchen -<\/title>\n<meta name=\"description\" content=\"Erleben Sie Yoga in M\u00fcnchen f\u00fcr K\u00f6rper, Geist und Seele. Entdecken Sie vielseitige Yoga-Stilrichtungen, professionelle Anleitung und eine entspannte Atmosph\u00e4re. Buchen Sie jetzt Ihren Kurs!\" \/>\n<meta name=\"robots\" content=\"index, follow, max-snippet:-1, max-image-preview:large, max-video-preview:-1\" \/>\n<link rel=\"canonical\" href=\"https:\/\/yoga-sunyata.com\/en\/yoga-muenchen\/\" \/>\n<meta property=\"og:locale\" content=\"en_GB\" \/>\n<meta property=\"og:type\" content=\"article\" \/>\n<meta property=\"og:title\" content=\"Yoga in M\u00fcnchen -\" \/>\n<meta property=\"og:description\" content=\"Erleben Sie Yoga in M\u00fcnchen f\u00fcr K\u00f6rper, Geist und Seele. Entdecken Sie vielseitige Yoga-Stilrichtungen, professionelle Anleitung und eine entspannte Atmosph\u00e4re. Buchen Sie jetzt Ihren Kurs!\" \/>\n<meta property=\"og:url\" content=\"https:\/\/yoga-sunyata.com\/en\/yoga-muenchen\/\" \/>\n<meta property=\"article:modified_time\" content=\"2026-01-05T07:25:53+00:00\" \/>\n<meta property=\"og:image\" content=\"https:\/\/yoga-sunyata.com\/wp-content\/uploads\/2023\/03\/Mangal_Yoga_28012023_3051.jpg\" \/>\n\t<meta property=\"og:image:width\" content=\"375\" \/>\n\t<meta property=\"og:image:height\" content=\"500\" \/>\n\t<meta property=\"og:image:type\" content=\"image\/jpeg\" \/>\n<meta name=\"twitter:card\" content=\"summary_large_image\" \/>\n<meta name=\"twitter:label1\" content=\"Estimated reading time\" \/>\n\t<meta name=\"twitter:data1\" content=\"3 minutes\" \/>\n<script type=\"application\/ld+json\" class=\"yoast-schema-graph\">{\"@context\":\"https:\\\/\\\/schema.org\",\"@graph\":[{\"@type\":\"WebPage\",\"@id\":\"https:\\\/\\\/yoga-sunyata.com\\\/yoga-muenchen\\\/\",\"url\":\"https:\\\/\\\/yoga-sunyata.com\\\/yoga-muenchen\\\/\",\"name\":\"Yoga in M\u00fcnchen -\",\"isPartOf\":{\"@id\":\"https:\\\/\\\/yoga-sunyata.com\\\/#website\"},\"primaryImageOfPage\":{\"@id\":\"https:\\\/\\\/yoga-sunyata.com\\\/yoga-muenchen\\\/#primaryimage\"},\"image\":{\"@id\":\"https:\\\/\\\/yoga-sunyata.com\\\/yoga-muenchen\\\/#primaryimage\"},\"thumbnailUrl\":\"https:\\\/\\\/yoga-sunyata.com\\\/wp-content\\\/uploads\\\/2023\\\/03\\\/Mangal_Yoga_28012023_3051.jpg\",\"datePublished\":\"2025-03-25T13:51:48+00:00\",\"dateModified\":\"2026-01-05T07:25:53+00:00\",\"description\":\"Erleben Sie Yoga in M\u00fcnchen f\u00fcr K\u00f6rper, Geist und Seele. Entdecken Sie vielseitige Yoga-Stilrichtungen, professionelle Anleitung und eine entspannte Atmosph\u00e4re. Buchen Sie jetzt Ihren Kurs!\",\"breadcrumb\":{\"@id\":\"https:\\\/\\\/yoga-sunyata.com\\\/yoga-muenchen\\\/#breadcrumb\"},\"inLanguage\":\"en-GB\",\"potentialAction\":[{\"@type\":\"ReadAction\",\"target\":[\"https:\\\/\\\/yoga-sunyata.com\\\/yoga-muenchen\\\/\"]}]},{\"@type\":\"ImageObject\",\"inLanguage\":\"en-GB\",\"@id\":\"https:\\\/\\\/yoga-sunyata.com\\\/yoga-muenchen\\\/#primaryimage\",\"url\":\"https:\\\/\\\/yoga-sunyata.com\\\/wp-content\\\/uploads\\\/2023\\\/03\\\/Mangal_Yoga_28012023_3051.jpg\",\"contentUrl\":\"https:\\\/\\\/yoga-sunyata.com\\\/wp-content\\\/uploads\\\/2023\\\/03\\\/Mangal_Yoga_28012023_3051.jpg\"},{\"@type\":\"BreadcrumbList\",\"@id\":\"https:\\\/\\\/yoga-sunyata.com\\\/yoga-muenchen\\\/#breadcrumb\",\"itemListElement\":[{\"@type\":\"ListItem\",\"position\":1,\"name\":\"Startseite\",\"item\":\"https:\\\/\\\/yoga-sunyata.com\\\/\"},{\"@type\":\"ListItem\",\"position\":2,\"name\":\"Yoga in M\u00fcnchen\"}]},{\"@type\":\"WebSite\",\"@id\":\"https:\\\/\\\/yoga-sunyata.com\\\/#website\",\"url\":\"https:\\\/\\\/yoga-sunyata.com\\\/\",\"name\":\"\",\"description\":\"\",\"potentialAction\":[{\"@type\":\"SearchAction\",\"target\":{\"@type\":\"EntryPoint\",\"urlTemplate\":\"https:\\\/\\\/yoga-sunyata.com\\\/?s={search_term_string}\"},\"query-input\":{\"@type\":\"PropertyValueSpecification\",\"valueRequired\":true,\"valueName\":\"search_term_string\"}}],\"inLanguage\":\"en-GB\"}]}<\/script>\n<!-- \/ Yoast SEO plugin. -->","yoast_head_json":{"title":"Yoga in M\u00fcnchen -","description":"Erleben Sie Yoga in M\u00fcnchen f\u00fcr K\u00f6rper, Geist und Seele. Entdecken Sie vielseitige Yoga-Stilrichtungen, professionelle Anleitung und eine entspannte Atmosph\u00e4re. Buchen Sie jetzt Ihren Kurs!","robots":{"index":"index","follow":"follow","max-snippet":"max-snippet:-1","max-image-preview":"max-image-preview:large","max-video-preview":"max-video-preview:-1"},"canonical":"https:\/\/yoga-sunyata.com\/en\/yoga-muenchen\/","og_locale":"en_GB","og_type":"article","og_title":"Yoga in M\u00fcnchen -","og_description":"Erleben Sie Yoga in M\u00fcnchen f\u00fcr K\u00f6rper, Geist und Seele. Entdecken Sie vielseitige Yoga-Stilrichtungen, professionelle Anleitung und eine entspannte Atmosph\u00e4re. Buchen Sie jetzt Ihren Kurs!","og_url":"https:\/\/yoga-sunyata.com\/en\/yoga-muenchen\/","article_modified_time":"2026-01-05T07:25:53+00:00","og_image":[{"width":375,"height":500,"url":"https:\/\/yoga-sunyata.com\/wp-content\/uploads\/2023\/03\/Mangal_Yoga_28012023_3051.jpg","type":"image\/jpeg"}],"twitter_card":"summary_large_image","twitter_misc":{"Estimated reading time":"3 minutes"},"schema":{"@context":"https:\/\/schema.org","@graph":[{"@type":"WebPage","@id":"https:\/\/yoga-sunyata.com\/yoga-muenchen\/","url":"https:\/\/yoga-sunyata.com\/yoga-muenchen\/","name":"Yoga in M\u00fcnchen -","isPartOf":{"@id":"https:\/\/yoga-sunyata.com\/#website"},"primaryImageOfPage":{"@id":"https:\/\/yoga-sunyata.com\/yoga-muenchen\/#primaryimage"},"image":{"@id":"https:\/\/yoga-sunyata.com\/yoga-muenchen\/#primaryimage"},"thumbnailUrl":"https:\/\/yoga-sunyata.com\/wp-content\/uploads\/2023\/03\/Mangal_Yoga_28012023_3051.jpg","datePublished":"2025-03-25T13:51:48+00:00","dateModified":"2026-01-05T07:25:53+00:00","description":"Erleben Sie Yoga in M\u00fcnchen f\u00fcr K\u00f6rper, Geist und Seele. Entdecken Sie vielseitige Yoga-Stilrichtungen, professionelle Anleitung und eine entspannte Atmosph\u00e4re. Buchen Sie jetzt Ihren Kurs!","breadcrumb":{"@id":"https:\/\/yoga-sunyata.com\/yoga-muenchen\/#breadcrumb"},"inLanguage":"en-GB","potentialAction":[{"@type":"ReadAction","target":["https:\/\/yoga-sunyata.com\/yoga-muenchen\/"]}]},{"@type":"ImageObject","inLanguage":"en-GB","@id":"https:\/\/yoga-sunyata.com\/yoga-muenchen\/#primaryimage","url":"https:\/\/yoga-sunyata.com\/wp-content\/uploads\/2023\/03\/Mangal_Yoga_28012023_3051.jpg","contentUrl":"https:\/\/yoga-sunyata.com\/wp-content\/uploads\/2023\/03\/Mangal_Yoga_28012023_3051.jpg"},{"@type":"BreadcrumbList","@id":"https:\/\/yoga-sunyata.com\/yoga-muenchen\/#breadcrumb","itemListElement":[{"@type":"ListItem","position":1,"name":"Startseite","item":"https:\/\/yoga-sunyata.com\/"},{"@type":"ListItem","position":2,"name":"Yoga in M\u00fcnchen"}]},{"@type":"WebSite","@id":"https:\/\/yoga-sunyata.com\/#website","url":"https:\/\/yoga-sunyata.com\/","name":"","description":"","potentialAction":[{"@type":"SearchAction","target":{"@type":"EntryPoint","urlTemplate":"https:\/\/yoga-sunyata.com\/?s={search_term_string}"},"query-input":{"@type":"PropertyValueSpecification","valueRequired":true,"valueName":"search_term_string"}}],"inLanguage":"en-GB"}]}},"_links":{"self":[{"href":"https:\/\/yoga-sunyata.com\/en\/wp-json\/wp\/v2\/pages\/927","targetHints":{"allow":["GET"]}}],"collection":[{"href":"https:\/\/yoga-sunyata.com\/en\/wp-json\/wp\/v2\/pages"}],"about":[{"href":"https:\/\/yoga-sunyata.com\/en\/wp-json\/wp\/v2\/types\/page"}],"author":[{"embeddable":true,"href":"https:\/\/yoga-sunyata.com\/en\/wp-json\/wp\/v2\/users\/2"}],"replies":[{"embeddable":true,"href":"https:\/\/yoga-sunyata.com\/en\/wp-json\/wp\/v2\/comments?post=927"}],"version-history":[{"count":68,"href":"https:\/\/yoga-sunyata.com\/en\/wp-json\/wp\/v2\/pages\/927\/revisions"}],"predecessor-version":[{"id":2179,"href":"https:\/\/yoga-sunyata.com\/en\/wp-json\/wp\/v2\/pages\/927\/revisions\/2179"}],"wp:attachment":[{"href":"https:\/\/yoga-sunyata.com\/en\/wp-json\/wp\/v2\/media?parent=927"}],"curies":[{"name":"wp","href":"https:\/\/api.w.org\/{rel}","templated":true}]}}