{"id":429,"date":"2025-02-26T16:16:54","date_gmt":"2025-02-26T16:16:54","guid":{"rendered":"http:\/\/localhost:8888\/yoga-sunyata\/?page_id=429"},"modified":"2026-01-13T10:34:04","modified_gmt":"2026-01-13T10:34:04","slug":"ayurvedischer-kochkurs-in-muenchen","status":"publish","type":"page","link":"https:\/\/yoga-sunyata.com\/en\/ayurvedischer-kochkurs-in-muenchen\/","title":{"rendered":"Ayurvedischer Kochkurs in M\u00fcnchen"},"content":{"rendered":"<div data-elementor-type=\"wp-page\" data-elementor-id=\"429\" class=\"elementor elementor-429\">\n\t\t\t\t<div class=\"elementor-element elementor-element-73b496e1 e-con-full e-flex e-con e-parent\" data-id=\"73b496e1\" data-element_type=\"container\" data-e-type=\"container\" id=\"parallax\" data-settings=\"{&quot;background_background&quot;:&quot;classic&quot;}\">\n\t\t<div class=\"elementor-element elementor-element-2885d3f3 e-con-full e-flex e-con e-child\" data-id=\"2885d3f3\" data-element_type=\"container\" data-e-type=\"container\">\n\t\t\t\t<div class=\"elementor-element elementor-element-538e96f2 elementor-widget elementor-widget-heading\" data-id=\"538e96f2\" data-element_type=\"widget\" data-e-type=\"widget\" data-widget_type=\"heading.default\">\n\t\t\t\t<div class=\"elementor-widget-container\">\n\t\t\t\t\t<h1 class=\"elementor-heading-title elementor-size-default\">Ayurvedischer Kochkurs in M\u00fcnchen<\/h1>\t\t\t\t<\/div>\n\t\t\t\t<\/div>\n\t\t\t\t<div class=\"elementor-element elementor-element-6cb4e63e elementor-widget elementor-widget-text-editor\" data-id=\"6cb4e63e\" data-element_type=\"widget\" data-e-type=\"widget\" data-widget_type=\"text-editor.default\">\n\t\t\t\t<div class=\"elementor-widget-container\">\n\t\t\t\t\t\t\t\t\t<p data-start=\"90\" data-end=\"415\">More and more people worldwide are becoming interested in Ayurveda, and many still believe that it requires daily Indian food and its preparation to follow an Ayurvedic diet. The magic word here is \"Desha,\" a Sanskrit term that simply means: returning to one's roots.<\/p><p data-start=\"417\" data-end=\"877\">Ayurveda implies cooking with spices and foods that are native to the country where you live, as this promotes sustainability and seasonality. Additionally, our intestines are accustomed to local products, and they struggle when asked to digest unfamiliar spices and foods.<\/p><p data-start=\"417\" data-end=\"877\">In meinen ayurvedischen Kochkurs zeige ich meinen Kunden in fr\u00f6hlicher Atmosph\u00e4re, wie leicht sich Ayurveda in der eigenen K\u00fcche integrieren l\u00e4sst.<\/p>\t\t\t\t\t\t\t\t<\/div>\n\t\t\t\t<\/div>\n\t\t\t\t<\/div>\n\t\t<div class=\"elementor-element elementor-element-d7eca61 e-con-full e-flex e-con e-child\" data-id=\"d7eca61\" data-element_type=\"container\" data-e-type=\"container\">\n\t\t\t\t<div class=\"elementor-element elementor-element-2f06f420 elementor-widget elementor-widget-image\" data-id=\"2f06f420\" data-element_type=\"widget\" data-e-type=\"widget\" data-widget_type=\"image.default\">\n\t\t\t\t<div class=\"elementor-widget-container\">\n\t\t\t\t\t\t\t\t\t\t\t\t\t\t\t<img fetchpriority=\"high\" decoding=\"async\" width=\"1200\" height=\"1600\" src=\"https:\/\/yoga-sunyata.com\/wp-content\/uploads\/2025\/03\/ayurveda_vortrag_2.jpeg\" class=\"attachment-full size-full wp-image-653\" alt=\"\" srcset=\"https:\/\/yoga-sunyata.com\/wp-content\/uploads\/2025\/03\/ayurveda_vortrag_2.jpeg 1200w, https:\/\/yoga-sunyata.com\/wp-content\/uploads\/2025\/03\/ayurveda_vortrag_2-225x300.jpeg 225w, https:\/\/yoga-sunyata.com\/wp-content\/uploads\/2025\/03\/ayurveda_vortrag_2-768x1024.jpeg 768w, https:\/\/yoga-sunyata.com\/wp-content\/uploads\/2025\/03\/ayurveda_vortrag_2-1152x1536.jpeg 1152w, https:\/\/yoga-sunyata.com\/wp-content\/uploads\/2025\/03\/ayurveda_vortrag_2-1000x1333.jpeg 1000w, https:\/\/yoga-sunyata.com\/wp-content\/uploads\/2025\/03\/ayurveda_vortrag_2-230x307.jpeg 230w, https:\/\/yoga-sunyata.com\/wp-content\/uploads\/2025\/03\/ayurveda_vortrag_2-350x467.jpeg 350w, https:\/\/yoga-sunyata.com\/wp-content\/uploads\/2025\/03\/ayurveda_vortrag_2-480x640.jpeg 480w\" sizes=\"(max-width: 1200px) 100vw, 1200px\" \/>\t\t\t\t\t\t\t\t\t\t\t\t\t\t\t<\/div>\n\t\t\t\t<\/div>\n\t\t\t\t<\/div>\n\t\t\t\t<\/div>\n\t\t<div class=\"elementor-element elementor-element-21973c7 e-flex e-con-boxed e-con e-parent\" data-id=\"21973c7\" data-element_type=\"container\" data-e-type=\"container\" data-settings=\"{&quot;background_background&quot;:&quot;classic&quot;}\">\n\t\t\t\t\t<div class=\"e-con-inner\">\n\t\t\t\t<div class=\"elementor-element elementor-element-357b0c0 elementor-widget elementor-widget-heading\" data-id=\"357b0c0\" data-element_type=\"widget\" data-e-type=\"widget\" data-widget_type=\"heading.default\">\n\t\t\t\t<div class=\"elementor-widget-container\">\n\t\t\t\t\t<h2 class=\"elementor-heading-title elementor-size-default\">My cooking classes include:<\/h2>\t\t\t\t<\/div>\n\t\t\t\t<\/div>\n\t\t\t\t<div class=\"elementor-element elementor-element-eb36c30 elementor-widget elementor-widget-text-editor\" data-id=\"eb36c30\" data-element_type=\"widget\" data-e-type=\"widget\" data-widget_type=\"text-editor.default\">\n\t\t\t\t<div class=\"elementor-widget-container\">\n\t\t\t\t\t\t\t\t\t<p>Ayurvedic cooking classes for companies and individuals<br \/>Introduction to the fundamental principles of Ayurveda<br \/>Ayurvedic dietary practices<br \/>Cooking with Ayurvedic ingredients<br \/>Integration of Ayurvedic practices into everyday life<\/p>\t\t\t\t\t\t\t\t<\/div>\n\t\t\t\t<\/div>\n\t\t\t\t\t<\/div>\n\t\t\t\t<\/div>\n\t\t<div class=\"elementor-element elementor-element-880b3df e-flex e-con-boxed e-con e-parent\" data-id=\"880b3df\" data-element_type=\"container\" data-e-type=\"container\">\n\t\t\t\t\t<div class=\"e-con-inner\">\n\t\t\t\t<div class=\"elementor-element elementor-element-efb6e58 elementor-widget elementor-widget-heading\" data-id=\"efb6e58\" data-element_type=\"widget\" data-e-type=\"widget\" data-widget_type=\"heading.default\">\n\t\t\t\t<div class=\"elementor-widget-container\">\n\t\t\t\t\t<h2 class=\"elementor-heading-title elementor-size-default\">Cooking, enjoying, and experiencing together \u2013 Ayurveda with all senses<\/h2>\t\t\t\t<\/div>\n\t\t\t\t<\/div>\n\t\t\t\t\t<\/div>\n\t\t\t\t<\/div>\n\t\t<div class=\"elementor-element elementor-element-d7ef475 e-flex e-con-boxed e-con e-parent\" data-id=\"d7ef475\" data-element_type=\"container\" data-e-type=\"container\">\n\t\t\t\t\t<div class=\"e-con-inner\">\n\t\t\t\t<div class=\"elementor-element elementor-element-e7be7f5 elementor-arrows-position-inside elementor-pagination-position-outside elementor-widget elementor-widget-image-carousel\" data-id=\"e7be7f5\" data-element_type=\"widget\" data-e-type=\"widget\" data-settings=\"{&quot;image_spacing_custom&quot;:{&quot;unit&quot;:&quot;px&quot;,&quot;size&quot;:10,&quot;sizes&quot;:[]},&quot;navigation&quot;:&quot;both&quot;,&quot;autoplay&quot;:&quot;yes&quot;,&quot;pause_on_hover&quot;:&quot;yes&quot;,&quot;pause_on_interaction&quot;:&quot;yes&quot;,&quot;autoplay_speed&quot;:5000,&quot;infinite&quot;:&quot;yes&quot;,&quot;speed&quot;:500,&quot;image_spacing_custom_tablet&quot;:{&quot;unit&quot;:&quot;px&quot;,&quot;size&quot;:&quot;&quot;,&quot;sizes&quot;:[]},&quot;image_spacing_custom_mobile&quot;:{&quot;unit&quot;:&quot;px&quot;,&quot;size&quot;:&quot;&quot;,&quot;sizes&quot;:[]}}\" data-widget_type=\"image-carousel.default\">\n\t\t\t\t<div class=\"elementor-widget-container\">\n\t\t\t\t\t\t\t<div class=\"elementor-image-carousel-wrapper swiper\" role=\"region\" aria-roledescription=\"carousel\" aria-label=\"Image carousel\" dir=\"ltr\">\n\t\t\t<div class=\"elementor-image-carousel swiper-wrapper\" aria-live=\"off\">\n\t\t\t\t\t\t\t\t<div class=\"swiper-slide\" role=\"group\" aria-roledescription=\"slide\" aria-label=\"1 out of 5\"><figure class=\"swiper-slide-inner\"><img decoding=\"async\" class=\"swiper-slide-image\" src=\"https:\/\/yoga-sunyata.com\/wp-content\/uploads\/2025\/03\/kochkurs_slider_1.jpg\" alt=\"kochkurs_slider_1\" \/><\/figure><\/div><div class=\"swiper-slide\" role=\"group\" aria-roledescription=\"slide\" aria-label=\"2 out of 5\"><figure class=\"swiper-slide-inner\"><img decoding=\"async\" class=\"swiper-slide-image\" src=\"https:\/\/yoga-sunyata.com\/wp-content\/uploads\/2025\/03\/kochkurs_slider_2.jpg\" alt=\"kochkurs_slider_2\" \/><\/figure><\/div><div class=\"swiper-slide\" role=\"group\" aria-roledescription=\"slide\" aria-label=\"3 out of 5\"><figure class=\"swiper-slide-inner\"><img decoding=\"async\" class=\"swiper-slide-image\" src=\"https:\/\/yoga-sunyata.com\/wp-content\/uploads\/2025\/03\/kochkurs_slider_4.jpg\" alt=\"kochkurs_slider_4\" \/><\/figure><\/div><div class=\"swiper-slide\" role=\"group\" aria-roledescription=\"slide\" aria-label=\"4  out of 5\"><figure class=\"swiper-slide-inner\"><img decoding=\"async\" class=\"swiper-slide-image\" src=\"https:\/\/yoga-sunyata.com\/wp-content\/uploads\/2025\/03\/kochkurs_slider_5.jpg\" alt=\"kochkurs_slider_5\" \/><\/figure><\/div><div class=\"swiper-slide\" role=\"group\" aria-roledescription=\"slide\" aria-label=\"5 out of 5\"><figure class=\"swiper-slide-inner\"><img decoding=\"async\" class=\"swiper-slide-image\" src=\"https:\/\/yoga-sunyata.com\/wp-content\/uploads\/2025\/03\/kochkurs_slider_3.jpg\" alt=\"kochkurs_slider_3\" \/><\/figure><\/div>\t\t\t<\/div>\n\t\t\t\t\t\t\t\t\t\t\t\t<div class=\"elementor-swiper-button elementor-swiper-button-prev\" role=\"button\" tabindex=\"0\">\n\t\t\t\t\t\t<svg aria-hidden=\"true\" class=\"e-font-icon-svg e-eicon-chevron-left\" viewbox=\"0 0 1000 1000\" xmlns=\"http:\/\/www.w3.org\/2000\/svg\"><path d=\"M646 125C629 125 613 133 604 142L308 442C296 454 292 471 292 487 292 504 296 521 308 533L604 854C617 867 629 875 646 875 663 875 679 871 692 858 704 846 713 829 713 812 713 796 708 779 692 767L438 487 692 225C700 217 708 204 708 187 708 171 704 154 692 142 675 129 663 125 646 125Z\"><\/path><\/svg>\t\t\t\t\t<\/div>\n\t\t\t\t\t<div class=\"elementor-swiper-button elementor-swiper-button-next\" role=\"button\" tabindex=\"0\">\n\t\t\t\t\t\t<svg aria-hidden=\"true\" class=\"e-font-icon-svg e-eicon-chevron-right\" viewbox=\"0 0 1000 1000\" xmlns=\"http:\/\/www.w3.org\/2000\/svg\"><path d=\"M696 533C708 521 713 504 713 487 713 471 708 454 696 446L400 146C388 133 375 125 354 125 338 125 325 129 313 142 300 154 292 171 292 187 292 204 296 221 308 233L563 492 304 771C292 783 288 800 288 817 288 833 296 850 308 863 321 871 338 875 354 875 371 875 388 867 400 854L696 533Z\"><\/path><\/svg>\t\t\t\t\t<\/div>\n\t\t\t\t\n\t\t\t\t\t\t\t\t\t<div class=\"swiper-pagination\"><\/div>\n\t\t\t\t\t\t\t\t\t<\/div>\n\t\t\t\t\t\t<\/div>\n\t\t\t\t<\/div>\n\t\t\t\t\t<\/div>\n\t\t\t\t<\/div>\n\t\t<div class=\"elementor-element elementor-element-74aee45d e-flex e-con-boxed e-con e-parent\" data-id=\"74aee45d\" data-element_type=\"container\" data-e-type=\"container\" data-settings=\"{&quot;background_background&quot;:&quot;classic&quot;}\">\n\t\t\t\t\t<div class=\"e-con-inner\">\n\t\t\t\t<div class=\"elementor-element elementor-element-135ca9fc elementor-widget elementor-widget-heading\" data-id=\"135ca9fc\" data-element_type=\"widget\" data-e-type=\"widget\" data-widget_type=\"heading.default\">\n\t\t\t\t<div class=\"elementor-widget-container\">\n\t\t\t\t\t<h2 class=\"elementor-heading-title elementor-size-default\">Buchen Sie einen Ayurveda Kochkurs<\/h2>\t\t\t\t<\/div>\n\t\t\t\t<\/div>\n\t\t\t\t<div class=\"elementor-element elementor-element-128ca8b6 elementor-widget elementor-widget-text-editor\" data-id=\"128ca8b6\" data-element_type=\"widget\" data-e-type=\"widget\" data-widget_type=\"text-editor.default\">\n\t\t\t\t<div class=\"elementor-widget-container\">\n\t\t\t\t\t\t\t\t\t<p>The Ayurvedic cooking classes are offered in group courses, as corporate events, or for private occasions with a maximum of 15 participants.<\/p><p><strong>Prices upon request, depending on:<\/strong><br \/>Your preferences for the course structure<br \/>Requirements at the location<br \/>Number of participants<\/p>\t\t\t\t\t\t\t\t<\/div>\n\t\t\t\t<\/div>\n\t\t\t\t<div class=\"elementor-element elementor-element-64beb80e elementor-mobile-align-center elementor-align-center elementor-widget elementor-widget-button\" data-id=\"64beb80e\" data-element_type=\"widget\" data-e-type=\"widget\" data-widget_type=\"button.default\">\n\t\t\t\t<div class=\"elementor-widget-container\">\n\t\t\t\t\t\t\t\t\t<div class=\"elementor-button-wrapper\">\n\t\t\t\t\t<a class=\"elementor-button elementor-button-link elementor-size-sm\" href=\"https:\/\/yoga-sunyata.com\/en\/kontakt\/\">\n\t\t\t\t\t\t<span class=\"elementor-button-content-wrapper\">\n\t\t\t\t\t\t\t\t\t<span class=\"elementor-button-text\">Contact<\/span>\n\t\t\t\t\t<\/span>\n\t\t\t\t\t<\/a>\n\t\t\t\t<\/div>\n\t\t\t\t\t\t\t\t<\/div>\n\t\t\t\t<\/div>\n\t\t\t\t\t<\/div>\n\t\t\t\t<\/div>\n\t\t\t\t<\/div>","protected":false},"excerpt":{"rendered":"<p>Ayurvedischer Kochkurs in M\u00fcnchen Immer mehr Menschen interessieren sich weltweit f\u00fcr Ayurveda, und viele denken immer noch, dass es t\u00e4glich indisches Essen [&hellip;]<\/p>","protected":false},"author":2,"featured_media":0,"parent":0,"menu_order":0,"comment_status":"closed","ping_status":"closed","template":"","meta":{"footnotes":""},"class_list":["post-429","page","type-page","status-publish","hentry"],"yoast_head":"<!-- This site is optimized with the Yoast SEO plugin v27.4 - https:\/\/yoast.com\/product\/yoast-seo-wordpress\/ -->\n<title>Ayurvedischer Kochkurs in M\u00fcnchen<\/title>\n<meta name=\"description\" content=\"Entdecken Sie unseren ayurvedischen Kochkurs in M\u00fcnchen und lernen Sie, wie Sie gesund, saisonal und nachhaltig kochen k\u00f6nnen!\" \/>\n<meta name=\"robots\" content=\"index, follow, max-snippet:-1, max-image-preview:large, max-video-preview:-1\" \/>\n<link rel=\"canonical\" href=\"https:\/\/yoga-sunyata.com\/en\/ayurvedischer-kochkurs-in-muenchen\/\" \/>\n<meta property=\"og:locale\" content=\"en_GB\" \/>\n<meta property=\"og:type\" content=\"article\" \/>\n<meta property=\"og:title\" content=\"Ayurvedischer Kochkurs in M\u00fcnchen\" \/>\n<meta property=\"og:description\" content=\"Entdecken Sie unseren ayurvedischen Kochkurs in M\u00fcnchen und lernen Sie, wie Sie gesund, saisonal und nachhaltig kochen k\u00f6nnen!\" \/>\n<meta property=\"og:url\" content=\"https:\/\/yoga-sunyata.com\/en\/ayurvedischer-kochkurs-in-muenchen\/\" \/>\n<meta property=\"article:modified_time\" content=\"2026-01-13T10:34:04+00:00\" \/>\n<meta property=\"og:image\" content=\"https:\/\/yoga-sunyata.com\/wp-content\/uploads\/2025\/03\/ayurveda_vortrag_2.jpeg\" \/>\n\t<meta property=\"og:image:width\" content=\"1200\" \/>\n\t<meta property=\"og:image:height\" content=\"1600\" \/>\n\t<meta property=\"og:image:type\" content=\"image\/jpeg\" \/>\n<meta name=\"twitter:card\" content=\"summary_large_image\" \/>\n<meta name=\"twitter:label1\" content=\"Estimated reading time\" \/>\n\t<meta name=\"twitter:data1\" content=\"4 minutes\" \/>\n<script type=\"application\/ld+json\" class=\"yoast-schema-graph\">{\"@context\":\"https:\\\/\\\/schema.org\",\"@graph\":[{\"@type\":\"WebPage\",\"@id\":\"https:\\\/\\\/yoga-sunyata.com\\\/ayurvedischer-kochkurs-in-muenchen\\\/\",\"url\":\"https:\\\/\\\/yoga-sunyata.com\\\/ayurvedischer-kochkurs-in-muenchen\\\/\",\"name\":\"Ayurvedischer Kochkurs in M\u00fcnchen\",\"isPartOf\":{\"@id\":\"https:\\\/\\\/yoga-sunyata.com\\\/#website\"},\"primaryImageOfPage\":{\"@id\":\"https:\\\/\\\/yoga-sunyata.com\\\/ayurvedischer-kochkurs-in-muenchen\\\/#primaryimage\"},\"image\":{\"@id\":\"https:\\\/\\\/yoga-sunyata.com\\\/ayurvedischer-kochkurs-in-muenchen\\\/#primaryimage\"},\"thumbnailUrl\":\"https:\\\/\\\/yoga-sunyata.com\\\/wp-content\\\/uploads\\\/2025\\\/03\\\/ayurveda_vortrag_2.jpeg\",\"datePublished\":\"2025-02-26T16:16:54+00:00\",\"dateModified\":\"2026-01-13T10:34:04+00:00\",\"description\":\"Entdecken Sie unseren ayurvedischen Kochkurs in M\u00fcnchen und lernen Sie, wie Sie gesund, saisonal und nachhaltig kochen k\u00f6nnen!\",\"breadcrumb\":{\"@id\":\"https:\\\/\\\/yoga-sunyata.com\\\/ayurvedischer-kochkurs-in-muenchen\\\/#breadcrumb\"},\"inLanguage\":\"en-GB\",\"potentialAction\":[{\"@type\":\"ReadAction\",\"target\":[\"https:\\\/\\\/yoga-sunyata.com\\\/ayurvedischer-kochkurs-in-muenchen\\\/\"]}]},{\"@type\":\"ImageObject\",\"inLanguage\":\"en-GB\",\"@id\":\"https:\\\/\\\/yoga-sunyata.com\\\/ayurvedischer-kochkurs-in-muenchen\\\/#primaryimage\",\"url\":\"https:\\\/\\\/yoga-sunyata.com\\\/wp-content\\\/uploads\\\/2025\\\/03\\\/ayurveda_vortrag_2.jpeg\",\"contentUrl\":\"https:\\\/\\\/yoga-sunyata.com\\\/wp-content\\\/uploads\\\/2025\\\/03\\\/ayurveda_vortrag_2.jpeg\"},{\"@type\":\"BreadcrumbList\",\"@id\":\"https:\\\/\\\/yoga-sunyata.com\\\/ayurvedischer-kochkurs-in-muenchen\\\/#breadcrumb\",\"itemListElement\":[{\"@type\":\"ListItem\",\"position\":1,\"name\":\"Startseite\",\"item\":\"https:\\\/\\\/yoga-sunyata.com\\\/\"},{\"@type\":\"ListItem\",\"position\":2,\"name\":\"Ayurvedischer Kochkurs in M\u00fcnchen\"}]},{\"@type\":\"WebSite\",\"@id\":\"https:\\\/\\\/yoga-sunyata.com\\\/#website\",\"url\":\"https:\\\/\\\/yoga-sunyata.com\\\/\",\"name\":\"\",\"description\":\"\",\"potentialAction\":[{\"@type\":\"SearchAction\",\"target\":{\"@type\":\"EntryPoint\",\"urlTemplate\":\"https:\\\/\\\/yoga-sunyata.com\\\/?s={search_term_string}\"},\"query-input\":{\"@type\":\"PropertyValueSpecification\",\"valueRequired\":true,\"valueName\":\"search_term_string\"}}],\"inLanguage\":\"en-GB\"}]}<\/script>\n<!-- \/ Yoast SEO plugin. -->","yoast_head_json":{"title":"Ayurvedischer Kochkurs in M\u00fcnchen","description":"Entdecken Sie unseren ayurvedischen Kochkurs in M\u00fcnchen und lernen Sie, wie Sie gesund, saisonal und nachhaltig kochen k\u00f6nnen!","robots":{"index":"index","follow":"follow","max-snippet":"max-snippet:-1","max-image-preview":"max-image-preview:large","max-video-preview":"max-video-preview:-1"},"canonical":"https:\/\/yoga-sunyata.com\/en\/ayurvedischer-kochkurs-in-muenchen\/","og_locale":"en_GB","og_type":"article","og_title":"Ayurvedischer Kochkurs in M\u00fcnchen","og_description":"Entdecken Sie unseren ayurvedischen Kochkurs in M\u00fcnchen und lernen Sie, wie Sie gesund, saisonal und nachhaltig kochen k\u00f6nnen!","og_url":"https:\/\/yoga-sunyata.com\/en\/ayurvedischer-kochkurs-in-muenchen\/","article_modified_time":"2026-01-13T10:34:04+00:00","og_image":[{"width":1200,"height":1600,"url":"https:\/\/yoga-sunyata.com\/wp-content\/uploads\/2025\/03\/ayurveda_vortrag_2.jpeg","type":"image\/jpeg"}],"twitter_card":"summary_large_image","twitter_misc":{"Estimated reading time":"4 minutes"},"schema":{"@context":"https:\/\/schema.org","@graph":[{"@type":"WebPage","@id":"https:\/\/yoga-sunyata.com\/ayurvedischer-kochkurs-in-muenchen\/","url":"https:\/\/yoga-sunyata.com\/ayurvedischer-kochkurs-in-muenchen\/","name":"Ayurvedischer Kochkurs in M\u00fcnchen","isPartOf":{"@id":"https:\/\/yoga-sunyata.com\/#website"},"primaryImageOfPage":{"@id":"https:\/\/yoga-sunyata.com\/ayurvedischer-kochkurs-in-muenchen\/#primaryimage"},"image":{"@id":"https:\/\/yoga-sunyata.com\/ayurvedischer-kochkurs-in-muenchen\/#primaryimage"},"thumbnailUrl":"https:\/\/yoga-sunyata.com\/wp-content\/uploads\/2025\/03\/ayurveda_vortrag_2.jpeg","datePublished":"2025-02-26T16:16:54+00:00","dateModified":"2026-01-13T10:34:04+00:00","description":"Entdecken Sie unseren ayurvedischen Kochkurs in M\u00fcnchen und lernen Sie, wie Sie gesund, saisonal und nachhaltig kochen k\u00f6nnen!","breadcrumb":{"@id":"https:\/\/yoga-sunyata.com\/ayurvedischer-kochkurs-in-muenchen\/#breadcrumb"},"inLanguage":"en-GB","potentialAction":[{"@type":"ReadAction","target":["https:\/\/yoga-sunyata.com\/ayurvedischer-kochkurs-in-muenchen\/"]}]},{"@type":"ImageObject","inLanguage":"en-GB","@id":"https:\/\/yoga-sunyata.com\/ayurvedischer-kochkurs-in-muenchen\/#primaryimage","url":"https:\/\/yoga-sunyata.com\/wp-content\/uploads\/2025\/03\/ayurveda_vortrag_2.jpeg","contentUrl":"https:\/\/yoga-sunyata.com\/wp-content\/uploads\/2025\/03\/ayurveda_vortrag_2.jpeg"},{"@type":"BreadcrumbList","@id":"https:\/\/yoga-sunyata.com\/ayurvedischer-kochkurs-in-muenchen\/#breadcrumb","itemListElement":[{"@type":"ListItem","position":1,"name":"Startseite","item":"https:\/\/yoga-sunyata.com\/"},{"@type":"ListItem","position":2,"name":"Ayurvedischer Kochkurs in M\u00fcnchen"}]},{"@type":"WebSite","@id":"https:\/\/yoga-sunyata.com\/#website","url":"https:\/\/yoga-sunyata.com\/","name":"","description":"","potentialAction":[{"@type":"SearchAction","target":{"@type":"EntryPoint","urlTemplate":"https:\/\/yoga-sunyata.com\/?s={search_term_string}"},"query-input":{"@type":"PropertyValueSpecification","valueRequired":true,"valueName":"search_term_string"}}],"inLanguage":"en-GB"}]}},"_links":{"self":[{"href":"https:\/\/yoga-sunyata.com\/en\/wp-json\/wp\/v2\/pages\/429","targetHints":{"allow":["GET"]}}],"collection":[{"href":"https:\/\/yoga-sunyata.com\/en\/wp-json\/wp\/v2\/pages"}],"about":[{"href":"https:\/\/yoga-sunyata.com\/en\/wp-json\/wp\/v2\/types\/page"}],"author":[{"embeddable":true,"href":"https:\/\/yoga-sunyata.com\/en\/wp-json\/wp\/v2\/users\/2"}],"replies":[{"embeddable":true,"href":"https:\/\/yoga-sunyata.com\/en\/wp-json\/wp\/v2\/comments?post=429"}],"version-history":[{"count":93,"href":"https:\/\/yoga-sunyata.com\/en\/wp-json\/wp\/v2\/pages\/429\/revisions"}],"predecessor-version":[{"id":2220,"href":"https:\/\/yoga-sunyata.com\/en\/wp-json\/wp\/v2\/pages\/429\/revisions\/2220"}],"wp:attachment":[{"href":"https:\/\/yoga-sunyata.com\/en\/wp-json\/wp\/v2\/media?parent=429"}],"curies":[{"name":"wp","href":"https:\/\/api.w.org\/{rel}","templated":true}]}}