{"id":422,"date":"2025-02-26T16:07:37","date_gmt":"2025-02-26T16:07:37","guid":{"rendered":"http:\/\/localhost:8888\/yoga-sunyata\/?page_id=422"},"modified":"2026-01-05T07:03:51","modified_gmt":"2026-01-05T07:03:51","slug":"ayurveda-vortrag","status":"publish","type":"page","link":"https:\/\/yoga-sunyata.com\/en\/ayurveda-vortrag\/","title":{"rendered":"Ayurvedic lecture \u2013 Inspiration &amp; exercises"},"content":{"rendered":"<div data-elementor-type=\"wp-page\" data-elementor-id=\"422\" class=\"elementor elementor-422\">\n\t\t\t\t<div class=\"elementor-element elementor-element-358ed5cb e-con-full e-flex e-con e-parent\" data-id=\"358ed5cb\" data-element_type=\"container\" data-e-type=\"container\" id=\"parallax\" data-settings=\"{&quot;background_background&quot;:&quot;classic&quot;}\">\n\t\t<div class=\"elementor-element elementor-element-6620b543 e-con-full e-flex e-con e-child\" data-id=\"6620b543\" data-element_type=\"container\" data-e-type=\"container\">\n\t\t\t\t<div class=\"elementor-element elementor-element-18a993f3 elementor-widget elementor-widget-heading\" data-id=\"18a993f3\" data-element_type=\"widget\" data-e-type=\"widget\" data-widget_type=\"heading.default\">\n\t\t\t\t<div class=\"elementor-widget-container\">\n\t\t\t\t\t<h1 class=\"elementor-heading-title elementor-size-default\">Ayurveda lecture<\/h1>\t\t\t\t<\/div>\n\t\t\t\t<\/div>\n\t\t\t\t<div class=\"elementor-element elementor-element-5129c2f9 elementor-widget elementor-widget-text-editor\" data-id=\"5129c2f9\" data-element_type=\"widget\" data-e-type=\"widget\" data-widget_type=\"text-editor.default\">\n\t\t\t\t<div class=\"elementor-widget-container\">\n\t\t\t\t\t\t\t\t\t<p>An Ayurvedic lecture offers you practical and inspiring insights into the world of Ayurveda.\u00a0<\/p><div><p data-start=\"158\" data-end=\"381\">In addition to insightful and inspiring insights into the world of Ayurveda and practical exercises, I treat my participants during the lecture break to small Ayurvedic delicacies and refreshing drinks.<\/p><p data-start=\"383\" data-end=\"583\">At the end of each lecture, you will have come a little closer to yourself and also gain the wonderful insight that Ayurveda can be easily implemented in the kitchen.<\/p><\/div>\t\t\t\t\t\t\t\t<\/div>\n\t\t\t\t<\/div>\n\t\t\t\t<\/div>\n\t\t<div class=\"elementor-element elementor-element-3617c041 e-con-full e-flex e-con e-child\" data-id=\"3617c041\" data-element_type=\"container\" data-e-type=\"container\">\n\t\t\t\t<div class=\"elementor-element elementor-element-5792696b elementor-widget elementor-widget-image\" data-id=\"5792696b\" data-element_type=\"widget\" data-e-type=\"widget\" data-widget_type=\"image.default\">\n\t\t\t\t<div class=\"elementor-widget-container\">\n\t\t\t\t\t\t\t\t\t\t\t\t\t\t\t<img fetchpriority=\"high\" decoding=\"async\" width=\"1200\" height=\"1600\" src=\"https:\/\/yoga-sunyata.com\/wp-content\/uploads\/2025\/03\/ayurveda_vortrag_2.jpeg\" class=\"attachment-full size-full wp-image-653\" alt=\"\" srcset=\"https:\/\/yoga-sunyata.com\/wp-content\/uploads\/2025\/03\/ayurveda_vortrag_2.jpeg 1200w, https:\/\/yoga-sunyata.com\/wp-content\/uploads\/2025\/03\/ayurveda_vortrag_2-225x300.jpeg 225w, https:\/\/yoga-sunyata.com\/wp-content\/uploads\/2025\/03\/ayurveda_vortrag_2-768x1024.jpeg 768w, https:\/\/yoga-sunyata.com\/wp-content\/uploads\/2025\/03\/ayurveda_vortrag_2-1152x1536.jpeg 1152w, https:\/\/yoga-sunyata.com\/wp-content\/uploads\/2025\/03\/ayurveda_vortrag_2-1000x1333.jpeg 1000w, https:\/\/yoga-sunyata.com\/wp-content\/uploads\/2025\/03\/ayurveda_vortrag_2-230x307.jpeg 230w, https:\/\/yoga-sunyata.com\/wp-content\/uploads\/2025\/03\/ayurveda_vortrag_2-350x467.jpeg 350w, https:\/\/yoga-sunyata.com\/wp-content\/uploads\/2025\/03\/ayurveda_vortrag_2-480x640.jpeg 480w\" sizes=\"(max-width: 1200px) 100vw, 1200px\" \/>\t\t\t\t\t\t\t\t\t\t\t\t\t\t\t<\/div>\n\t\t\t\t<\/div>\n\t\t\t\t<\/div>\n\t\t\t\t<\/div>\n\t\t<div class=\"elementor-element elementor-element-24e5663c e-con-full e-flex e-con e-parent\" data-id=\"24e5663c\" data-element_type=\"container\" data-e-type=\"container\" data-settings=\"{&quot;background_background&quot;:&quot;classic&quot;}\">\n\t\t\t\t<div class=\"elementor-element elementor-element-47c175c5 elementor-widget elementor-widget-heading\" data-id=\"47c175c5\" data-element_type=\"widget\" data-e-type=\"widget\" data-widget_type=\"heading.default\">\n\t\t\t\t<div class=\"elementor-widget-container\">\n\t\t\t\t\t<p class=\"elementor-heading-title elementor-size-default\">Experience Ayurveda \u2013 Knowledge, enjoyment, and inspiration for your well-being<\/p>\t\t\t\t<\/div>\n\t\t\t\t<\/div>\n\t\t\t\t<\/div>\n\t\t<div class=\"elementor-element elementor-element-589785a9 e-flex e-con-boxed e-con e-parent\" data-id=\"589785a9\" data-element_type=\"container\" data-e-type=\"container\">\n\t\t\t\t\t<div class=\"e-con-inner\">\n\t\t<div class=\"elementor-element elementor-element-479b1941 e-con-full e-flex e-con e-child\" data-id=\"479b1941\" data-element_type=\"container\" data-e-type=\"container\">\n\t\t\t\t<div class=\"elementor-element elementor-element-5424285d elementor-widget elementor-widget-image\" data-id=\"5424285d\" data-element_type=\"widget\" data-e-type=\"widget\" data-widget_type=\"image.default\">\n\t\t\t\t<div class=\"elementor-widget-container\">\n\t\t\t\t\t\t\t\t\t\t\t\t\t\t\t<img decoding=\"async\" width=\"1200\" height=\"1600\" src=\"https:\/\/yoga-sunyata.com\/wp-content\/uploads\/2025\/03\/ayurveda_vortrag_1.jpeg\" class=\"attachment-full size-full wp-image-654\" alt=\"\" srcset=\"https:\/\/yoga-sunyata.com\/wp-content\/uploads\/2025\/03\/ayurveda_vortrag_1.jpeg 1200w, https:\/\/yoga-sunyata.com\/wp-content\/uploads\/2025\/03\/ayurveda_vortrag_1-225x300.jpeg 225w, https:\/\/yoga-sunyata.com\/wp-content\/uploads\/2025\/03\/ayurveda_vortrag_1-768x1024.jpeg 768w, https:\/\/yoga-sunyata.com\/wp-content\/uploads\/2025\/03\/ayurveda_vortrag_1-1152x1536.jpeg 1152w, https:\/\/yoga-sunyata.com\/wp-content\/uploads\/2025\/03\/ayurveda_vortrag_1-1000x1333.jpeg 1000w, https:\/\/yoga-sunyata.com\/wp-content\/uploads\/2025\/03\/ayurveda_vortrag_1-230x307.jpeg 230w, https:\/\/yoga-sunyata.com\/wp-content\/uploads\/2025\/03\/ayurveda_vortrag_1-350x467.jpeg 350w, https:\/\/yoga-sunyata.com\/wp-content\/uploads\/2025\/03\/ayurveda_vortrag_1-480x640.jpeg 480w\" sizes=\"(max-width: 1200px) 100vw, 1200px\" \/>\t\t\t\t\t\t\t\t\t\t\t\t\t\t\t<\/div>\n\t\t\t\t<\/div>\n\t\t\t\t<\/div>\n\t\t<div class=\"elementor-element elementor-element-5ac3b1f2 e-con-full e-flex e-con e-child\" data-id=\"5ac3b1f2\" data-element_type=\"container\" data-e-type=\"container\">\n\t\t\t\t<div class=\"elementor-element elementor-element-6ef9b5e9 elementor-widget elementor-widget-heading\" data-id=\"6ef9b5e9\" data-element_type=\"widget\" data-e-type=\"widget\" data-widget_type=\"heading.default\">\n\t\t\t\t<div class=\"elementor-widget-container\">\n\t\t\t\t\t<h4 class=\"elementor-heading-title elementor-size-default\">Ayurvedic lecture consisting of:<\/h4>\t\t\t\t<\/div>\n\t\t\t\t<\/div>\n\t\t\t\t<div class=\"elementor-element elementor-element-1a628569 elementor-widget elementor-widget-text-editor\" data-id=\"1a628569\" data-element_type=\"widget\" data-e-type=\"widget\" data-widget_type=\"text-editor.default\">\n\t\t\t\t<div class=\"elementor-widget-container\">\n\t\t\t\t\t\t\t\t\t<ul><li data-start=\"618\" data-end=\"638\">Introduction to the fundamental principles of Ayurveda\u00a0<\/li><li data-start=\"640\" data-end=\"1055\">Explanation of the individual doshas<\/li><li data-start=\"640\" data-end=\"1055\">Dosha test<\/li><li data-start=\"640\" data-end=\"1055\">Ayurvedic nutrition and dietary practices<\/li><li data-start=\"640\" data-end=\"1055\">Practical exercises on mindfulness, our taste perceptions, and more.<\/li><li data-start=\"640\" data-end=\"1055\">Explanation of the Dosha clock<\/li><li data-start=\"640\" data-end=\"1055\">Enjoyment of homemade Ayurvedic delicacies and refreshing drinks<\/li><li data-start=\"640\" data-end=\"1055\">Explanation of integrating Ayurvedic practices into daily life<\/li><li data-start=\"640\" data-end=\"1055\">u. v. m.<\/li><\/ul><p data-start=\"1057\" data-end=\"1177\">The Ayurveda lecture is offered in group courses, corporate events, or private gatherings with a maximum of 15 participants.<\/p>\t\t\t\t\t\t\t\t<\/div>\n\t\t\t\t<\/div>\n\t\t\t\t<div class=\"elementor-element elementor-element-5c94a44 elementor-mobile-align-center elementor-align-center elementor-widget elementor-widget-button\" data-id=\"5c94a44\" data-element_type=\"widget\" data-e-type=\"widget\" data-widget_type=\"button.default\">\n\t\t\t\t<div class=\"elementor-widget-container\">\n\t\t\t\t\t\t\t\t\t<div class=\"elementor-button-wrapper\">\n\t\t\t\t\t<a class=\"elementor-button elementor-button-link elementor-size-sm\" href=\"https:\/\/yoga-sunyata.com\/en\/kontakt\/\">\n\t\t\t\t\t\t<span class=\"elementor-button-content-wrapper\">\n\t\t\t\t\t\t\t\t\t<span class=\"elementor-button-text\">Contact<\/span>\n\t\t\t\t\t<\/span>\n\t\t\t\t\t<\/a>\n\t\t\t\t<\/div>\n\t\t\t\t\t\t\t\t<\/div>\n\t\t\t\t<\/div>\n\t\t\t\t<\/div>\n\t\t\t\t\t<\/div>\n\t\t\t\t<\/div>\n\t\t\t\t<\/div>","protected":false},"excerpt":{"rendered":"<p>Ayurveda- Vortrag Ein ayurvedischer Vortrag bietet Ihnen auf alltagstaugliche und inspirierende Weise einen Einblick in die Welt des Ayurveda.\u00a0 Neben aufschlussreichen und [&hellip;]<\/p>","protected":false},"author":2,"featured_media":0,"parent":0,"menu_order":0,"comment_status":"closed","ping_status":"closed","template":"","meta":{"footnotes":""},"class_list":["post-422","page","type-page","status-publish","hentry"],"yoast_head":"<!-- This site is optimized with the Yoast SEO plugin v27.4 - https:\/\/yoast.com\/product\/yoast-seo-wordpress\/ -->\n<title>Ayurvedischer Vortrag \u2013 Inspiration &amp; \u00dcbungen -<\/title>\n<meta name=\"description\" content=\"Erleben Sie einen inspirierenden ayurvedischen Vortrag mit praktischen \u00dcbungen, hausgemachten K\u00f6stlichkeiten und Tipps, um Ayurveda einfach in den Alltag zu integrieren.\" \/>\n<meta name=\"robots\" content=\"index, follow, max-snippet:-1, max-image-preview:large, max-video-preview:-1\" \/>\n<link rel=\"canonical\" href=\"https:\/\/yoga-sunyata.com\/en\/ayurveda-vortrag\/\" \/>\n<meta property=\"og:locale\" content=\"en_GB\" \/>\n<meta property=\"og:type\" content=\"article\" \/>\n<meta property=\"og:title\" content=\"Ayurvedischer Vortrag \u2013 Inspiration &amp; \u00dcbungen -\" \/>\n<meta property=\"og:description\" content=\"Erleben Sie einen inspirierenden ayurvedischen Vortrag mit praktischen \u00dcbungen, hausgemachten K\u00f6stlichkeiten und Tipps, um Ayurveda einfach in den Alltag zu integrieren.\" \/>\n<meta property=\"og:url\" content=\"https:\/\/yoga-sunyata.com\/en\/ayurveda-vortrag\/\" \/>\n<meta property=\"article:modified_time\" content=\"2026-01-05T07:03:51+00:00\" \/>\n<meta property=\"og:image\" content=\"https:\/\/yoga-sunyata.com\/wp-content\/uploads\/2025\/03\/ayurveda_vortrag_2.jpeg\" \/>\n\t<meta property=\"og:image:width\" content=\"1200\" \/>\n\t<meta property=\"og:image:height\" content=\"1600\" \/>\n\t<meta property=\"og:image:type\" content=\"image\/jpeg\" \/>\n<meta name=\"twitter:card\" content=\"summary_large_image\" \/>\n<meta name=\"twitter:label1\" content=\"Estimated reading time\" \/>\n\t<meta name=\"twitter:data1\" content=\"2 minutes\" \/>\n<script type=\"application\/ld+json\" class=\"yoast-schema-graph\">{\"@context\":\"https:\\\/\\\/schema.org\",\"@graph\":[{\"@type\":\"WebPage\",\"@id\":\"https:\\\/\\\/yoga-sunyata.com\\\/ayurveda-vortrag\\\/\",\"url\":\"https:\\\/\\\/yoga-sunyata.com\\\/ayurveda-vortrag\\\/\",\"name\":\"Ayurvedischer Vortrag \u2013 Inspiration & \u00dcbungen -\",\"isPartOf\":{\"@id\":\"https:\\\/\\\/yoga-sunyata.com\\\/#website\"},\"primaryImageOfPage\":{\"@id\":\"https:\\\/\\\/yoga-sunyata.com\\\/ayurveda-vortrag\\\/#primaryimage\"},\"image\":{\"@id\":\"https:\\\/\\\/yoga-sunyata.com\\\/ayurveda-vortrag\\\/#primaryimage\"},\"thumbnailUrl\":\"https:\\\/\\\/yoga-sunyata.com\\\/wp-content\\\/uploads\\\/2025\\\/03\\\/ayurveda_vortrag_2.jpeg\",\"datePublished\":\"2025-02-26T16:07:37+00:00\",\"dateModified\":\"2026-01-05T07:03:51+00:00\",\"description\":\"Erleben Sie einen inspirierenden ayurvedischen Vortrag mit praktischen \u00dcbungen, hausgemachten K\u00f6stlichkeiten und Tipps, um Ayurveda einfach in den Alltag zu integrieren.\",\"breadcrumb\":{\"@id\":\"https:\\\/\\\/yoga-sunyata.com\\\/ayurveda-vortrag\\\/#breadcrumb\"},\"inLanguage\":\"en-GB\",\"potentialAction\":[{\"@type\":\"ReadAction\",\"target\":[\"https:\\\/\\\/yoga-sunyata.com\\\/ayurveda-vortrag\\\/\"]}]},{\"@type\":\"ImageObject\",\"inLanguage\":\"en-GB\",\"@id\":\"https:\\\/\\\/yoga-sunyata.com\\\/ayurveda-vortrag\\\/#primaryimage\",\"url\":\"https:\\\/\\\/yoga-sunyata.com\\\/wp-content\\\/uploads\\\/2025\\\/03\\\/ayurveda_vortrag_2.jpeg\",\"contentUrl\":\"https:\\\/\\\/yoga-sunyata.com\\\/wp-content\\\/uploads\\\/2025\\\/03\\\/ayurveda_vortrag_2.jpeg\"},{\"@type\":\"BreadcrumbList\",\"@id\":\"https:\\\/\\\/yoga-sunyata.com\\\/ayurveda-vortrag\\\/#breadcrumb\",\"itemListElement\":[{\"@type\":\"ListItem\",\"position\":1,\"name\":\"Startseite\",\"item\":\"https:\\\/\\\/yoga-sunyata.com\\\/\"},{\"@type\":\"ListItem\",\"position\":2,\"name\":\"Ayurvedischer Vortrag \u2013 Inspiration &#038; \u00dcbungen\"}]},{\"@type\":\"WebSite\",\"@id\":\"https:\\\/\\\/yoga-sunyata.com\\\/#website\",\"url\":\"https:\\\/\\\/yoga-sunyata.com\\\/\",\"name\":\"\",\"description\":\"\",\"potentialAction\":[{\"@type\":\"SearchAction\",\"target\":{\"@type\":\"EntryPoint\",\"urlTemplate\":\"https:\\\/\\\/yoga-sunyata.com\\\/?s={search_term_string}\"},\"query-input\":{\"@type\":\"PropertyValueSpecification\",\"valueRequired\":true,\"valueName\":\"search_term_string\"}}],\"inLanguage\":\"en-GB\"}]}<\/script>\n<!-- \/ Yoast SEO plugin. -->","yoast_head_json":{"title":"Ayurvedischer Vortrag \u2013 Inspiration & \u00dcbungen -","description":"Erleben Sie einen inspirierenden ayurvedischen Vortrag mit praktischen \u00dcbungen, hausgemachten K\u00f6stlichkeiten und Tipps, um Ayurveda einfach in den Alltag zu integrieren.","robots":{"index":"index","follow":"follow","max-snippet":"max-snippet:-1","max-image-preview":"max-image-preview:large","max-video-preview":"max-video-preview:-1"},"canonical":"https:\/\/yoga-sunyata.com\/en\/ayurveda-vortrag\/","og_locale":"en_GB","og_type":"article","og_title":"Ayurvedischer Vortrag \u2013 Inspiration & \u00dcbungen -","og_description":"Erleben Sie einen inspirierenden ayurvedischen Vortrag mit praktischen \u00dcbungen, hausgemachten K\u00f6stlichkeiten und Tipps, um Ayurveda einfach in den Alltag zu integrieren.","og_url":"https:\/\/yoga-sunyata.com\/en\/ayurveda-vortrag\/","article_modified_time":"2026-01-05T07:03:51+00:00","og_image":[{"width":1200,"height":1600,"url":"https:\/\/yoga-sunyata.com\/wp-content\/uploads\/2025\/03\/ayurveda_vortrag_2.jpeg","type":"image\/jpeg"}],"twitter_card":"summary_large_image","twitter_misc":{"Estimated reading time":"2 minutes"},"schema":{"@context":"https:\/\/schema.org","@graph":[{"@type":"WebPage","@id":"https:\/\/yoga-sunyata.com\/ayurveda-vortrag\/","url":"https:\/\/yoga-sunyata.com\/ayurveda-vortrag\/","name":"Ayurvedischer Vortrag \u2013 Inspiration & \u00dcbungen -","isPartOf":{"@id":"https:\/\/yoga-sunyata.com\/#website"},"primaryImageOfPage":{"@id":"https:\/\/yoga-sunyata.com\/ayurveda-vortrag\/#primaryimage"},"image":{"@id":"https:\/\/yoga-sunyata.com\/ayurveda-vortrag\/#primaryimage"},"thumbnailUrl":"https:\/\/yoga-sunyata.com\/wp-content\/uploads\/2025\/03\/ayurveda_vortrag_2.jpeg","datePublished":"2025-02-26T16:07:37+00:00","dateModified":"2026-01-05T07:03:51+00:00","description":"Erleben Sie einen inspirierenden ayurvedischen Vortrag mit praktischen \u00dcbungen, hausgemachten K\u00f6stlichkeiten und Tipps, um Ayurveda einfach in den Alltag zu integrieren.","breadcrumb":{"@id":"https:\/\/yoga-sunyata.com\/ayurveda-vortrag\/#breadcrumb"},"inLanguage":"en-GB","potentialAction":[{"@type":"ReadAction","target":["https:\/\/yoga-sunyata.com\/ayurveda-vortrag\/"]}]},{"@type":"ImageObject","inLanguage":"en-GB","@id":"https:\/\/yoga-sunyata.com\/ayurveda-vortrag\/#primaryimage","url":"https:\/\/yoga-sunyata.com\/wp-content\/uploads\/2025\/03\/ayurveda_vortrag_2.jpeg","contentUrl":"https:\/\/yoga-sunyata.com\/wp-content\/uploads\/2025\/03\/ayurveda_vortrag_2.jpeg"},{"@type":"BreadcrumbList","@id":"https:\/\/yoga-sunyata.com\/ayurveda-vortrag\/#breadcrumb","itemListElement":[{"@type":"ListItem","position":1,"name":"Startseite","item":"https:\/\/yoga-sunyata.com\/"},{"@type":"ListItem","position":2,"name":"Ayurvedischer Vortrag \u2013 Inspiration &#038; \u00dcbungen"}]},{"@type":"WebSite","@id":"https:\/\/yoga-sunyata.com\/#website","url":"https:\/\/yoga-sunyata.com\/","name":"","description":"","potentialAction":[{"@type":"SearchAction","target":{"@type":"EntryPoint","urlTemplate":"https:\/\/yoga-sunyata.com\/?s={search_term_string}"},"query-input":{"@type":"PropertyValueSpecification","valueRequired":true,"valueName":"search_term_string"}}],"inLanguage":"en-GB"}]}},"_links":{"self":[{"href":"https:\/\/yoga-sunyata.com\/en\/wp-json\/wp\/v2\/pages\/422","targetHints":{"allow":["GET"]}}],"collection":[{"href":"https:\/\/yoga-sunyata.com\/en\/wp-json\/wp\/v2\/pages"}],"about":[{"href":"https:\/\/yoga-sunyata.com\/en\/wp-json\/wp\/v2\/types\/page"}],"author":[{"embeddable":true,"href":"https:\/\/yoga-sunyata.com\/en\/wp-json\/wp\/v2\/users\/2"}],"replies":[{"embeddable":true,"href":"https:\/\/yoga-sunyata.com\/en\/wp-json\/wp\/v2\/comments?post=422"}],"version-history":[{"count":70,"href":"https:\/\/yoga-sunyata.com\/en\/wp-json\/wp\/v2\/pages\/422\/revisions"}],"predecessor-version":[{"id":2140,"href":"https:\/\/yoga-sunyata.com\/en\/wp-json\/wp\/v2\/pages\/422\/revisions\/2140"}],"wp:attachment":[{"href":"https:\/\/yoga-sunyata.com\/en\/wp-json\/wp\/v2\/media?parent=422"}],"curies":[{"name":"wp","href":"https:\/\/api.w.org\/{rel}","templated":true}]}}