{"id":415,"date":"2025-02-26T16:01:38","date_gmt":"2025-02-26T16:01:38","guid":{"rendered":"http:\/\/localhost:8888\/yoga-sunyata\/?page_id=415"},"modified":"2026-01-05T06:55:24","modified_gmt":"2026-01-05T06:55:24","slug":"tv-arbeit-als-ayurvedakoechin","status":"publish","type":"page","link":"https:\/\/yoga-sunyata.com\/en\/tv-arbeit-als-ayurvedakoechin\/","title":{"rendered":"Ayurvedic cooking on TV"},"content":{"rendered":"<div data-elementor-type=\"wp-page\" data-elementor-id=\"415\" class=\"elementor elementor-415\">\n\t\t\t\t<div class=\"elementor-element elementor-element-7cfdfcb5 e-con-full parallax e-flex e-con e-parent\" data-id=\"7cfdfcb5\" data-element_type=\"container\" data-e-type=\"container\" data-settings=\"{&quot;background_background&quot;:&quot;classic&quot;}\">\n\t\t<div class=\"elementor-element elementor-element-4e1094ea e-con-full e-flex e-con e-child\" data-id=\"4e1094ea\" data-element_type=\"container\" data-e-type=\"container\">\n\t\t\t\t<div class=\"elementor-element elementor-element-287647bd elementor-widget elementor-widget-heading\" data-id=\"287647bd\" data-element_type=\"widget\" data-e-type=\"widget\" data-widget_type=\"heading.default\">\n\t\t\t\t<div class=\"elementor-widget-container\">\n\t\t\t\t\t<h1 class=\"elementor-heading-title elementor-size-default\">Ayurvedic cooking on TV<\/h1>\t\t\t\t<\/div>\n\t\t\t\t<\/div>\n\t\t\t\t<div class=\"elementor-element elementor-element-1fb79d78 elementor-widget elementor-widget-text-editor\" data-id=\"1fb79d78\" data-element_type=\"widget\" data-e-type=\"widget\" data-widget_type=\"text-editor.default\">\n\t\t\t\t<div class=\"elementor-widget-container\">\n\t\t\t\t\t\t\t\t\t<p style=\"text-align: left;\">Grateful and passionate, I regularly have the opportunity to produce my Ayurvedic culinary creations for the television channel BonGusto.<\/p><p style=\"text-align: left;\">BonGusto is the only television channel in Germany that broadcasts national and international programs about food, cooking, enjoyment, and lifestyle around the clock. In addition to food experts, top chefs also take the stage here, showcasing culinary highlights from around the world.<\/p>\t\t\t\t\t\t\t\t<\/div>\n\t\t\t\t<\/div>\n\t\t\t\t<\/div>\n\t\t<div class=\"elementor-element elementor-element-4788977f e-con-full e-flex e-con e-child\" data-id=\"4788977f\" data-element_type=\"container\" data-e-type=\"container\">\n\t\t\t\t<div class=\"elementor-element elementor-element-cfae5b4 elementor-widget elementor-widget-video\" data-id=\"cfae5b4\" data-element_type=\"widget\" data-e-type=\"widget\" data-settings=\"{&quot;youtube_url&quot;:&quot;https:\\\/\\\/www.youtube.com\\\/watch?embeds_referring_euri=https%3A%2F%2Fyoga-sunyata.com%2F&amp;source_ve_path=MTY0OTksMjg2NjQsMzY4NDIsMTY0OTksMjg2NjQsMTY0NTAz&amp;v=bp_ioER66Yo&amp;feature=youtu.be&quot;,&quot;video_type&quot;:&quot;youtube&quot;,&quot;controls&quot;:&quot;yes&quot;}\" data-widget_type=\"video.default\">\n\t\t\t\t<div class=\"elementor-widget-container\">\n\t\t\t\t\t\t\t<div class=\"elementor-wrapper elementor-open-inline\">\n\t\t\t<div class=\"elementor-video\"><\/div>\t\t<\/div>\n\t\t\t\t\t\t<\/div>\n\t\t\t\t<\/div>\n\t\t\t\t<div class=\"elementor-element elementor-element-3af250f9 elementor-widget elementor-widget-text-editor\" data-id=\"3af250f9\" data-element_type=\"widget\" data-e-type=\"widget\" data-widget_type=\"text-editor.default\">\n\t\t\t\t<div class=\"elementor-widget-container\">\n\t\t\t\t\t\t\t\t\t<p style=\"text-align: center;\"><span style=\"text-decoration: underline;\"><a style=\"text-decoration: underline;\" href=\"https:\/\/youtube.com\/@vegetarischveganbongusto?si=uUHSBnkNgikLzRQ2\">My work with BonGusto is now also on YouTube<\/a><\/span><\/p>\t\t\t\t\t\t\t\t<\/div>\n\t\t\t\t<\/div>\n\t\t\t\t<\/div>\n\t\t\t\t<\/div>\n\t\t<div class=\"elementor-element elementor-element-c3083a1 e-flex e-con-boxed e-con e-parent\" data-id=\"c3083a1\" data-element_type=\"container\" data-e-type=\"container\">\n\t\t\t\t\t<div class=\"e-con-inner\">\n\t\t\t\t<div class=\"elementor-element elementor-element-5154bfe elementor-widget elementor-widget-heading\" data-id=\"5154bfe\" data-element_type=\"widget\" data-e-type=\"widget\" data-widget_type=\"heading.default\">\n\t\t\t\t<div class=\"elementor-widget-container\">\n\t\t\t\t\t<h3 class=\"elementor-heading-title elementor-size-default\">My work with BonGusto<\/h3>\t\t\t\t<\/div>\n\t\t\t\t<\/div>\n\t\t\t\t\t<\/div>\n\t\t\t\t<\/div>\n\t\t<div class=\"elementor-element elementor-element-4e2d09cf e-flex e-con-boxed e-con e-parent\" data-id=\"4e2d09cf\" data-element_type=\"container\" data-e-type=\"container\">\n\t\t\t\t\t<div class=\"e-con-inner\">\n\t\t\t\t<div class=\"elementor-element elementor-element-7069890e elementor-arrows-position-inside elementor-pagination-position-outside elementor-widget elementor-widget-image-carousel\" data-id=\"7069890e\" data-element_type=\"widget\" data-e-type=\"widget\" data-settings=\"{&quot;image_spacing_custom&quot;:{&quot;unit&quot;:&quot;px&quot;,&quot;size&quot;:10,&quot;sizes&quot;:[]},&quot;navigation&quot;:&quot;both&quot;,&quot;autoplay&quot;:&quot;yes&quot;,&quot;pause_on_hover&quot;:&quot;yes&quot;,&quot;pause_on_interaction&quot;:&quot;yes&quot;,&quot;autoplay_speed&quot;:5000,&quot;infinite&quot;:&quot;yes&quot;,&quot;speed&quot;:500,&quot;image_spacing_custom_tablet&quot;:{&quot;unit&quot;:&quot;px&quot;,&quot;size&quot;:&quot;&quot;,&quot;sizes&quot;:[]},&quot;image_spacing_custom_mobile&quot;:{&quot;unit&quot;:&quot;px&quot;,&quot;size&quot;:&quot;&quot;,&quot;sizes&quot;:[]}}\" data-widget_type=\"image-carousel.default\">\n\t\t\t\t<div class=\"elementor-widget-container\">\n\t\t\t\t\t\t\t<div class=\"elementor-image-carousel-wrapper swiper\" role=\"region\" aria-roledescription=\"carousel\" aria-label=\"Image carousel\" dir=\"ltr\">\n\t\t\t<div class=\"elementor-image-carousel swiper-wrapper\" aria-live=\"off\">\n\t\t\t\t\t\t\t\t<div class=\"swiper-slide\" role=\"group\" aria-roledescription=\"slide\" aria-label=\"1 of 6\" data-no-translation-aria-label=\"\"><figure class=\"swiper-slide-inner\"><img decoding=\"async\" class=\"swiper-slide-image\" src=\"https:\/\/yoga-sunyata.com\/wp-content\/uploads\/2025\/03\/tv_0.jpg\" alt=\"tv_0\" \/><\/figure><\/div><div class=\"swiper-slide\" role=\"group\" aria-roledescription=\"slide\" aria-label=\"2 of 6\" data-no-translation-aria-label=\"\"><figure class=\"swiper-slide-inner\"><img decoding=\"async\" class=\"swiper-slide-image\" src=\"https:\/\/yoga-sunyata.com\/wp-content\/uploads\/2025\/03\/tv_1.jpg\" alt=\"tv_1\" \/><\/figure><\/div><div class=\"swiper-slide\" role=\"group\" aria-roledescription=\"slide\" aria-label=\"3 of 6\" data-no-translation-aria-label=\"\"><figure class=\"swiper-slide-inner\"><img decoding=\"async\" class=\"swiper-slide-image\" src=\"https:\/\/yoga-sunyata.com\/wp-content\/uploads\/2025\/03\/tv_2.jpg\" alt=\"tv_2\" \/><\/figure><\/div><div class=\"swiper-slide\" role=\"group\" aria-roledescription=\"slide\" aria-label=\"4 of 6\" data-no-translation-aria-label=\"\"><figure class=\"swiper-slide-inner\"><img decoding=\"async\" class=\"swiper-slide-image\" src=\"https:\/\/yoga-sunyata.com\/wp-content\/uploads\/2025\/03\/tv_3.jpg\" alt=\"tv_3\" \/><\/figure><\/div><div class=\"swiper-slide\" role=\"group\" aria-roledescription=\"slide\" aria-label=\"5 of 6\" data-no-translation-aria-label=\"\"><figure class=\"swiper-slide-inner\"><img decoding=\"async\" class=\"swiper-slide-image\" src=\"https:\/\/yoga-sunyata.com\/wp-content\/uploads\/2025\/03\/tv_4.jpg\" alt=\"tv_4\" \/><\/figure><\/div><div class=\"swiper-slide\" role=\"group\" aria-roledescription=\"slide\" aria-label=\"6 of 6\" data-no-translation-aria-label=\"\"><figure class=\"swiper-slide-inner\"><img decoding=\"async\" class=\"swiper-slide-image\" src=\"https:\/\/yoga-sunyata.com\/wp-content\/uploads\/2025\/03\/tv_5.jpg\" alt=\"tv_5\" \/><\/figure><\/div>\t\t\t<\/div>\n\t\t\t\t\t\t\t\t\t\t\t\t<div class=\"elementor-swiper-button elementor-swiper-button-prev\" role=\"button\" tabindex=\"0\">\n\t\t\t\t\t\t<svg aria-hidden=\"true\" class=\"e-font-icon-svg e-eicon-chevron-left\" viewbox=\"0 0 1000 1000\" xmlns=\"http:\/\/www.w3.org\/2000\/svg\"><path d=\"M646 125C629 125 613 133 604 142L308 442C296 454 292 471 292 487 292 504 296 521 308 533L604 854C617 867 629 875 646 875 663 875 679 871 692 858 704 846 713 829 713 812 713 796 708 779 692 767L438 487 692 225C700 217 708 204 708 187 708 171 704 154 692 142 675 129 663 125 646 125Z\"><\/path><\/svg>\t\t\t\t\t<\/div>\n\t\t\t\t\t<div class=\"elementor-swiper-button elementor-swiper-button-next\" role=\"button\" tabindex=\"0\">\n\t\t\t\t\t\t<svg aria-hidden=\"true\" class=\"e-font-icon-svg e-eicon-chevron-right\" viewbox=\"0 0 1000 1000\" xmlns=\"http:\/\/www.w3.org\/2000\/svg\"><path d=\"M696 533C708 521 713 504 713 487 713 471 708 454 696 446L400 146C388 133 375 125 354 125 338 125 325 129 313 142 300 154 292 171 292 187 292 204 296 221 308 233L563 492 304 771C292 783 288 800 288 817 288 833 296 850 308 863 321 871 338 875 354 875 371 875 388 867 400 854L696 533Z\"><\/path><\/svg>\t\t\t\t\t<\/div>\n\t\t\t\t\n\t\t\t\t\t\t\t\t\t<div class=\"swiper-pagination\"><\/div>\n\t\t\t\t\t\t\t\t\t<\/div>\n\t\t\t\t\t\t<\/div>\n\t\t\t\t<\/div>\n\t\t\t\t\t<\/div>\n\t\t\t\t<\/div>\n\t\t<div class=\"elementor-element elementor-element-593a2973 e-flex e-con-boxed e-con e-parent\" data-id=\"593a2973\" data-element_type=\"container\" data-e-type=\"container\" data-settings=\"{&quot;background_background&quot;:&quot;classic&quot;}\">\n\t\t\t\t\t<div class=\"e-con-inner\">\n\t\t<div class=\"elementor-element elementor-element-722d6f71 e-con-full e-flex e-con e-child\" data-id=\"722d6f71\" data-element_type=\"container\" data-e-type=\"container\">\n\t\t\t\t<div class=\"elementor-element elementor-element-371ad8e4 elementor-widget elementor-widget-text-editor\" data-id=\"371ad8e4\" data-element_type=\"widget\" data-e-type=\"widget\" data-widget_type=\"text-editor.default\">\n\t\t\t\t<div class=\"elementor-widget-container\">\n\t\t\t\t\t\t\t\t\t<section class=\"elementor-section elementor-top-section elementor-element elementor-element-28ec033 elementor-section-boxed elementor-section-height-default elementor-section-height-default\" data-id=\"28ec033\" data-element_type=\"section\"><div class=\"elementor-container elementor-column-gap-default\"><div class=\"elementor-column elementor-col-100 elementor-top-column elementor-element elementor-element-4e65f55\" data-id=\"4e65f55\" data-element_type=\"column\"><div class=\"elementor-widget-wrap elementor-element-populated\"><div class=\"elementor-element elementor-element-ef86024 elementor-widget elementor-widget-heading\" data-id=\"ef86024\" data-element_type=\"widget\" data-widget_type=\"heading.default\"><div class=\"elementor-widget-container\"><h3 style=\"text-align: center;\" data-elementor-setting-key=\"title\" data-pen-placeholder=\"Eingabe hier...\">Contact Me<\/h3><\/div><\/div><\/div><\/div><\/div><\/section><section class=\"elementor-section elementor-top-section elementor-element elementor-element-a6d3421 elementor-section-boxed elementor-section-height-default elementor-section-height-default\" data-id=\"a6d3421\" data-element_type=\"section\"><div class=\"elementor-container elementor-column-gap-default\"><div class=\"elementor-column elementor-col-100 elementor-top-column elementor-element elementor-element-8b3c552\" data-id=\"8b3c552\" data-element_type=\"column\"><div class=\"elementor-widget-wrap elementor-element-populated\"><div class=\"elementor-element elementor-element-759ba59 elementor-widget elementor-widget-text-editor\" data-id=\"759ba59\" data-element_type=\"widget\" data-widget_type=\"text-editor.default\"><div class=\"elementor-widget-container\"><p>Inquiries or booking requests? I look forward to hearing from you! Whether you want to book an Ayurveda consultation, a cooking class, or a yoga session \u2013 or if you just have a question: please use the contact form, and I will get back to you promptly.\u00a0<\/p><\/div><\/div><\/div><\/div><\/div><\/section>\t\t\t\t\t\t\t\t<\/div>\n\t\t\t\t<\/div>\n\t\t\t\t<\/div>\n\t\t<div class=\"elementor-element elementor-element-7908941b e-con-full e-flex e-con e-child\" data-id=\"7908941b\" data-element_type=\"container\" data-e-type=\"container\">\n\t\t\t\t<div class=\"elementor-element elementor-element-be5d14f elementor-widget elementor-widget-text-editor\" data-id=\"be5d14f\" data-element_type=\"widget\" data-e-type=\"widget\" data-widget_type=\"text-editor.default\">\n\t\t\t\t<div class=\"elementor-widget-container\">\n\t\t\t\t\t\t\t\t\t<p>\n<div class=\"wpcf7 no-js\" id=\"wpcf7-f2028-o1\" lang=\"de-DE\" dir=\"ltr\" data-wpcf7-id=\"2028\">\n<div class=\"screen-reader-response\"><p role=\"status\" aria-live=\"polite\" aria-atomic=\"true\"><\/p> <ul><\/ul><\/div>\n<form action=\"\/en\/wp-json\/wp\/v2\/pages\/415#wpcf7-f2028-o1\" method=\"post\" class=\"wpcf7-form init\" aria-label=\"Contact form.\" novalidate=\"novalidate\" data-status=\"init\" data-trp-original-action=\"\/en\/wp-json\/wp\/v2\/pages\/415#wpcf7-f2028-o1\">\n<fieldset class=\"hidden-fields-container\"><input type=\"hidden\" name=\"_wpcf7\" value=\"2028\" \/><input type=\"hidden\" name=\"_wpcf7_version\" value=\"6.1.5\" \/><input type=\"hidden\" name=\"_wpcf7_locale\" value=\"de_DE\" \/><input type=\"hidden\" name=\"_wpcf7_unit_tag\" value=\"wpcf7-f2028-o1\" \/><input type=\"hidden\" name=\"_wpcf7_container_post\" value=\"0\" \/><input type=\"hidden\" name=\"_wpcf7_posted_data_hash\" value=\"\" \/><input type=\"hidden\" name=\"_wpcf7_recaptcha_response\" value=\"\" \/>\n<\/fieldset>\n<p><label> Your Namr<br \/>\n<span class=\"wpcf7-form-control-wrap\" data-name=\"your-name\"><input size=\"40\" maxlength=\"400\" class=\"wpcf7-form-control wpcf7-text wpcf7-validates-as-required\" aria-required=\"true\" aria-invalid=\"false\" placeholder=\"Name\" value=\"\" type=\"text\" name=\"your-name\" \/><\/span> <\/label>\n<\/p>\n<p><label> Your email address<br \/>\n<span class=\"wpcf7-form-control-wrap\" data-name=\"your-email\"><input size=\"40\" maxlength=\"400\" class=\"wpcf7-form-control wpcf7-email wpcf7-validates-as-required wpcf7-text wpcf7-validates-as-email\" aria-required=\"true\" aria-invalid=\"false\" placeholder=\"email address\" value=\"\" type=\"email\" name=\"your-email\" \/><\/span> <\/label>\n<\/p>\n<p><label> Your message<br \/>\n<span class=\"wpcf7-form-control-wrap\" data-name=\"your-subject\"><input size=\"40\" maxlength=\"400\" class=\"wpcf7-form-control wpcf7-text wpcf7-validates-as-required\" aria-required=\"true\" aria-invalid=\"false\" placeholder=\"Subject\" value=\"\" type=\"text\" name=\"your-subject\" \/><\/span> <\/label>\n<\/p>\n<p><input class=\"wpcf7-form-control wpcf7-submit has-spinner\" type=\"submit\" value=\"Send\" \/>\n<\/p>\n<div class=\"wpcf7-turnstile cf-turnstile\" data-sitekey=\"0x4AAAAAACHWuer9N51_oyNS\" data-response-field-name=\"_wpcf7_turnstile_response\" data-size=\"compact\" data-language=\"en\"><\/div><div class=\"wpcf7-response-output\" aria-hidden=\"true\"><\/div>\n<input type=\"hidden\" name=\"trp-form-language\" value=\"en\"\/><\/form>\n<\/div>\n<\/p>\t\t\t\t\t\t\t\t<\/div>\n\t\t\t\t<\/div>\n\t\t\t\t<\/div>\n\t\t\t\t\t<\/div>\n\t\t\t\t<\/div>\n\t\t<div class=\"elementor-element elementor-element-ea0eafa e-flex e-con-boxed e-con e-parent\" data-id=\"ea0eafa\" data-element_type=\"container\" data-e-type=\"container\">\n\t\t\t\t\t<div class=\"e-con-inner\">\n\t\t\t\t\t<\/div>\n\t\t\t\t<\/div>\n\t\t\t\t<\/div>","protected":false},"excerpt":{"rendered":"<p>Ayurvedisch Kochen im TV Dankbar und voller Leidenschaft darf ich meine ayurvedischen Kochkreationen regelm\u00e4\u00dfig f\u00fcr den Fernsehsender BonGusto produzieren. BonGusto ist der [&hellip;]<\/p>","protected":false},"author":2,"featured_media":0,"parent":0,"menu_order":0,"comment_status":"closed","ping_status":"closed","template":"","meta":{"footnotes":""},"class_list":["post-415","page","type-page","status-publish","hentry"],"yoast_head":"<!-- This site is optimized with the Yoast SEO plugin v27.4 - https:\/\/yoast.com\/product\/yoast-seo-wordpress\/ -->\n<title>Ayurvedisch Kochen im TV -<\/title>\n<meta name=\"description\" content=\"Erleben Sie ayurvedisch Kochen im TV mit meiner Arbeit als Ayurvedak\u00f6chin bei BonGusto. Jetzt auch auf YouTube, Facebook und Instagram f\u00fcr mehr Gesundheit, Genuss und Balance.\" \/>\n<meta name=\"robots\" content=\"index, follow, max-snippet:-1, max-image-preview:large, max-video-preview:-1\" \/>\n<link rel=\"canonical\" href=\"https:\/\/yoga-sunyata.com\/en\/tv-arbeit-als-ayurvedakoechin\/\" \/>\n<meta property=\"og:locale\" content=\"en_GB\" \/>\n<meta property=\"og:type\" content=\"article\" \/>\n<meta property=\"og:title\" content=\"Ayurvedisch Kochen im TV -\" \/>\n<meta property=\"og:description\" content=\"Erleben Sie ayurvedisch Kochen im TV mit meiner Arbeit als Ayurvedak\u00f6chin bei BonGusto. Jetzt auch auf YouTube, Facebook und Instagram f\u00fcr mehr Gesundheit, Genuss und Balance.\" \/>\n<meta property=\"og:url\" content=\"https:\/\/yoga-sunyata.com\/en\/tv-arbeit-als-ayurvedakoechin\/\" \/>\n<meta property=\"article:modified_time\" content=\"2026-01-05T06:55:24+00:00\" \/>\n<meta property=\"og:image\" content=\"https:\/\/yoga-sunyata.com\/wp-content\/uploads\/2025\/03\/tv_0.jpg\" \/>\n<meta name=\"twitter:card\" content=\"summary_large_image\" \/>\n<meta name=\"twitter:label1\" content=\"Estimated reading time\" \/>\n\t<meta name=\"twitter:data1\" content=\"4 minutes\" \/>\n<script type=\"application\/ld+json\" class=\"yoast-schema-graph\">{\"@context\":\"https:\\\/\\\/schema.org\",\"@graph\":[{\"@type\":\"WebPage\",\"@id\":\"https:\\\/\\\/yoga-sunyata.com\\\/tv-arbeit-als-ayurvedakoechin\\\/\",\"url\":\"https:\\\/\\\/yoga-sunyata.com\\\/tv-arbeit-als-ayurvedakoechin\\\/\",\"name\":\"Ayurvedisch Kochen im TV -\",\"isPartOf\":{\"@id\":\"https:\\\/\\\/yoga-sunyata.com\\\/#website\"},\"primaryImageOfPage\":{\"@id\":\"https:\\\/\\\/yoga-sunyata.com\\\/tv-arbeit-als-ayurvedakoechin\\\/#primaryimage\"},\"image\":{\"@id\":\"https:\\\/\\\/yoga-sunyata.com\\\/tv-arbeit-als-ayurvedakoechin\\\/#primaryimage\"},\"thumbnailUrl\":\"https:\\\/\\\/yoga-sunyata.com\\\/wp-content\\\/uploads\\\/2025\\\/03\\\/tv_0.jpg\",\"datePublished\":\"2025-02-26T16:01:38+00:00\",\"dateModified\":\"2026-01-05T06:55:24+00:00\",\"description\":\"Erleben Sie ayurvedisch Kochen im TV mit meiner Arbeit als Ayurvedak\u00f6chin bei BonGusto. Jetzt auch auf YouTube, Facebook und Instagram f\u00fcr mehr Gesundheit, Genuss und Balance.\",\"breadcrumb\":{\"@id\":\"https:\\\/\\\/yoga-sunyata.com\\\/tv-arbeit-als-ayurvedakoechin\\\/#breadcrumb\"},\"inLanguage\":\"en-GB\",\"potentialAction\":[{\"@type\":\"ReadAction\",\"target\":[\"https:\\\/\\\/yoga-sunyata.com\\\/tv-arbeit-als-ayurvedakoechin\\\/\"]}]},{\"@type\":\"ImageObject\",\"inLanguage\":\"en-GB\",\"@id\":\"https:\\\/\\\/yoga-sunyata.com\\\/tv-arbeit-als-ayurvedakoechin\\\/#primaryimage\",\"url\":\"https:\\\/\\\/yoga-sunyata.com\\\/wp-content\\\/uploads\\\/2025\\\/03\\\/tv_0.jpg\",\"contentUrl\":\"https:\\\/\\\/yoga-sunyata.com\\\/wp-content\\\/uploads\\\/2025\\\/03\\\/tv_0.jpg\"},{\"@type\":\"BreadcrumbList\",\"@id\":\"https:\\\/\\\/yoga-sunyata.com\\\/tv-arbeit-als-ayurvedakoechin\\\/#breadcrumb\",\"itemListElement\":[{\"@type\":\"ListItem\",\"position\":1,\"name\":\"Startseite\",\"item\":\"https:\\\/\\\/yoga-sunyata.com\\\/\"},{\"@type\":\"ListItem\",\"position\":2,\"name\":\"Ayurvedisch Kochen im TV\"}]},{\"@type\":\"WebSite\",\"@id\":\"https:\\\/\\\/yoga-sunyata.com\\\/#website\",\"url\":\"https:\\\/\\\/yoga-sunyata.com\\\/\",\"name\":\"\",\"description\":\"\",\"potentialAction\":[{\"@type\":\"SearchAction\",\"target\":{\"@type\":\"EntryPoint\",\"urlTemplate\":\"https:\\\/\\\/yoga-sunyata.com\\\/?s={search_term_string}\"},\"query-input\":{\"@type\":\"PropertyValueSpecification\",\"valueRequired\":true,\"valueName\":\"search_term_string\"}}],\"inLanguage\":\"en-GB\"}]}<\/script>\n<!-- \/ Yoast SEO plugin. -->","yoast_head_json":{"title":"Ayurvedisch Kochen im TV -","description":"Erleben Sie ayurvedisch Kochen im TV mit meiner Arbeit als Ayurvedak\u00f6chin bei BonGusto. Jetzt auch auf YouTube, Facebook und Instagram f\u00fcr mehr Gesundheit, Genuss und Balance.","robots":{"index":"index","follow":"follow","max-snippet":"max-snippet:-1","max-image-preview":"max-image-preview:large","max-video-preview":"max-video-preview:-1"},"canonical":"https:\/\/yoga-sunyata.com\/en\/tv-arbeit-als-ayurvedakoechin\/","og_locale":"en_GB","og_type":"article","og_title":"Ayurvedisch Kochen im TV -","og_description":"Erleben Sie ayurvedisch Kochen im TV mit meiner Arbeit als Ayurvedak\u00f6chin bei BonGusto. Jetzt auch auf YouTube, Facebook und Instagram f\u00fcr mehr Gesundheit, Genuss und Balance.","og_url":"https:\/\/yoga-sunyata.com\/en\/tv-arbeit-als-ayurvedakoechin\/","article_modified_time":"2026-01-05T06:55:24+00:00","og_image":[{"url":"https:\/\/yoga-sunyata.com\/wp-content\/uploads\/2025\/03\/tv_0.jpg","type":"","width":"","height":""}],"twitter_card":"summary_large_image","twitter_misc":{"Estimated reading time":"4 minutes"},"schema":{"@context":"https:\/\/schema.org","@graph":[{"@type":"WebPage","@id":"https:\/\/yoga-sunyata.com\/tv-arbeit-als-ayurvedakoechin\/","url":"https:\/\/yoga-sunyata.com\/tv-arbeit-als-ayurvedakoechin\/","name":"Ayurvedisch Kochen im TV -","isPartOf":{"@id":"https:\/\/yoga-sunyata.com\/#website"},"primaryImageOfPage":{"@id":"https:\/\/yoga-sunyata.com\/tv-arbeit-als-ayurvedakoechin\/#primaryimage"},"image":{"@id":"https:\/\/yoga-sunyata.com\/tv-arbeit-als-ayurvedakoechin\/#primaryimage"},"thumbnailUrl":"https:\/\/yoga-sunyata.com\/wp-content\/uploads\/2025\/03\/tv_0.jpg","datePublished":"2025-02-26T16:01:38+00:00","dateModified":"2026-01-05T06:55:24+00:00","description":"Erleben Sie ayurvedisch Kochen im TV mit meiner Arbeit als Ayurvedak\u00f6chin bei BonGusto. Jetzt auch auf YouTube, Facebook und Instagram f\u00fcr mehr Gesundheit, Genuss und Balance.","breadcrumb":{"@id":"https:\/\/yoga-sunyata.com\/tv-arbeit-als-ayurvedakoechin\/#breadcrumb"},"inLanguage":"en-GB","potentialAction":[{"@type":"ReadAction","target":["https:\/\/yoga-sunyata.com\/tv-arbeit-als-ayurvedakoechin\/"]}]},{"@type":"ImageObject","inLanguage":"en-GB","@id":"https:\/\/yoga-sunyata.com\/tv-arbeit-als-ayurvedakoechin\/#primaryimage","url":"https:\/\/yoga-sunyata.com\/wp-content\/uploads\/2025\/03\/tv_0.jpg","contentUrl":"https:\/\/yoga-sunyata.com\/wp-content\/uploads\/2025\/03\/tv_0.jpg"},{"@type":"BreadcrumbList","@id":"https:\/\/yoga-sunyata.com\/tv-arbeit-als-ayurvedakoechin\/#breadcrumb","itemListElement":[{"@type":"ListItem","position":1,"name":"Startseite","item":"https:\/\/yoga-sunyata.com\/"},{"@type":"ListItem","position":2,"name":"Ayurvedisch Kochen im TV"}]},{"@type":"WebSite","@id":"https:\/\/yoga-sunyata.com\/#website","url":"https:\/\/yoga-sunyata.com\/","name":"","description":"","potentialAction":[{"@type":"SearchAction","target":{"@type":"EntryPoint","urlTemplate":"https:\/\/yoga-sunyata.com\/?s={search_term_string}"},"query-input":{"@type":"PropertyValueSpecification","valueRequired":true,"valueName":"search_term_string"}}],"inLanguage":"en-GB"}]}},"_links":{"self":[{"href":"https:\/\/yoga-sunyata.com\/en\/wp-json\/wp\/v2\/pages\/415","targetHints":{"allow":["GET"]}}],"collection":[{"href":"https:\/\/yoga-sunyata.com\/en\/wp-json\/wp\/v2\/pages"}],"about":[{"href":"https:\/\/yoga-sunyata.com\/en\/wp-json\/wp\/v2\/types\/page"}],"author":[{"embeddable":true,"href":"https:\/\/yoga-sunyata.com\/en\/wp-json\/wp\/v2\/users\/2"}],"replies":[{"embeddable":true,"href":"https:\/\/yoga-sunyata.com\/en\/wp-json\/wp\/v2\/comments?post=415"}],"version-history":[{"count":75,"href":"https:\/\/yoga-sunyata.com\/en\/wp-json\/wp\/v2\/pages\/415\/revisions"}],"predecessor-version":[{"id":2122,"href":"https:\/\/yoga-sunyata.com\/en\/wp-json\/wp\/v2\/pages\/415\/revisions\/2122"}],"wp:attachment":[{"href":"https:\/\/yoga-sunyata.com\/en\/wp-json\/wp\/v2\/media?parent=415"}],"curies":[{"name":"wp","href":"https:\/\/api.w.org\/{rel}","templated":true}]}}