{"id":39,"date":"2023-03-18T18:36:12","date_gmt":"2023-03-18T18:36:12","guid":{"rendered":"http:\/\/localhost:8888\/yoga-sunyata\/?page_id=39"},"modified":"2025-10-04T11:55:49","modified_gmt":"2025-10-04T11:55:49","slug":"impressum","status":"publish","type":"page","link":"https:\/\/yoga-sunyata.com\/en\/impressum\/","title":{"rendered":"Imprint"},"content":{"rendered":"<div data-elementor-type=\"wp-page\" data-elementor-id=\"39\" class=\"elementor elementor-39\">\n\t\t\t\t<div class=\"elementor-element elementor-element-590e951 e-flex e-con-boxed e-con e-parent\" data-id=\"590e951\" data-element_type=\"container\" data-e-type=\"container\">\n\t\t\t\t\t<div class=\"e-con-inner\">\n\t\t\t\t<div class=\"elementor-element elementor-element-3fb3cb8 elementor-widget elementor-widget-text-editor\" data-id=\"3fb3cb8\" data-element_type=\"widget\" data-e-type=\"widget\" data-widget_type=\"text-editor.default\">\n\t\t\t\t<div class=\"elementor-widget-container\">\n\t\t\t\t\t\t\t\t\t<h1>Imprint<\/h1><h5>Information pursuant to \u00a7 5 TMG<\/h5><p><strong>Provider:<br \/><\/strong>Mangal Gre\u00df<\/p><p class=\"font_8\"><strong>Kontakt:<br \/><\/strong>Mangal Gre\u00df<br \/>Bahnhofstra\u00dfe 9<br \/>82223 Eichenau<\/p><p><strong>Email:<\/strong> office@yoga-sunyata.com<\/p><p><strong>Website<\/strong> https:\/\/yoga-sunyata.com\/<\/p><p><strong>Bei redaktionellen Inhalten:<\/strong><br \/>Verantwortlich nach \u00a7 55 Abs.2 RStV<br \/>Mangal Gre\u00df<\/p><p><strong>Umsatzsteueridentifikationsnummer<\/strong><br \/>USt Id Nr:\u00a0\u00a0117\/222\/41195<\/p><div id=\"SITE_PAGES\"><div class=\"_3a3qX\"><div id=\"wff07\" class=\"_2txMn rcpjB\"><div class=\"_1VShg\"><div id=\"Containerwff07\" class=\"_3Mgpu\"><div class=\"\" data-mesh-id=\"Containerwff07inlineContent\" data-testid=\"inline-content\"><div data-mesh-id=\"Containerwff07inlineContent-gridContainer\" data-testid=\"mesh-container-content\"><div id=\"comp-jhl1i0hf\" class=\"_1Z_nJ\" data-testid=\"richTextElement\"><h2 class=\"font_2\">Disclaimer<\/h2><\/div><div id=\"comp-jhl1i0i2\" class=\"_1Z_nJ\" data-testid=\"richTextElement\"><p class=\"font_8\">Liability for content.<\/p><p class=\"font_8\"><span class=\"wixGuard\">\u200b<\/span>This is a standard legal disclaimer regarding liability for website content. It states that:\n\nThe contents of the pages were created with the greatest care.\nThe provider cannot guarantee the accuracy, completeness, or timeliness of the content.\nAccording to \u00a7 7 Abs.1 TMG, the provider is responsible for its own content on the pages under general law.\nUnder \u00a7\u00a7 8 to 10 TMG, the provider is not obligated to monitor transmitted or stored external information or investigate circumstances indicating illegal activity.\nObligations to remove or block the use of information under general laws remain unaffected.\nLiability for illegal content is only possible from the moment of knowledge of a specific legal violation.\nOnce aware of legal violations, the provider will remove the content immediately.<\/p><p class=\"font_8\">Liability for links.<\/p><p class=\"font_8\">This is a typical disclaimer regarding external links. It states that:\n\nThe offering may include links to external third-party websites over which we have no influence.\nTherefore, we cannot guarantee the content of these external sites.\nThe responsibility for the content of linked pages always lies with the respective provider or operator.\nThe linked pages were checked for legal violations at the time of linking.\nIllegal content was not evident at the time of linking.\nA continuous content review of linked pages is not reasonable without concrete evidence of legal violations.\nOnce aware of legal violations, such links will be removed immediately.<\/p><p class=\"font_8\">Copyright<\/p><p class=\"font_8\">This is a standard copyright statement, which states:\n\nContent and works created by the site operators are protected under German copyright law.\nReproduction, editing, distribution, and any kind of use beyond the copyright boundaries require written permission from the respective author or creator.\nDownloads and copies of the page are only permitted for private, non-commercial use.\nContent not created by the operator respects third-party copyrights, which are clearly marked.\nIf you become aware of a copyright infringement, please inform us.\nUpon knowledge of legal violations, such content will be removed immediately.<\/p><p class=\"font_8\"><span class=\"wixGuard\">\u200b<\/span><span class=\"wixGuard\">\u200b<\/span>Privacy Policy<\/p><p class=\"font_8\"><span class=\"wixGuard\">\u200b<\/span>The responsible entity within the meaning of data protection laws, especially the EU General Data Protection Regulation (GDPR), is:<\/p><p class=\"font_8\">Tatiana de Sousa Mendon\u00e7a Mischek<\/p><p class=\"font_8\">Your Data Subject Rights.<\/p><p class=\"font_8\">Under the contact details of our data protection officer provided above, you can exercise the following rights at any time:<\/p><ul class=\"font_8 wix-list-text-align\"><li><p class=\"font_8\">Request for information about your data stored with us and its processing.<\/p><\/li><li><p class=\"font_8\">Correction of incorrect personal data,<\/p><\/li><li><p class=\"font_8\">Deletion of your data stored with us<\/p><\/li><li><p class=\"font_8\">Restriction of data processing if we are not permitted to delete your data due to legal obligations,<\/p><\/li><li><p class=\"font_8\">Objection to the processing of your data with us and<\/p><\/li><li><p class=\"font_8\">Data portability, provided that you have consented to the data processing or have entered into a contract with us.<\/p><\/li><\/ul><p class=\"font_8\">If you have given us consent, you can withdraw it at any time with effect for the future.<\/p><p class=\"font_8\">You can, at any time, file a complaint with the competent supervisory authority. Your responsible supervisory authority depends on your place of residence, your place of work, or the suspected violation.<\/p><p class=\"font_8\">Purposes of data processing by the responsible entity and third parties.<\/p><p class=\"font_8\">We process your personal data only for the purposes specified in this privacy policy. Your personal data will not be transmitted to third parties for any purposes other than those mentioned. We only share your personal data with third parties if:<span class=\"wixGuard\">\u200b<\/span><\/p><ul class=\"font_8 wix-list-text-align\"><li><p class=\"font_8\">You have given your explicit consent to do so.<\/p><\/li><li><p class=\"font_8\">The processing is necessary for the performance of a contract with you.<\/p><\/li><li><p class=\"font_8\">The processing is necessary to fulfill a legal obligation, the processing is necessary to protect legitimate interests, and there is no reason to believe that you have an overriding interests worthy of protection in not sharing your data.<\/p><\/li><\/ul><p class=\"font_8\">Deletion or blocking of data.<\/p><p class=\"font_8\">We adhere to the principles of data avoidance and data minimization. Therefore, we only store your personal data as long as it is necessary to achieve the purposes specified here or as required by various storage periods provided by law. Once the respective purpose ceases to apply or these periods expire, the corresponding data will be routinely and in accordance with legal regulations blocked or deleted.<\/p><p class=\"font_8\">Collection of general information when visiting our website.<\/p><p class=\"font_8\"><span class=\"wixGuard\">\u200b<\/span>When you access our website, information of a general nature is automatically collected through a cookie. These details (server log files) include, for example, the type of web browser, the operating system used, the domain name of your internet service provider, and similar information. These are solely details that do not allow conclusions to be drawn about your person.<\/p><p class=\"font_8\">This information is technically necessary to deliver the requested content of web pages correctly and is mandatory when using the internet. They are processed in particular for the following purposes:<span class=\"wixGuard\">\u200b<\/span><\/p><ul class=\"font_8 wix-list-text-align\"><li><p class=\"font_8\">Ensuring a smooth connection to the website.<\/p><\/li><li><p class=\"font_8\">Ensuring smooth use of our website.<\/p><\/li><li><p class=\"font_8\">Assessment of system security and stability as well as<\/p><\/li><li><p class=\"font_8\">for further administrative purposes.<\/p><\/li><\/ul><p class=\"font_8\">The processing of your personal data is based on our legitimate interest from the purposes mentioned above for data collection. We do not use your data to draw conclusions about your person. Recipients of the data are only the responsible entity and, if applicable, data processors.<span class=\"wixGuard\">\u200b<\/span><\/p><p class=\"font_8\">Anonymous information of this kind may be statistically evaluated by us to optimize our online presence and the underlying technology.<\/p><p class=\"font_8\">Provision of paid services<\/p><p class=\"font_8\">To provide paid services, we collect additional data from you, such as payment information, to be able to process your order. We store these data in our systems until the legal retention periods have expired.<\/p><p class=\"font_8\">SSL encryption.<\/p><p class=\"font_8\">To protect the security of your data during transmission, we use encryption methods appropriate to the current state of technology (e.g., SSL) over HTTPS.<\/p><p class=\"font_8\">Comment function.<\/p><p class=\"font_8\">When users leave comments on our website, the date and time of their creation and the user name previously chosen by the website visitor are also stored. This is in our interest of security, as we can be held liable for unlawful content on our website, even if it was created by users.<\/p><p class=\"font_8\">Contact form.<span class=\"wixGuard\">\u200b<\/span><\/p><p class=\"font_8\">f you contact us by email or contact form regarding any questions, you give us your voluntary consent for the purpose of establishing contact. Providing a valid email address is required. This is used to assign the inquiry and to respond to it. Providing additional data is optional. The information you provide will be stored for the purpose of processing your inquiry and for any subsequent questions. After your request has been addressed, personal data will be automatically deleted.<\/p><p class=\"font_8\">Embedded YouTube videos<\/p><p class=\"font_8\"><span class=\"wixGuard\">\u200b<\/span>On some of our web pages, we embed YouTube videos. The operator of the corresponding plugins is YouTube LLC, 901 Cherry Ave., San Bruno, CA 94066, USA. When you visit a page with the YouTube plugin, a connection to YouTube servers is established. During this process, YouTube is informed which pages you are visiting. If you are logged into your YouTube account, YouTube can associate your browsing behavior with your personal profile. You can prevent this by logging out of your YouTube account beforehand.<\/p><p class=\"font_8\">When a YouTube video is played, the provider sets cookies that collect information about user behavior.<\/p><p class=\"font_8\">If you have disabled the storage of cookies for Google's advertising program, you should not encounter such cookies when watching YouTube videos either. However, YouTube also stores non-personal usage information in other cookies. To prevent this, you must block cookie storage in your browser.<\/p><p class=\"font_8\">For more information on data protection concerning 'YouTube,' please see the provider's privacy policy at: https:\/\/policies.google.com\/privacy?hl=de&amp;gl=de<\/p><p class=\"font_8\">Change to our privacy policy.<\/p><p class=\"font_8\">We reserve the right to adapt this privacy policy to ensure it always complies with current legal requirements or to implement changes to our services in the privacy policy, e.g., when introducing new services. For your subsequent visit, the new [privacy policy] then applies.<\/p><p class=\"font_8\">Privacy Policy<\/p><p class=\"font_8\">Questions to the Data Protection Officer.<\/p><p class=\"font_8\">If you have questions about data protection, please send us an email or contact the person responsible for data protection in our organization directly: Tatiana de Sousa Mendon\u00e7a Mischek.<\/p><p class=\"font_8\">The privacy policy was created using\u00a0<a href=\"https:\/\/www.activemind.de\/datenschutz\/datenschutzhinweis-generator\/\" target=\"_blank\" rel=\"noopener\">the privacy policy generator of activeMind AG.<\/a>.<\/p><p class=\"font_8\"><span class=\"wixGuard\">\u200b<\/span><\/p><\/div><div id=\"comp-jhl1i0iy\" class=\"_1Z_nJ\" data-testid=\"richTextElement\"><p class=\"font_8\">Mangal Gre\u00df<br \/>Bahnhofstra\u00dfe 9<br \/>82223 Eichenau<\/p><p>Email: office@yoga-sunyata.com<\/p><\/div><\/div><\/div><\/div><\/div><\/div><\/div><\/div>\t\t\t\t\t\t\t\t<\/div>\n\t\t\t\t<\/div>\n\t\t\t\t\t<\/div>\n\t\t\t\t<\/div>\n\t\t\t\t<\/div>","protected":false},"excerpt":{"rendered":"<p>Impressum Angaben gema\u0308\u00df \u00a7 5 TMG Anbieter:Mangal Gre\u00df Kontakt:Mangal Gre\u00dfBahnhofstra\u00dfe 982223 Eichenau Email: office@yoga-sunyata.com Webseite: https:\/\/yoga-sunyata.com\/ Bei redaktionellen Inhalten:Verantwortlich nach \u00a7 55 [&hellip;]<\/p>","protected":false},"author":1,"featured_media":0,"parent":0,"menu_order":0,"comment_status":"closed","ping_status":"closed","template":"","meta":{"footnotes":""},"class_list":["post-39","page","type-page","status-publish","hentry"],"yoast_head":"<!-- This site is optimized with the Yoast SEO plugin v27.4 - https:\/\/yoast.com\/product\/yoast-seo-wordpress\/ -->\n<title>Impressum -<\/title>\n<meta name=\"description\" content=\"Impressum von Yoga Sunyata, Ihrer Yoga-Lehrerin in M\u00fcnchen. Rechtliche Hinweise, Kontaktinformationen und Verantwortliche auf einen Blick.\" \/>\n<meta name=\"robots\" content=\"index, follow, max-snippet:-1, max-image-preview:large, max-video-preview:-1\" \/>\n<link rel=\"canonical\" href=\"https:\/\/yoga-sunyata.com\/en\/impressum\/\" \/>\n<meta property=\"og:locale\" content=\"en_GB\" \/>\n<meta property=\"og:type\" content=\"article\" \/>\n<meta property=\"og:title\" content=\"Impressum -\" \/>\n<meta property=\"og:description\" content=\"Impressum von Yoga Sunyata, Ihrer Yoga-Lehrerin in M\u00fcnchen. Rechtliche Hinweise, Kontaktinformationen und Verantwortliche auf einen Blick.\" \/>\n<meta property=\"og:url\" content=\"https:\/\/yoga-sunyata.com\/en\/impressum\/\" \/>\n<meta property=\"article:modified_time\" content=\"2025-10-04T11:55:49+00:00\" \/>\n<meta name=\"twitter:card\" content=\"summary_large_image\" \/>\n<meta name=\"twitter:label1\" content=\"Estimated reading time\" \/>\n\t<meta name=\"twitter:data1\" content=\"7 minutes\" \/>\n<script type=\"application\/ld+json\" class=\"yoast-schema-graph\">{\"@context\":\"https:\\\/\\\/schema.org\",\"@graph\":[{\"@type\":\"WebPage\",\"@id\":\"https:\\\/\\\/yoga-sunyata.com\\\/impressum\\\/\",\"url\":\"https:\\\/\\\/yoga-sunyata.com\\\/impressum\\\/\",\"name\":\"Impressum -\",\"isPartOf\":{\"@id\":\"https:\\\/\\\/yoga-sunyata.com\\\/#website\"},\"datePublished\":\"2023-03-18T18:36:12+00:00\",\"dateModified\":\"2025-10-04T11:55:49+00:00\",\"description\":\"Impressum von Yoga Sunyata, Ihrer Yoga-Lehrerin in M\u00fcnchen. Rechtliche Hinweise, Kontaktinformationen und Verantwortliche auf einen Blick.\",\"breadcrumb\":{\"@id\":\"https:\\\/\\\/yoga-sunyata.com\\\/impressum\\\/#breadcrumb\"},\"inLanguage\":\"en-GB\",\"potentialAction\":[{\"@type\":\"ReadAction\",\"target\":[\"https:\\\/\\\/yoga-sunyata.com\\\/impressum\\\/\"]}]},{\"@type\":\"BreadcrumbList\",\"@id\":\"https:\\\/\\\/yoga-sunyata.com\\\/impressum\\\/#breadcrumb\",\"itemListElement\":[{\"@type\":\"ListItem\",\"position\":1,\"name\":\"Startseite\",\"item\":\"https:\\\/\\\/yoga-sunyata.com\\\/\"},{\"@type\":\"ListItem\",\"position\":2,\"name\":\"Impressum\"}]},{\"@type\":\"WebSite\",\"@id\":\"https:\\\/\\\/yoga-sunyata.com\\\/#website\",\"url\":\"https:\\\/\\\/yoga-sunyata.com\\\/\",\"name\":\"\",\"description\":\"\",\"potentialAction\":[{\"@type\":\"SearchAction\",\"target\":{\"@type\":\"EntryPoint\",\"urlTemplate\":\"https:\\\/\\\/yoga-sunyata.com\\\/?s={search_term_string}\"},\"query-input\":{\"@type\":\"PropertyValueSpecification\",\"valueRequired\":true,\"valueName\":\"search_term_string\"}}],\"inLanguage\":\"en-GB\"}]}<\/script>\n<!-- \/ Yoast SEO plugin. -->","yoast_head_json":{"title":"Impressum -","description":"Impressum von Yoga Sunyata, Ihrer Yoga-Lehrerin in M\u00fcnchen. Rechtliche Hinweise, Kontaktinformationen und Verantwortliche auf einen Blick.","robots":{"index":"index","follow":"follow","max-snippet":"max-snippet:-1","max-image-preview":"max-image-preview:large","max-video-preview":"max-video-preview:-1"},"canonical":"https:\/\/yoga-sunyata.com\/en\/impressum\/","og_locale":"en_GB","og_type":"article","og_title":"Impressum -","og_description":"Impressum von Yoga Sunyata, Ihrer Yoga-Lehrerin in M\u00fcnchen. Rechtliche Hinweise, Kontaktinformationen und Verantwortliche auf einen Blick.","og_url":"https:\/\/yoga-sunyata.com\/en\/impressum\/","article_modified_time":"2025-10-04T11:55:49+00:00","twitter_card":"summary_large_image","twitter_misc":{"Estimated reading time":"7 minutes"},"schema":{"@context":"https:\/\/schema.org","@graph":[{"@type":"WebPage","@id":"https:\/\/yoga-sunyata.com\/impressum\/","url":"https:\/\/yoga-sunyata.com\/impressum\/","name":"Impressum -","isPartOf":{"@id":"https:\/\/yoga-sunyata.com\/#website"},"datePublished":"2023-03-18T18:36:12+00:00","dateModified":"2025-10-04T11:55:49+00:00","description":"Impressum von Yoga Sunyata, Ihrer Yoga-Lehrerin in M\u00fcnchen. Rechtliche Hinweise, Kontaktinformationen und Verantwortliche auf einen Blick.","breadcrumb":{"@id":"https:\/\/yoga-sunyata.com\/impressum\/#breadcrumb"},"inLanguage":"en-GB","potentialAction":[{"@type":"ReadAction","target":["https:\/\/yoga-sunyata.com\/impressum\/"]}]},{"@type":"BreadcrumbList","@id":"https:\/\/yoga-sunyata.com\/impressum\/#breadcrumb","itemListElement":[{"@type":"ListItem","position":1,"name":"Startseite","item":"https:\/\/yoga-sunyata.com\/"},{"@type":"ListItem","position":2,"name":"Impressum"}]},{"@type":"WebSite","@id":"https:\/\/yoga-sunyata.com\/#website","url":"https:\/\/yoga-sunyata.com\/","name":"","description":"","potentialAction":[{"@type":"SearchAction","target":{"@type":"EntryPoint","urlTemplate":"https:\/\/yoga-sunyata.com\/?s={search_term_string}"},"query-input":{"@type":"PropertyValueSpecification","valueRequired":true,"valueName":"search_term_string"}}],"inLanguage":"en-GB"}]}},"_links":{"self":[{"href":"https:\/\/yoga-sunyata.com\/en\/wp-json\/wp\/v2\/pages\/39","targetHints":{"allow":["GET"]}}],"collection":[{"href":"https:\/\/yoga-sunyata.com\/en\/wp-json\/wp\/v2\/pages"}],"about":[{"href":"https:\/\/yoga-sunyata.com\/en\/wp-json\/wp\/v2\/types\/page"}],"author":[{"embeddable":true,"href":"https:\/\/yoga-sunyata.com\/en\/wp-json\/wp\/v2\/users\/1"}],"replies":[{"embeddable":true,"href":"https:\/\/yoga-sunyata.com\/en\/wp-json\/wp\/v2\/comments?post=39"}],"version-history":[{"count":15,"href":"https:\/\/yoga-sunyata.com\/en\/wp-json\/wp\/v2\/pages\/39\/revisions"}],"predecessor-version":[{"id":1590,"href":"https:\/\/yoga-sunyata.com\/en\/wp-json\/wp\/v2\/pages\/39\/revisions\/1590"}],"wp:attachment":[{"href":"https:\/\/yoga-sunyata.com\/en\/wp-json\/wp\/v2\/media?parent=39"}],"curies":[{"name":"wp","href":"https:\/\/api.w.org\/{rel}","templated":true}]}}