{"id":34,"date":"2023-03-18T18:36:06","date_gmt":"2023-03-18T18:36:06","guid":{"rendered":"http:\/\/localhost:8888\/yoga-sunyata\/?page_id=34"},"modified":"2026-01-05T07:20:25","modified_gmt":"2026-01-05T07:20:25","slug":"ueber-mich","status":"publish","type":"page","link":"https:\/\/yoga-sunyata.com\/en\/ueber-mich\/","title":{"rendered":"About Me"},"content":{"rendered":"<div data-elementor-type=\"wp-page\" data-elementor-id=\"34\" class=\"elementor elementor-34\">\n\t\t\t\t<div class=\"elementor-element elementor-element-20775fb5 e-con-full e-flex e-con e-parent\" data-id=\"20775fb5\" data-element_type=\"container\" data-e-type=\"container\">\n\t\t<div class=\"elementor-element elementor-element-4af992fc e-con-full e-flex e-con e-child\" data-id=\"4af992fc\" data-element_type=\"container\" data-e-type=\"container\">\n\t\t\t\t<div class=\"elementor-element elementor-element-52015043 elementor-widget elementor-widget-heading\" data-id=\"52015043\" data-element_type=\"widget\" data-e-type=\"widget\" data-widget_type=\"heading.default\">\n\t\t\t\t<div class=\"elementor-widget-container\">\n\t\t\t\t\t<div class=\"elementor-heading-title elementor-size-default\">It's not about perfection, but about staying in your own flow.\n<\/div>\t\t\t\t<\/div>\n\t\t\t\t<\/div>\n\t\t\t\t<\/div>\n\t\t<div class=\"elementor-element elementor-element-aab964d e-con-full e-flex e-con e-child\" data-id=\"aab964d\" data-element_type=\"container\" data-e-type=\"container\">\n\t\t\t\t<div class=\"elementor-element elementor-element-7ce20968 elementor-widget elementor-widget-image\" data-id=\"7ce20968\" data-element_type=\"widget\" data-e-type=\"widget\" data-widget_type=\"image.default\">\n\t\t\t\t<div class=\"elementor-widget-container\">\n\t\t\t\t\t\t\t\t\t\t\t\t\t\t\t<img fetchpriority=\"high\" decoding=\"async\" width=\"884\" height=\"884\" src=\"https:\/\/yoga-sunyata.com\/wp-content\/uploads\/2025\/03\/about_me-1.jpg\" class=\"attachment-full size-full wp-image-1108\" alt=\"\u00dcber mich\" srcset=\"https:\/\/yoga-sunyata.com\/wp-content\/uploads\/2025\/03\/about_me-1.jpg 884w, https:\/\/yoga-sunyata.com\/wp-content\/uploads\/2025\/03\/about_me-1-300x300.jpg 300w, https:\/\/yoga-sunyata.com\/wp-content\/uploads\/2025\/03\/about_me-1-150x150.jpg 150w, https:\/\/yoga-sunyata.com\/wp-content\/uploads\/2025\/03\/about_me-1-768x768.jpg 768w, https:\/\/yoga-sunyata.com\/wp-content\/uploads\/2025\/03\/about_me-1-230x230.jpg 230w, https:\/\/yoga-sunyata.com\/wp-content\/uploads\/2025\/03\/about_me-1-350x350.jpg 350w, https:\/\/yoga-sunyata.com\/wp-content\/uploads\/2025\/03\/about_me-1-480x480.jpg 480w\" sizes=\"(max-width: 884px) 100vw, 884px\" \/>\t\t\t\t\t\t\t\t\t\t\t\t\t\t\t<\/div>\n\t\t\t\t<\/div>\n\t\t\t\t<\/div>\n\t\t\t\t<\/div>\n\t\t<div class=\"elementor-element elementor-element-3ca1a22 e-flex e-con-boxed e-con e-parent\" data-id=\"3ca1a22\" data-element_type=\"container\" data-e-type=\"container\" data-settings=\"{&quot;background_background&quot;:&quot;classic&quot;}\">\n\t\t\t\t\t<div class=\"e-con-inner\">\n\t\t<div class=\"elementor-element elementor-element-5836347 e-con-full e-flex e-con e-child\" data-id=\"5836347\" data-element_type=\"container\" data-e-type=\"container\">\n\t\t\t\t<div class=\"elementor-element elementor-element-81d81b1 elementor-widget elementor-widget-text-editor\" data-id=\"81d81b1\" data-element_type=\"widget\" data-e-type=\"widget\" data-widget_type=\"text-editor.default\">\n\t\t\t\t<div class=\"elementor-widget-container\">\n\t\t\t\t\t\t\t\t\t<h1>\u00dcber mich &#8211; Yoga &amp; Ayurveda<\/h1><p data-start=\"65\" data-end=\"277\">Sch\u00f6n, dass Sie den Weg auf meine Seite gefunden haben! Entdecken Sie Yoga &amp; Ayurveda \u2013 f\u00fcr mehr Balance, innere Ruhe und Gesundheit.\u00a0 Damit Sie mich gleich ein bisschen besser kennenlernen k\u00f6nnen, habe ich Ihnen hier meine pers\u00f6nliche Geschichte aufgeschrieben:<\/p><p data-start=\"279\" data-end=\"677\">I was born on November 12, 1979, in India and was abandoned as an infant immediately after my birth.<br data-start=\"379\" data-end=\"382\" \/>In a heartfelt way, luck turned for the better: after a brief stay in an orphanage, I was adopted at three months old by a German family and had the opportunity to grow up in the beautiful Heidelberg with my older brother, attend school, and later also study there.<\/p><p data-start=\"679\" data-end=\"816\">My work as a TV editor then allowed me to work and live in Munich. It was here that I also met my future husband.<\/p><p data-start=\"818\" data-end=\"1095\">Today, I live with my small family, which has expanded to include a 12-year-old daughter, a Kangal mixed-breed dog, and a small house rat, in the outskirts of Munich \u2013 surrounded by a fairy-tale forest, sprawling fields, and a beautiful lake.<\/p><p data-start=\"1097\" data-end=\"1174\">Professionally, I am able to live my dream, which is divided into two areas:<\/p>\t\t\t\t\t\t\t\t<\/div>\n\t\t\t\t<\/div>\n\t\t\t\t<\/div>\n\t\t\t\t\t<\/div>\n\t\t\t\t<\/div>\n\t\t<div class=\"elementor-element elementor-element-6e6a8f3 e-flex e-con-boxed e-con e-parent\" data-id=\"6e6a8f3\" data-element_type=\"container\" data-e-type=\"container\" data-settings=\"{&quot;background_background&quot;:&quot;classic&quot;}\">\n\t\t\t\t\t<div class=\"e-con-inner\">\n\t\t<div class=\"elementor-element elementor-element-3a94682 e-con-full e-flex e-con e-child\" data-id=\"3a94682\" data-element_type=\"container\" data-e-type=\"container\">\n\t\t\t\t<div class=\"elementor-element elementor-element-1172623 elementor-widget elementor-widget-text-editor\" data-id=\"1172623\" data-element_type=\"widget\" data-e-type=\"widget\" data-widget_type=\"text-editor.default\">\n\t\t\t\t<div class=\"elementor-widget-container\">\n\t\t\t\t\t\t\t\t\t<p data-start=\"1097\" data-end=\"1174\"><a href=\"https:\/\/yoga-sunyata.com\/en\/ayurveda-ernaehrung\/\"><strong>Ayurveda<br \/><\/strong><\/a>Neben meiner Arbeit als <a href=\"https:\/\/yoga-sunyata.com\/en\/tv-arbeit-als-ayurvedakoechin\/\">TV-K\u00f6chin beim Fernsehen<\/a> gebe ich ayurvedische <a href=\"https:\/\/yoga-sunyata.com\/en\/ayurveda-vortrag\/\">Kochkurse<\/a> f\u00fcr Firmen und Privatpersonen. Zudem halte ich regelm\u00e4\u00dfig <a href=\"https:\/\/yoga-sunyata.com\/en\/ayurveda-vortrag\/\">Ayurveda-Vortr\u00e4ge<\/a>, die vor allem zum Ziel haben, den Menschen bewusst zu machen, dass ayurvedische K\u00fcche keinesfalls bedeutet, jeden Tag mit indischen Zutaten zu kochen \u2013 sondern ganz im Gegenteil: auf Gew\u00fcrze, Gem\u00fcse und Obst zur\u00fcckzugreifen, die in dem jeweiligen Land wachsen, in dem man auch wohnt. Dieser wahre Augen\u00f6ffner l\u00e4sst Menschen Ayurveda auf eine ganz neue Art und Weise betrachten und vor allem leichter in der eigenen K\u00fcche integrieren.<\/p><p data-start=\"1637\" data-end=\"1788\"><strong data-start=\"65\" data-end=\"145\"><a href=\"https:\/\/yoga-sunyata.com\/en\/yoga\/\">Yoga<\/a><br \/><\/strong>Zu <a href=\"https:\/\/yoga-sunyata.com\/en\/yoga\/\">Yoga<\/a> hege ich eine ganz besondere Verbindung. Yoga ist f\u00fcr mich eine Reise zu mir selbst.<br data-start=\"1894\" data-end=\"1897\" \/>By combining breath with the movement of my body, I feel each time what it truly means to be in harmony with myself and to forget the noisy outside world. Yoga also helps me to consciously perceive my body and to thank it for carrying me through my everyday life. I also realized (and continue to realize) that the boundaries we set in our minds often prevent us from daring more. Looking back, when I was learning to do handstands and headstands, it wasn't muscle strength I lacked, but the mental boundary and fear of actually turning my body \u2013 quite literally \u2013 upside down.<\/p>\t\t\t\t\t\t\t\t<\/div>\n\t\t\t\t<\/div>\n\t\t\t\t<\/div>\n\t\t<div class=\"elementor-element elementor-element-09ae3d6 e-con-full e-flex e-con e-child\" data-id=\"09ae3d6\" data-element_type=\"container\" data-e-type=\"container\">\n\t\t\t\t<div class=\"elementor-element elementor-element-a0124da elementor-widget elementor-widget-text-editor\" data-id=\"a0124da\" data-element_type=\"widget\" data-e-type=\"widget\" data-widget_type=\"text-editor.default\">\n\t\t\t\t<div class=\"elementor-widget-container\">\n\t\t\t\t\t\t\t\t\t<p data-start=\"2600\" data-end=\"2770\">And above all, yoga teaches me one thing:<br data-start=\"2636\" data-end=\"2639\" \/>Patience (with oneself), not being too critical of oneself, and above all, not giving up on what ignites the heart.<\/p><p data-start=\"2772\" data-end=\"2878\">Yoga changes me every day anew, because there is always something exciting for me to discover.<\/p><p data-start=\"2880\" data-end=\"3161\">In some people, the term <strong data-start=\"2925\" data-end=\"2933\">Yoga<\/strong> is associated with the prejudice of doing little movement, performing boring breathing exercises, and philosophizing about life while wearing colorful striped socks, a bowl filled with muesli, warming Yogi tea, and fragrant incense sticks.<\/p><p data-start=\"3163\" data-end=\"3426\">Except for the few movements and boring breathing exercises, everything else may indeed be accurate. But that is what makes yoga so wonderful. It invites people to come together. Yoga means not judging, not criticizing, and observing oneself.<\/p><p data-start=\"3428\" data-end=\"3544\">This realization is not only one of yoga\u2019s greatest gifts to us \u2013 it is lived peace and freedom.<\/p><p data-start=\"3546\" data-end=\"3583\">And thus, a journey to yourself.<\/p>\t\t\t\t\t\t\t\t<\/div>\n\t\t\t\t<\/div>\n\t\t\t\t<\/div>\n\t\t\t\t\t<\/div>\n\t\t\t\t<\/div>\n\t\t<div class=\"elementor-element elementor-element-116acae2 e-flex e-con-boxed e-con e-parent\" data-id=\"116acae2\" data-element_type=\"container\" data-e-type=\"container\" data-settings=\"{&quot;background_background&quot;:&quot;classic&quot;}\">\n\t\t\t\t\t<div class=\"e-con-inner\">\n\t\t<div class=\"elementor-element elementor-element-10c5cfb9 e-con-full e-flex e-con e-child\" data-id=\"10c5cfb9\" data-element_type=\"container\" data-e-type=\"container\" data-settings=\"{&quot;background_background&quot;:&quot;classic&quot;}\">\n\t\t<div class=\"elementor-element elementor-element-19d46db0 e-con-full e-flex e-con e-child\" data-id=\"19d46db0\" data-element_type=\"container\" data-e-type=\"container\">\n\t\t\t\t<div class=\"elementor-element elementor-element-5d18c48c elementor-widget elementor-widget-image\" data-id=\"5d18c48c\" data-element_type=\"widget\" data-e-type=\"widget\" data-widget_type=\"image.default\">\n\t\t\t\t<div class=\"elementor-widget-container\">\n\t\t\t\t\t\t\t\t\t\t\t\t\t\t\t<img decoding=\"async\" width=\"500\" height=\"500\" src=\"https:\/\/yoga-sunyata.com\/wp-content\/uploads\/2023\/03\/Mangal_Yoga_22082020_.jpg\" class=\"attachment-large size-large wp-image-20\" alt=\"\u00fcber-mich_yoga\" srcset=\"https:\/\/yoga-sunyata.com\/wp-content\/uploads\/2023\/03\/Mangal_Yoga_22082020_.jpg 500w, https:\/\/yoga-sunyata.com\/wp-content\/uploads\/2023\/03\/Mangal_Yoga_22082020_-300x300.jpg 300w, https:\/\/yoga-sunyata.com\/wp-content\/uploads\/2023\/03\/Mangal_Yoga_22082020_-150x150.jpg 150w, https:\/\/yoga-sunyata.com\/wp-content\/uploads\/2023\/03\/Mangal_Yoga_22082020_-480x480.jpg 480w\" sizes=\"(max-width: 500px) 100vw, 500px\" \/>\t\t\t\t\t\t\t\t\t\t\t\t\t\t\t<\/div>\n\t\t\t\t<\/div>\n\t\t\t\t<div class=\"elementor-element elementor-element-28feb6d7 elementor-widget elementor-widget-image\" data-id=\"28feb6d7\" data-element_type=\"widget\" data-e-type=\"widget\" data-widget_type=\"image.default\">\n\t\t\t\t<div class=\"elementor-widget-container\">\n\t\t\t\t\t\t\t\t\t\t\t\t\t\t\t<img decoding=\"async\" width=\"375\" height=\"500\" src=\"https:\/\/yoga-sunyata.com\/wp-content\/uploads\/2023\/07\/Mangal_Sunyata_02.jpg\" class=\"attachment-large size-large wp-image-199\" alt=\"\u00fcber-mich_yoga\" srcset=\"https:\/\/yoga-sunyata.com\/wp-content\/uploads\/2023\/07\/Mangal_Sunyata_02.jpg 375w, https:\/\/yoga-sunyata.com\/wp-content\/uploads\/2023\/07\/Mangal_Sunyata_02-225x300.jpg 225w\" sizes=\"(max-width: 375px) 100vw, 375px\" \/>\t\t\t\t\t\t\t\t\t\t\t\t\t\t\t<\/div>\n\t\t\t\t<\/div>\n\t\t\t\t<\/div>\n\t\t<div class=\"elementor-element elementor-element-720c6071 e-con-full e-flex e-con e-child\" data-id=\"720c6071\" data-element_type=\"container\" data-e-type=\"container\">\n\t\t\t\t<div class=\"elementor-element elementor-element-5ff4e615 elementor-widget elementor-widget-image\" data-id=\"5ff4e615\" data-element_type=\"widget\" data-e-type=\"widget\" data-widget_type=\"image.default\">\n\t\t\t\t<div class=\"elementor-widget-container\">\n\t\t\t\t\t\t\t\t\t\t\t\t\t\t\t<img loading=\"lazy\" decoding=\"async\" width=\"346\" height=\"500\" src=\"https:\/\/yoga-sunyata.com\/wp-content\/uploads\/2023\/03\/Mangal_Yoga_08012022_5145.jpg\" class=\"attachment-large size-large wp-image-16\" alt=\"\u00fcber-mich_yoga\" srcset=\"https:\/\/yoga-sunyata.com\/wp-content\/uploads\/2023\/03\/Mangal_Yoga_08012022_5145.jpg 346w, https:\/\/yoga-sunyata.com\/wp-content\/uploads\/2023\/03\/Mangal_Yoga_08012022_5145-208x300.jpg 208w\" sizes=\"(max-width: 346px) 100vw, 346px\" \/>\t\t\t\t\t\t\t\t\t\t\t\t\t\t\t<\/div>\n\t\t\t\t<\/div>\n\t\t\t\t<div class=\"elementor-element elementor-element-3adaa5a1 elementor-widget elementor-widget-image\" data-id=\"3adaa5a1\" data-element_type=\"widget\" data-e-type=\"widget\" data-widget_type=\"image.default\">\n\t\t\t\t<div class=\"elementor-widget-container\">\n\t\t\t\t\t\t\t\t\t\t\t\t\t\t\t<img loading=\"lazy\" decoding=\"async\" width=\"375\" height=\"500\" src=\"https:\/\/yoga-sunyata.com\/wp-content\/uploads\/2023\/03\/Mangal_Yoga_31122021_4418.jpg\" class=\"attachment-large size-large wp-image-28\" alt=\"\u00fcber-mich_yoga\" srcset=\"https:\/\/yoga-sunyata.com\/wp-content\/uploads\/2023\/03\/Mangal_Yoga_31122021_4418.jpg 375w, https:\/\/yoga-sunyata.com\/wp-content\/uploads\/2023\/03\/Mangal_Yoga_31122021_4418-225x300.jpg 225w\" sizes=\"(max-width: 375px) 100vw, 375px\" \/>\t\t\t\t\t\t\t\t\t\t\t\t\t\t\t<\/div>\n\t\t\t\t<\/div>\n\t\t\t\t<\/div>\n\t\t\t\t<\/div>\n\t\t<div class=\"elementor-element elementor-element-7397340c e-con-full e-flex e-con e-child\" data-id=\"7397340c\" data-element_type=\"container\" data-e-type=\"container\">\n\t\t\t\t<div class=\"elementor-element elementor-element-37f079e8 elementor-widget elementor-widget-heading\" data-id=\"37f079e8\" data-element_type=\"widget\" data-e-type=\"widget\" data-widget_type=\"heading.default\">\n\t\t\t\t<div class=\"elementor-widget-container\">\n\t\t\t\t\t<div class=\"elementor-heading-title elementor-size-default\">Let's create something special together.\n\n\n\n\n\n\n\n<\/div>\t\t\t\t<\/div>\n\t\t\t\t<\/div>\n\t\t\t\t<div class=\"elementor-element elementor-element-449af9fa elementor-widget elementor-widget-text-editor\" data-id=\"449af9fa\" data-element_type=\"widget\" data-e-type=\"widget\" data-widget_type=\"text-editor.default\">\n\t\t\t\t<div class=\"elementor-widget-container\">\n\t\t\t\t\t\t\t\t\t<p>I will support you with expertise and empathy on your journey to greater ease and inner strength.\u00a0<\/p>\t\t\t\t\t\t\t\t<\/div>\n\t\t\t\t<\/div>\n\t\t\t\t<\/div>\n\t\t\t\t\t<\/div>\n\t\t\t\t<\/div>\n\t\t<div class=\"elementor-element elementor-element-57d3dba e-flex e-con-boxed e-con e-parent\" data-id=\"57d3dba\" data-element_type=\"container\" data-e-type=\"container\">\n\t\t\t\t\t<div class=\"e-con-inner\">\n\t\t<div class=\"elementor-element elementor-element-5c51c8d e-con-full e-flex e-con e-child\" data-id=\"5c51c8d\" data-element_type=\"container\" data-e-type=\"container\">\n\t\t\t\t<div class=\"elementor-element elementor-element-3faa855 elementor-widget elementor-widget-heading\" data-id=\"3faa855\" data-element_type=\"widget\" data-e-type=\"widget\" data-widget_type=\"heading.default\">\n\t\t\t\t<div class=\"elementor-widget-container\">\n\t\t\t\t\t<div class=\"elementor-heading-title elementor-size-default\">The power of yoga \u2013 connected with the sea\u00a0<\/div>\t\t\t\t<\/div>\n\t\t\t\t<\/div>\n\t\t\t\t<div class=\"elementor-element elementor-element-537f395 elementor-widget elementor-widget-text-editor\" data-id=\"537f395\" data-element_type=\"widget\" data-e-type=\"widget\" data-widget_type=\"text-editor.default\">\n\t\t\t\t<div class=\"elementor-widget-container\">\n\t\t\t\t\t\t\t\t\t<p class=\"\" data-start=\"118\" data-end=\"288\">In the silence of the ocean, in the rhythm of the waves, yoga reveals its full magic. Every movement flows with nature, and every breath connects body, mind, and soul.<\/p><p class=\"\" data-start=\"118\" data-end=\"288\">Lassen Sie sich von der Sanftheit und Kraft der Asanas inspirieren \u2013 f\u00fcr mehr Balance, innere Ruhe und Lebenskraft!<\/p>\t\t\t\t\t\t\t\t<\/div>\n\t\t\t\t<\/div>\n\t\t\t\t<\/div>\n\t\t<div class=\"elementor-element elementor-element-d5b09d7 e-con-full e-flex e-con e-child\" data-id=\"d5b09d7\" data-element_type=\"container\" data-e-type=\"container\">\n\t\t\t\t<div class=\"elementor-element elementor-element-20b6125 elementor-widget elementor-widget-video\" data-id=\"20b6125\" data-element_type=\"widget\" data-e-type=\"widget\" data-settings=\"{&quot;video_type&quot;:&quot;hosted&quot;,&quot;autoplay&quot;:&quot;yes&quot;,&quot;mute&quot;:&quot;yes&quot;,&quot;controls&quot;:&quot;yes&quot;}\" data-widget_type=\"video.default\">\n\t\t\t\t<div class=\"elementor-widget-container\">\n\t\t\t\t\t\t\t<div class=\"e-hosted-video elementor-wrapper elementor-open-inline\">\n\t\t\t\t\t<video class=\"elementor-video\" src=\"https:\/\/yoga-sunyata.com\/wp-content\/uploads\/2023\/03\/41451545-e3f2-4b34-85a7-e3632369651a.mp4\" autoplay=\"\" controls=\"\" muted=\"muted\" controlslist=\"nodownload\"><\/video>\n\t\t\t\t<\/div>\n\t\t\t\t\t\t<\/div>\n\t\t\t\t<\/div>\n\t\t\t\t<\/div>\n\t\t\t\t\t<\/div>\n\t\t\t\t<\/div>\n\t\t<div class=\"elementor-element elementor-element-f8d2bfd e-flex e-con-boxed e-con e-parent\" data-id=\"f8d2bfd\" data-element_type=\"container\" data-e-type=\"container\">\n\t\t\t\t\t<div class=\"e-con-inner\">\n\t\t\t\t<div class=\"elementor-element elementor-element-2960b7e elementor-widget elementor-widget-text-editor\" data-id=\"2960b7e\" data-element_type=\"widget\" data-e-type=\"widget\" data-widget_type=\"text-editor.default\">\n\t\t\t\t<div class=\"elementor-widget-container\">\n\t\t\t\t\t\t\t\t\t<p>Zertifiziert durch <a href=\"https:\/\/yoga-mandiram.de\/\" target=\"_blank\" rel=\"noopener\">Yoga Mandiram<\/a><\/p>\t\t\t\t\t\t\t\t<\/div>\n\t\t\t\t<\/div>\n\t\t<div class=\"elementor-element elementor-element-8cd220f e-con-full e-flex e-con e-child\" data-id=\"8cd220f\" data-element_type=\"container\" data-e-type=\"container\">\n\t\t\t\t<div class=\"elementor-element elementor-element-e76c5f4 elementor-widget elementor-widget-image\" data-id=\"e76c5f4\" data-element_type=\"widget\" data-e-type=\"widget\" data-widget_type=\"image.default\">\n\t\t\t\t<div class=\"elementor-widget-container\">\n\t\t\t\t\t\t\t\t\t\t\t\t\t\t\t<img loading=\"lazy\" decoding=\"async\" width=\"1966\" height=\"592\" src=\"https:\/\/yoga-sunyata.com\/wp-content\/uploads\/2025\/09\/Logo-yoga-mandiram1.jpg\" class=\"attachment-full size-full wp-image-1900\" alt=\"\" \/>\t\t\t\t\t\t\t\t\t\t\t\t\t\t\t<\/div>\n\t\t\t\t<\/div>\n\t\t\t\t<\/div>\n\t\t\t\t\t<\/div>\n\t\t\t\t<\/div>\n\t\t\t\t<\/div>","protected":false},"excerpt":{"rendered":"<p>Es geht nicht um Perfektion, sondern darum, im eigenen Flow zu bleiben. \u00dcber mich &#8211; Yoga &amp; Ayurveda Sch\u00f6n, dass Sie den [&hellip;]<\/p>","protected":false},"author":1,"featured_media":0,"parent":0,"menu_order":0,"comment_status":"closed","ping_status":"closed","template":"","meta":{"footnotes":""},"class_list":["post-34","page","type-page","status-publish","hentry"],"yoast_head":"<!-- This site is optimized with the Yoast SEO plugin v27.4 - https:\/\/yoast.com\/product\/yoast-seo-wordpress\/ -->\n<title>\u00dcber mich -<\/title>\n<meta name=\"description\" content=\"Lernen Sie \u00fcber mich Yoga &amp; Ayurveda M\u00fcnchen kennen. Ich begleite Sie einf\u00fchlsam auf Ihrem Weg zu mehr Balance, Gesundheit und innerer Ruhe.\" \/>\n<meta name=\"robots\" content=\"index, follow, max-snippet:-1, max-image-preview:large, max-video-preview:-1\" \/>\n<link rel=\"canonical\" href=\"https:\/\/yoga-sunyata.com\/en\/ueber-mich\/\" \/>\n<meta property=\"og:locale\" content=\"en_GB\" \/>\n<meta property=\"og:type\" content=\"article\" \/>\n<meta property=\"og:title\" content=\"\u00dcber mich -\" \/>\n<meta property=\"og:description\" content=\"Lernen Sie \u00fcber mich Yoga &amp; Ayurveda M\u00fcnchen kennen. Ich begleite Sie einf\u00fchlsam auf Ihrem Weg zu mehr Balance, Gesundheit und innerer Ruhe.\" \/>\n<meta property=\"og:url\" content=\"https:\/\/yoga-sunyata.com\/en\/ueber-mich\/\" \/>\n<meta property=\"article:modified_time\" content=\"2026-01-05T07:20:25+00:00\" \/>\n<meta property=\"og:image\" content=\"https:\/\/yoga-sunyata.com\/wp-content\/uploads\/2025\/03\/about_me-1.jpg\" \/>\n\t<meta property=\"og:image:width\" content=\"884\" \/>\n\t<meta property=\"og:image:height\" content=\"884\" \/>\n\t<meta property=\"og:image:type\" content=\"image\/jpeg\" \/>\n<meta name=\"twitter:card\" content=\"summary_large_image\" \/>\n<meta name=\"twitter:label1\" content=\"Estimated reading time\" \/>\n\t<meta name=\"twitter:data1\" content=\"5 minutes\" \/>\n<script type=\"application\/ld+json\" class=\"yoast-schema-graph\">{\"@context\":\"https:\\\/\\\/schema.org\",\"@graph\":[{\"@type\":\"WebPage\",\"@id\":\"https:\\\/\\\/yoga-sunyata.com\\\/ueber-mich\\\/\",\"url\":\"https:\\\/\\\/yoga-sunyata.com\\\/ueber-mich\\\/\",\"name\":\"\u00dcber mich -\",\"isPartOf\":{\"@id\":\"https:\\\/\\\/yoga-sunyata.com\\\/#website\"},\"primaryImageOfPage\":{\"@id\":\"https:\\\/\\\/yoga-sunyata.com\\\/ueber-mich\\\/#primaryimage\"},\"image\":{\"@id\":\"https:\\\/\\\/yoga-sunyata.com\\\/ueber-mich\\\/#primaryimage\"},\"thumbnailUrl\":\"https:\\\/\\\/yoga-sunyata.com\\\/wp-content\\\/uploads\\\/2025\\\/03\\\/about_me-1.jpg\",\"datePublished\":\"2023-03-18T18:36:06+00:00\",\"dateModified\":\"2026-01-05T07:20:25+00:00\",\"description\":\"Lernen Sie \u00fcber mich Yoga & Ayurveda M\u00fcnchen kennen. Ich begleite Sie einf\u00fchlsam auf Ihrem Weg zu mehr Balance, Gesundheit und innerer Ruhe.\",\"breadcrumb\":{\"@id\":\"https:\\\/\\\/yoga-sunyata.com\\\/ueber-mich\\\/#breadcrumb\"},\"inLanguage\":\"en-GB\",\"potentialAction\":[{\"@type\":\"ReadAction\",\"target\":[\"https:\\\/\\\/yoga-sunyata.com\\\/ueber-mich\\\/\"]}]},{\"@type\":\"ImageObject\",\"inLanguage\":\"en-GB\",\"@id\":\"https:\\\/\\\/yoga-sunyata.com\\\/ueber-mich\\\/#primaryimage\",\"url\":\"https:\\\/\\\/yoga-sunyata.com\\\/wp-content\\\/uploads\\\/2025\\\/03\\\/about_me-1.jpg\",\"contentUrl\":\"https:\\\/\\\/yoga-sunyata.com\\\/wp-content\\\/uploads\\\/2025\\\/03\\\/about_me-1.jpg\"},{\"@type\":\"BreadcrumbList\",\"@id\":\"https:\\\/\\\/yoga-sunyata.com\\\/ueber-mich\\\/#breadcrumb\",\"itemListElement\":[{\"@type\":\"ListItem\",\"position\":1,\"name\":\"Startseite\",\"item\":\"https:\\\/\\\/yoga-sunyata.com\\\/\"},{\"@type\":\"ListItem\",\"position\":2,\"name\":\"\u00dcber mich\"}]},{\"@type\":\"WebSite\",\"@id\":\"https:\\\/\\\/yoga-sunyata.com\\\/#website\",\"url\":\"https:\\\/\\\/yoga-sunyata.com\\\/\",\"name\":\"\",\"description\":\"\",\"potentialAction\":[{\"@type\":\"SearchAction\",\"target\":{\"@type\":\"EntryPoint\",\"urlTemplate\":\"https:\\\/\\\/yoga-sunyata.com\\\/?s={search_term_string}\"},\"query-input\":{\"@type\":\"PropertyValueSpecification\",\"valueRequired\":true,\"valueName\":\"search_term_string\"}}],\"inLanguage\":\"en-GB\"}]}<\/script>\n<!-- \/ Yoast SEO plugin. -->","yoast_head_json":{"title":"\u00dcber mich -","description":"Lernen Sie \u00fcber mich Yoga & Ayurveda M\u00fcnchen kennen. Ich begleite Sie einf\u00fchlsam auf Ihrem Weg zu mehr Balance, Gesundheit und innerer Ruhe.","robots":{"index":"index","follow":"follow","max-snippet":"max-snippet:-1","max-image-preview":"max-image-preview:large","max-video-preview":"max-video-preview:-1"},"canonical":"https:\/\/yoga-sunyata.com\/en\/ueber-mich\/","og_locale":"en_GB","og_type":"article","og_title":"\u00dcber mich -","og_description":"Lernen Sie \u00fcber mich Yoga & Ayurveda M\u00fcnchen kennen. Ich begleite Sie einf\u00fchlsam auf Ihrem Weg zu mehr Balance, Gesundheit und innerer Ruhe.","og_url":"https:\/\/yoga-sunyata.com\/en\/ueber-mich\/","article_modified_time":"2026-01-05T07:20:25+00:00","og_image":[{"width":884,"height":884,"url":"https:\/\/yoga-sunyata.com\/wp-content\/uploads\/2025\/03\/about_me-1.jpg","type":"image\/jpeg"}],"twitter_card":"summary_large_image","twitter_misc":{"Estimated reading time":"5 minutes"},"schema":{"@context":"https:\/\/schema.org","@graph":[{"@type":"WebPage","@id":"https:\/\/yoga-sunyata.com\/ueber-mich\/","url":"https:\/\/yoga-sunyata.com\/ueber-mich\/","name":"\u00dcber mich -","isPartOf":{"@id":"https:\/\/yoga-sunyata.com\/#website"},"primaryImageOfPage":{"@id":"https:\/\/yoga-sunyata.com\/ueber-mich\/#primaryimage"},"image":{"@id":"https:\/\/yoga-sunyata.com\/ueber-mich\/#primaryimage"},"thumbnailUrl":"https:\/\/yoga-sunyata.com\/wp-content\/uploads\/2025\/03\/about_me-1.jpg","datePublished":"2023-03-18T18:36:06+00:00","dateModified":"2026-01-05T07:20:25+00:00","description":"Lernen Sie \u00fcber mich Yoga & Ayurveda M\u00fcnchen kennen. Ich begleite Sie einf\u00fchlsam auf Ihrem Weg zu mehr Balance, Gesundheit und innerer Ruhe.","breadcrumb":{"@id":"https:\/\/yoga-sunyata.com\/ueber-mich\/#breadcrumb"},"inLanguage":"en-GB","potentialAction":[{"@type":"ReadAction","target":["https:\/\/yoga-sunyata.com\/ueber-mich\/"]}]},{"@type":"ImageObject","inLanguage":"en-GB","@id":"https:\/\/yoga-sunyata.com\/ueber-mich\/#primaryimage","url":"https:\/\/yoga-sunyata.com\/wp-content\/uploads\/2025\/03\/about_me-1.jpg","contentUrl":"https:\/\/yoga-sunyata.com\/wp-content\/uploads\/2025\/03\/about_me-1.jpg"},{"@type":"BreadcrumbList","@id":"https:\/\/yoga-sunyata.com\/ueber-mich\/#breadcrumb","itemListElement":[{"@type":"ListItem","position":1,"name":"Startseite","item":"https:\/\/yoga-sunyata.com\/"},{"@type":"ListItem","position":2,"name":"\u00dcber mich"}]},{"@type":"WebSite","@id":"https:\/\/yoga-sunyata.com\/#website","url":"https:\/\/yoga-sunyata.com\/","name":"","description":"","potentialAction":[{"@type":"SearchAction","target":{"@type":"EntryPoint","urlTemplate":"https:\/\/yoga-sunyata.com\/?s={search_term_string}"},"query-input":{"@type":"PropertyValueSpecification","valueRequired":true,"valueName":"search_term_string"}}],"inLanguage":"en-GB"}]}},"_links":{"self":[{"href":"https:\/\/yoga-sunyata.com\/en\/wp-json\/wp\/v2\/pages\/34","targetHints":{"allow":["GET"]}}],"collection":[{"href":"https:\/\/yoga-sunyata.com\/en\/wp-json\/wp\/v2\/pages"}],"about":[{"href":"https:\/\/yoga-sunyata.com\/en\/wp-json\/wp\/v2\/types\/page"}],"author":[{"embeddable":true,"href":"https:\/\/yoga-sunyata.com\/en\/wp-json\/wp\/v2\/users\/1"}],"replies":[{"embeddable":true,"href":"https:\/\/yoga-sunyata.com\/en\/wp-json\/wp\/v2\/comments?post=34"}],"version-history":[{"count":155,"href":"https:\/\/yoga-sunyata.com\/en\/wp-json\/wp\/v2\/pages\/34\/revisions"}],"predecessor-version":[{"id":2166,"href":"https:\/\/yoga-sunyata.com\/en\/wp-json\/wp\/v2\/pages\/34\/revisions\/2166"}],"wp:attachment":[{"href":"https:\/\/yoga-sunyata.com\/en\/wp-json\/wp\/v2\/media?parent=34"}],"curies":[{"name":"wp","href":"https:\/\/api.w.org\/{rel}","templated":true}]}}