{"id":315,"date":"2023-09-09T20:33:41","date_gmt":"2023-09-09T20:33:41","guid":{"rendered":"http:\/\/localhost:8888\/yoga-sunyata\/?page_id=315"},"modified":"2026-01-05T07:04:57","modified_gmt":"2026-01-05T07:04:57","slug":"yoga-fuer-firmen","status":"publish","type":"page","link":"https:\/\/yoga-sunyata.com\/en\/yoga-fuer-firmen\/","title":{"rendered":"Yoga for companies"},"content":{"rendered":"<div data-elementor-type=\"wp-page\" data-elementor-id=\"315\" class=\"elementor elementor-315\">\n\t\t\t\t<div class=\"elementor-element elementor-element-2bbc20cf e-con-full e-flex e-con e-parent\" data-id=\"2bbc20cf\" data-element_type=\"container\" data-e-type=\"container\" data-settings=\"{&quot;background_background&quot;:&quot;classic&quot;}\">\n\t\t<div class=\"elementor-element elementor-element-30c8dc62 e-con-full e-flex e-con e-child\" data-id=\"30c8dc62\" data-element_type=\"container\" data-e-type=\"container\">\n\t\t\t\t<div class=\"elementor-element elementor-element-3aaa1261 elementor-widget elementor-widget-heading\" data-id=\"3aaa1261\" data-element_type=\"widget\" data-e-type=\"widget\" data-widget_type=\"heading.default\">\n\t\t\t\t<div class=\"elementor-widget-container\">\n\t\t\t\t\t<h1 class=\"elementor-heading-title elementor-size-default\">Yoga for companies<\/h1>\t\t\t\t<\/div>\n\t\t\t\t<\/div>\n\t\t\t\t<div class=\"elementor-element elementor-element-5f6aa2eb elementor-widget elementor-widget-text-editor\" data-id=\"5f6aa2eb\" data-element_type=\"widget\" data-e-type=\"widget\" data-widget_type=\"text-editor.default\">\n\t\t\t\t<div class=\"elementor-widget-container\">\n\t\t\t\t\t\t\t\t\t<p>Immer mehr Unternehmen setzen auf Yoga f\u00fcr Firmen, um die Gesundheit ihrer Mitarbeitenden zu f\u00f6rdern und ein angenehmes Arbeitsklima zu schaffen. Yoga am Arbeitsplatz kann Stress abbauen, die Konzentration steigern und das allgemeine Wohlbefinden verbessern. Studien zeigen, dass regelm\u00e4\u00dfige Yoga-Einheiten im B\u00fcro die Produktivit\u00e4t erh\u00f6hen und Krankheitsausf\u00e4lle reduzieren k\u00f6nnen.<\/p><p>Durch Yoga f\u00fcr Firmen lassen sich Verspannungen l\u00f6sen, die durch langes Sitzen entstehen, und die K\u00f6rperhaltung nachhaltig verbessern. Viele Unternehmen bieten spezielle Yoga-Kurse in der Mittagspause oder am Feierabend an, um den Mitarbeitern eine einfache M\u00f6glichkeit zur Stressbew\u00e4ltigung und Energiegewinnung zu bieten.<\/p><p>Wenn Sie Yoga f\u00fcr Firmen in Ihr Betriebliches Gesundheitsmanagement integrieren m\u00f6chten, profitieren sowohl Ihre Mitarbeitenden als auch Ihr Unternehmen von einem ges\u00fcnderen, motivierteren Team.<\/p><p>Studies have shown that yoga sessions at the workplace, whether during lunch breaks or at the end of working hours, help reduce stress and boost energy.<\/p>\t\t\t\t\t\t\t\t<\/div>\n\t\t\t\t<\/div>\n\t\t\t\t<\/div>\n\t\t<div class=\"elementor-element elementor-element-600cc7aa e-con-full e-flex e-con e-child\" data-id=\"600cc7aa\" data-element_type=\"container\" data-e-type=\"container\">\n\t\t\t\t<div class=\"elementor-element elementor-element-5a30806c elementor-widget elementor-widget-image\" data-id=\"5a30806c\" data-element_type=\"widget\" data-e-type=\"widget\" data-widget_type=\"image.default\">\n\t\t\t\t<div class=\"elementor-widget-container\">\n\t\t\t\t\t\t\t\t\t\t\t\t\t\t\t<img fetchpriority=\"high\" decoding=\"async\" width=\"500\" height=\"750\" src=\"https:\/\/yoga-sunyata.com\/wp-content\/uploads\/2023\/09\/Yoga_Sunyata_pexels-marcus-aurelius-6787357.jpeg\" class=\"attachment-full size-full wp-image-309\" alt=\"\" srcset=\"https:\/\/yoga-sunyata.com\/wp-content\/uploads\/2023\/09\/Yoga_Sunyata_pexels-marcus-aurelius-6787357.jpeg 500w, https:\/\/yoga-sunyata.com\/wp-content\/uploads\/2023\/09\/Yoga_Sunyata_pexels-marcus-aurelius-6787357-200x300.jpeg 200w, https:\/\/yoga-sunyata.com\/wp-content\/uploads\/2023\/09\/Yoga_Sunyata_pexels-marcus-aurelius-6787357-480x720.jpeg 480w\" sizes=\"(max-width: 500px) 100vw, 500px\" \/>\t\t\t\t\t\t\t\t\t\t\t\t\t\t\t<\/div>\n\t\t\t\t<\/div>\n\t\t\t\t<\/div>\n\t\t\t\t<\/div>\n\t\t<div class=\"elementor-element elementor-element-55cfa3b8 e-flex e-con-boxed e-con e-parent\" data-id=\"55cfa3b8\" data-element_type=\"container\" data-e-type=\"container\" data-settings=\"{&quot;background_background&quot;:&quot;classic&quot;}\">\n\t\t\t\t\t<div class=\"e-con-inner\">\n\t\t\t\t<div class=\"elementor-element elementor-element-53ae7ee0 elementor-widget elementor-widget-heading\" data-id=\"53ae7ee0\" data-element_type=\"widget\" data-e-type=\"widget\" data-widget_type=\"heading.default\">\n\t\t\t\t<div class=\"elementor-widget-container\">\n\t\t\t\t\t<h3 class=\"elementor-heading-title elementor-size-default\">Business Yoga \u2013 Relaxation &amp; Energy at the Workplace<\/h3>\t\t\t\t<\/div>\n\t\t\t\t<\/div>\n\t\t\t\t<div class=\"elementor-element elementor-element-3738326c elementor-widget elementor-widget-text-editor\" data-id=\"3738326c\" data-element_type=\"widget\" data-e-type=\"widget\" data-widget_type=\"text-editor.default\">\n\t\t\t\t<div class=\"elementor-widget-container\">\n\t\t\t\t\t\t\t\t\t<div class=\"flex max-w-full flex-col flex-grow\"><div class=\"min-h-8 text-message relative flex w-full flex-col items-end gap-2 whitespace-normal break-words text-start [.text-message+&amp;]:mt-5\" dir=\"auto\" data-message-author-role=\"assistant\" data-message-id=\"8485754b-dd13-4d8d-995f-299e029d9edb\" data-message-model-slug=\"gpt-4o\"><div class=\"flex w-full flex-col gap-1 empty:hidden first:pt-[3px]\"><div class=\"markdown prose w-full break-words dark:prose-invert dark\"><p data-start=\"61\" data-end=\"217\" data-is-last-node=\"\" data-is-only-node=\"\">Relaxed employees are motivated employees. Promote health, focus, and well-being in your company \u2013 with yoga right at the workplace. \ud83e\uddd8\u200d\u2642\ufe0f<\/p><\/div><\/div><\/div><\/div><div class=\"mb-2 flex gap-3 -ml-2\"><div class=\"flex items-center justify-start rounded-xl p-1\">\u00a0<\/div><\/div><p><strong>Prices upon request, depending on:<\/strong><br \/>Your preferences for the course structure<br \/>Requirements at the location<br \/>Number of participants<\/p>\t\t\t\t\t\t\t\t<\/div>\n\t\t\t\t<\/div>\n\t\t\t\t<div class=\"elementor-element elementor-element-2aeaca59 elementor-mobile-align-center elementor-align-center elementor-widget elementor-widget-button\" data-id=\"2aeaca59\" data-element_type=\"widget\" data-e-type=\"widget\" data-widget_type=\"button.default\">\n\t\t\t\t<div class=\"elementor-widget-container\">\n\t\t\t\t\t\t\t\t\t<div class=\"elementor-button-wrapper\">\n\t\t\t\t\t<a class=\"elementor-button elementor-button-link elementor-size-sm\" href=\"https:\/\/yoga-sunyata.com\/en\/kontakt\/\">\n\t\t\t\t\t\t<span class=\"elementor-button-content-wrapper\">\n\t\t\t\t\t\t\t\t\t<span class=\"elementor-button-text\">Contact<\/span>\n\t\t\t\t\t<\/span>\n\t\t\t\t\t<\/a>\n\t\t\t\t<\/div>\n\t\t\t\t\t\t\t\t<\/div>\n\t\t\t\t<\/div>\n\t\t\t\t\t<\/div>\n\t\t\t\t<\/div>\n\t\t\t\t<\/div>","protected":false},"excerpt":{"rendered":"<p>Yoga f\u00fcr Firmen Immer mehr Unternehmen setzen auf Yoga f\u00fcr Firmen, um die Gesundheit ihrer Mitarbeitenden zu f\u00f6rdern und ein angenehmes Arbeitsklima [&hellip;]<\/p>","protected":false},"author":2,"featured_media":0,"parent":0,"menu_order":0,"comment_status":"closed","ping_status":"closed","template":"","meta":{"footnotes":""},"class_list":["post-315","page","type-page","status-publish","hentry"],"yoast_head":"<!-- This site is optimized with the Yoast SEO plugin v27.4 - https:\/\/yoast.com\/product\/yoast-seo-wordpress\/ -->\n<title>Yoga f\u00fcr Firmen -<\/title>\n<meta name=\"description\" content=\"F\u00f6rdern Sie Gesundheit, Fokus und Wohlbefinden in Ihrem Unternehmen mit Yoga f\u00fcr Firmen in und um M\u00fcnchen. Preise auf Anfrage.\" \/>\n<meta name=\"robots\" content=\"index, follow, max-snippet:-1, max-image-preview:large, max-video-preview:-1\" \/>\n<link rel=\"canonical\" href=\"https:\/\/yoga-sunyata.com\/en\/yoga-fuer-firmen\/\" \/>\n<meta property=\"og:locale\" content=\"en_GB\" \/>\n<meta property=\"og:type\" content=\"article\" \/>\n<meta property=\"og:title\" content=\"Yoga f\u00fcr Firmen -\" \/>\n<meta property=\"og:description\" content=\"F\u00f6rdern Sie Gesundheit, Fokus und Wohlbefinden in Ihrem Unternehmen mit Yoga f\u00fcr Firmen in und um M\u00fcnchen. Preise auf Anfrage.\" \/>\n<meta property=\"og:url\" content=\"https:\/\/yoga-sunyata.com\/en\/yoga-fuer-firmen\/\" \/>\n<meta property=\"article:modified_time\" content=\"2026-01-05T07:04:57+00:00\" \/>\n<meta property=\"og:image\" content=\"https:\/\/yoga-sunyata.com\/wp-content\/uploads\/2023\/09\/Yoga_Sunyata_pexels-marcus-aurelius-6787357.jpeg\" \/>\n\t<meta property=\"og:image:width\" content=\"500\" \/>\n\t<meta property=\"og:image:height\" content=\"750\" \/>\n\t<meta property=\"og:image:type\" content=\"image\/jpeg\" \/>\n<meta name=\"twitter:card\" content=\"summary_large_image\" \/>\n<meta name=\"twitter:label1\" content=\"Estimated reading time\" \/>\n\t<meta name=\"twitter:data1\" content=\"2 minutes\" \/>\n<script type=\"application\/ld+json\" class=\"yoast-schema-graph\">{\"@context\":\"https:\\\/\\\/schema.org\",\"@graph\":[{\"@type\":\"WebPage\",\"@id\":\"https:\\\/\\\/yoga-sunyata.com\\\/yoga-fuer-firmen\\\/\",\"url\":\"https:\\\/\\\/yoga-sunyata.com\\\/yoga-fuer-firmen\\\/\",\"name\":\"Yoga f\u00fcr Firmen -\",\"isPartOf\":{\"@id\":\"https:\\\/\\\/yoga-sunyata.com\\\/#website\"},\"primaryImageOfPage\":{\"@id\":\"https:\\\/\\\/yoga-sunyata.com\\\/yoga-fuer-firmen\\\/#primaryimage\"},\"image\":{\"@id\":\"https:\\\/\\\/yoga-sunyata.com\\\/yoga-fuer-firmen\\\/#primaryimage\"},\"thumbnailUrl\":\"https:\\\/\\\/yoga-sunyata.com\\\/wp-content\\\/uploads\\\/2023\\\/09\\\/Yoga_Sunyata_pexels-marcus-aurelius-6787357.jpeg\",\"datePublished\":\"2023-09-09T20:33:41+00:00\",\"dateModified\":\"2026-01-05T07:04:57+00:00\",\"description\":\"F\u00f6rdern Sie Gesundheit, Fokus und Wohlbefinden in Ihrem Unternehmen mit Yoga f\u00fcr Firmen in und um M\u00fcnchen. Preise auf Anfrage.\",\"breadcrumb\":{\"@id\":\"https:\\\/\\\/yoga-sunyata.com\\\/yoga-fuer-firmen\\\/#breadcrumb\"},\"inLanguage\":\"en-GB\",\"potentialAction\":[{\"@type\":\"ReadAction\",\"target\":[\"https:\\\/\\\/yoga-sunyata.com\\\/yoga-fuer-firmen\\\/\"]}]},{\"@type\":\"ImageObject\",\"inLanguage\":\"en-GB\",\"@id\":\"https:\\\/\\\/yoga-sunyata.com\\\/yoga-fuer-firmen\\\/#primaryimage\",\"url\":\"https:\\\/\\\/yoga-sunyata.com\\\/wp-content\\\/uploads\\\/2023\\\/09\\\/Yoga_Sunyata_pexels-marcus-aurelius-6787357.jpeg\",\"contentUrl\":\"https:\\\/\\\/yoga-sunyata.com\\\/wp-content\\\/uploads\\\/2023\\\/09\\\/Yoga_Sunyata_pexels-marcus-aurelius-6787357.jpeg\"},{\"@type\":\"BreadcrumbList\",\"@id\":\"https:\\\/\\\/yoga-sunyata.com\\\/yoga-fuer-firmen\\\/#breadcrumb\",\"itemListElement\":[{\"@type\":\"ListItem\",\"position\":1,\"name\":\"Startseite\",\"item\":\"https:\\\/\\\/yoga-sunyata.com\\\/\"},{\"@type\":\"ListItem\",\"position\":2,\"name\":\"Yoga f\u00fcr Firmen\"}]},{\"@type\":\"WebSite\",\"@id\":\"https:\\\/\\\/yoga-sunyata.com\\\/#website\",\"url\":\"https:\\\/\\\/yoga-sunyata.com\\\/\",\"name\":\"\",\"description\":\"\",\"potentialAction\":[{\"@type\":\"SearchAction\",\"target\":{\"@type\":\"EntryPoint\",\"urlTemplate\":\"https:\\\/\\\/yoga-sunyata.com\\\/?s={search_term_string}\"},\"query-input\":{\"@type\":\"PropertyValueSpecification\",\"valueRequired\":true,\"valueName\":\"search_term_string\"}}],\"inLanguage\":\"en-GB\"}]}<\/script>\n<!-- \/ Yoast SEO plugin. -->","yoast_head_json":{"title":"Yoga f\u00fcr Firmen -","description":"F\u00f6rdern Sie Gesundheit, Fokus und Wohlbefinden in Ihrem Unternehmen mit Yoga f\u00fcr Firmen in und um M\u00fcnchen. Preise auf Anfrage.","robots":{"index":"index","follow":"follow","max-snippet":"max-snippet:-1","max-image-preview":"max-image-preview:large","max-video-preview":"max-video-preview:-1"},"canonical":"https:\/\/yoga-sunyata.com\/en\/yoga-fuer-firmen\/","og_locale":"en_GB","og_type":"article","og_title":"Yoga f\u00fcr Firmen -","og_description":"F\u00f6rdern Sie Gesundheit, Fokus und Wohlbefinden in Ihrem Unternehmen mit Yoga f\u00fcr Firmen in und um M\u00fcnchen. Preise auf Anfrage.","og_url":"https:\/\/yoga-sunyata.com\/en\/yoga-fuer-firmen\/","article_modified_time":"2026-01-05T07:04:57+00:00","og_image":[{"width":500,"height":750,"url":"https:\/\/yoga-sunyata.com\/wp-content\/uploads\/2023\/09\/Yoga_Sunyata_pexels-marcus-aurelius-6787357.jpeg","type":"image\/jpeg"}],"twitter_card":"summary_large_image","twitter_misc":{"Estimated reading time":"2 minutes"},"schema":{"@context":"https:\/\/schema.org","@graph":[{"@type":"WebPage","@id":"https:\/\/yoga-sunyata.com\/yoga-fuer-firmen\/","url":"https:\/\/yoga-sunyata.com\/yoga-fuer-firmen\/","name":"Yoga f\u00fcr Firmen -","isPartOf":{"@id":"https:\/\/yoga-sunyata.com\/#website"},"primaryImageOfPage":{"@id":"https:\/\/yoga-sunyata.com\/yoga-fuer-firmen\/#primaryimage"},"image":{"@id":"https:\/\/yoga-sunyata.com\/yoga-fuer-firmen\/#primaryimage"},"thumbnailUrl":"https:\/\/yoga-sunyata.com\/wp-content\/uploads\/2023\/09\/Yoga_Sunyata_pexels-marcus-aurelius-6787357.jpeg","datePublished":"2023-09-09T20:33:41+00:00","dateModified":"2026-01-05T07:04:57+00:00","description":"F\u00f6rdern Sie Gesundheit, Fokus und Wohlbefinden in Ihrem Unternehmen mit Yoga f\u00fcr Firmen in und um M\u00fcnchen. Preise auf Anfrage.","breadcrumb":{"@id":"https:\/\/yoga-sunyata.com\/yoga-fuer-firmen\/#breadcrumb"},"inLanguage":"en-GB","potentialAction":[{"@type":"ReadAction","target":["https:\/\/yoga-sunyata.com\/yoga-fuer-firmen\/"]}]},{"@type":"ImageObject","inLanguage":"en-GB","@id":"https:\/\/yoga-sunyata.com\/yoga-fuer-firmen\/#primaryimage","url":"https:\/\/yoga-sunyata.com\/wp-content\/uploads\/2023\/09\/Yoga_Sunyata_pexels-marcus-aurelius-6787357.jpeg","contentUrl":"https:\/\/yoga-sunyata.com\/wp-content\/uploads\/2023\/09\/Yoga_Sunyata_pexels-marcus-aurelius-6787357.jpeg"},{"@type":"BreadcrumbList","@id":"https:\/\/yoga-sunyata.com\/yoga-fuer-firmen\/#breadcrumb","itemListElement":[{"@type":"ListItem","position":1,"name":"Startseite","item":"https:\/\/yoga-sunyata.com\/"},{"@type":"ListItem","position":2,"name":"Yoga f\u00fcr Firmen"}]},{"@type":"WebSite","@id":"https:\/\/yoga-sunyata.com\/#website","url":"https:\/\/yoga-sunyata.com\/","name":"","description":"","potentialAction":[{"@type":"SearchAction","target":{"@type":"EntryPoint","urlTemplate":"https:\/\/yoga-sunyata.com\/?s={search_term_string}"},"query-input":{"@type":"PropertyValueSpecification","valueRequired":true,"valueName":"search_term_string"}}],"inLanguage":"en-GB"}]}},"_links":{"self":[{"href":"https:\/\/yoga-sunyata.com\/en\/wp-json\/wp\/v2\/pages\/315","targetHints":{"allow":["GET"]}}],"collection":[{"href":"https:\/\/yoga-sunyata.com\/en\/wp-json\/wp\/v2\/pages"}],"about":[{"href":"https:\/\/yoga-sunyata.com\/en\/wp-json\/wp\/v2\/types\/page"}],"author":[{"embeddable":true,"href":"https:\/\/yoga-sunyata.com\/en\/wp-json\/wp\/v2\/users\/2"}],"replies":[{"embeddable":true,"href":"https:\/\/yoga-sunyata.com\/en\/wp-json\/wp\/v2\/comments?post=315"}],"version-history":[{"count":51,"href":"https:\/\/yoga-sunyata.com\/en\/wp-json\/wp\/v2\/pages\/315\/revisions"}],"predecessor-version":[{"id":2143,"href":"https:\/\/yoga-sunyata.com\/en\/wp-json\/wp\/v2\/pages\/315\/revisions\/2143"}],"wp:attachment":[{"href":"https:\/\/yoga-sunyata.com\/en\/wp-json\/wp\/v2\/media?parent=315"}],"curies":[{"name":"wp","href":"https:\/\/api.w.org\/{rel}","templated":true}]}}