{"id":292,"date":"2023-09-09T20:01:03","date_gmt":"2023-09-09T20:01:03","guid":{"rendered":"http:\/\/localhost:8888\/yoga-sunyata\/?page_id=292"},"modified":"2026-01-05T06:59:17","modified_gmt":"2026-01-05T06:59:17","slug":"schulen","status":"publish","type":"page","link":"https:\/\/yoga-sunyata.com\/en\/schulen\/","title":{"rendered":"Children's yoga in schools"},"content":{"rendered":"<div data-elementor-type=\"wp-page\" data-elementor-id=\"292\" class=\"elementor elementor-292\">\n\t\t\t\t<div class=\"elementor-element elementor-element-62e6687c e-flex e-con-boxed e-con e-parent\" data-id=\"62e6687c\" data-element_type=\"container\" data-e-type=\"container\">\n\t\t\t\t\t<div class=\"e-con-inner\">\n\t\t\t\t<div class=\"elementor-element elementor-element-6ae2cf01 elementor-widget elementor-widget-image\" data-id=\"6ae2cf01\" data-element_type=\"widget\" data-e-type=\"widget\" data-widget_type=\"image.default\">\n\t\t\t\t<div class=\"elementor-widget-container\">\n\t\t\t\t\t\t\t\t\t\t\t\t\t\t\t<img fetchpriority=\"high\" decoding=\"async\" width=\"500\" height=\"135\" src=\"https:\/\/yoga-sunyata.com\/wp-content\/uploads\/2025\/03\/Mangal_Sunyata_01.jpg\" class=\"attachment-large size-large wp-image-778\" alt=\"Tiercharakterkollektion. Panda, Faultier, Giraffe\" srcset=\"https:\/\/yoga-sunyata.com\/wp-content\/uploads\/2025\/03\/Mangal_Sunyata_01.jpg 500w, https:\/\/yoga-sunyata.com\/wp-content\/uploads\/2025\/03\/Mangal_Sunyata_01-300x81.jpg 300w, https:\/\/yoga-sunyata.com\/wp-content\/uploads\/2025\/03\/Mangal_Sunyata_01-230x62.jpg 230w, https:\/\/yoga-sunyata.com\/wp-content\/uploads\/2025\/03\/Mangal_Sunyata_01-350x95.jpg 350w, https:\/\/yoga-sunyata.com\/wp-content\/uploads\/2025\/03\/Mangal_Sunyata_01-480x130.jpg 480w\" sizes=\"(max-width: 500px) 100vw, 500px\" \/>\t\t\t\t\t\t\t\t\t\t\t\t\t\t\t<\/div>\n\t\t\t\t<\/div>\n\t\t\t\t\t<\/div>\n\t\t\t\t<\/div>\n\t\t<div class=\"elementor-element elementor-element-4925a8db e-con-full e-flex e-con e-parent\" data-id=\"4925a8db\" data-element_type=\"container\" data-e-type=\"container\" data-settings=\"{&quot;background_background&quot;:&quot;classic&quot;}\">\n\t\t<div class=\"elementor-element elementor-element-1634a6ac e-con-full e-flex e-con e-child\" data-id=\"1634a6ac\" data-element_type=\"container\" data-e-type=\"container\">\n\t\t\t\t<div class=\"elementor-element elementor-element-250ef37d elementor-widget elementor-widget-heading\" data-id=\"250ef37d\" data-element_type=\"widget\" data-e-type=\"widget\" data-widget_type=\"heading.default\">\n\t\t\t\t<div class=\"elementor-widget-container\">\n\t\t\t\t\t<h1 class=\"elementor-heading-title elementor-size-default\">Children's yoga in schools<\/h1>\t\t\t\t<\/div>\n\t\t\t\t<\/div>\n\t\t\t\t<div class=\"elementor-element elementor-element-1a8db723 elementor-widget elementor-widget-text-editor\" data-id=\"1a8db723\" data-element_type=\"widget\" data-e-type=\"widget\" data-widget_type=\"text-editor.default\">\n\t\t\t\t<div class=\"elementor-widget-container\">\n\t\t\t\t\t\t\t\t\t<p>Yoga in schools is a valuable method to promote the well-being, concentration, and balance of children and adolescents. For years, I have been teaching yoga in schools, after-school programs, and kindergartens to introduce young people to movement, relaxation, and social skills in a playful way.<\/p>\t\t\t\t\t\t\t\t<\/div>\n\t\t\t\t<\/div>\n\t\t\t\t<\/div>\n\t\t<div class=\"elementor-element elementor-element-5bbd6c72 e-con-full e-flex e-con e-child\" data-id=\"5bbd6c72\" data-element_type=\"container\" data-e-type=\"container\">\n\t\t\t\t<div class=\"elementor-element elementor-element-43060941 elementor-widget elementor-widget-image\" data-id=\"43060941\" data-element_type=\"widget\" data-e-type=\"widget\" data-widget_type=\"image.default\">\n\t\t\t\t<div class=\"elementor-widget-container\">\n\t\t\t\t\t\t\t\t\t\t\t\t\t\t\t<img decoding=\"async\" width=\"500\" height=\"400\" src=\"https:\/\/yoga-sunyata.com\/wp-content\/uploads\/2023\/09\/Yoga_Sunyata_pexels-yan-krukau-8613312.jpeg\" class=\"attachment-large size-large wp-image-310\" alt=\"\" srcset=\"https:\/\/yoga-sunyata.com\/wp-content\/uploads\/2023\/09\/Yoga_Sunyata_pexels-yan-krukau-8613312.jpeg 500w, https:\/\/yoga-sunyata.com\/wp-content\/uploads\/2023\/09\/Yoga_Sunyata_pexels-yan-krukau-8613312-300x240.jpeg 300w, https:\/\/yoga-sunyata.com\/wp-content\/uploads\/2023\/09\/Yoga_Sunyata_pexels-yan-krukau-8613312-480x384.jpeg 480w\" sizes=\"(max-width: 500px) 100vw, 500px\" \/>\t\t\t\t\t\t\t\t\t\t\t\t\t\t\t<\/div>\n\t\t\t\t<\/div>\n\t\t\t\t<\/div>\n\t\t\t\t<\/div>\n\t\t<div class=\"elementor-element elementor-element-e3d7674 e-con-full e-flex e-con e-parent\" data-id=\"e3d7674\" data-element_type=\"container\" data-e-type=\"container\" data-settings=\"{&quot;background_background&quot;:&quot;classic&quot;}\">\n\t\t<div class=\"elementor-element elementor-element-d165910 e-con-full e-flex e-con e-child\" data-id=\"d165910\" data-element_type=\"container\" data-e-type=\"container\">\n\t\t\t\t<div class=\"elementor-element elementor-element-cacba5f elementor-widget elementor-widget-heading\" data-id=\"cacba5f\" data-element_type=\"widget\" data-e-type=\"widget\" data-widget_type=\"heading.default\">\n\t\t\t\t<div class=\"elementor-widget-container\">\n\t\t\t\t\t<h3 class=\"elementor-heading-title elementor-size-default\">Holistic development through yoga in schools<\/h3>\t\t\t\t<\/div>\n\t\t\t\t<\/div>\n\t\t\t\t<div class=\"elementor-element elementor-element-f3c26a8 elementor-widget elementor-widget-text-editor\" data-id=\"f3c26a8\" data-element_type=\"widget\" data-e-type=\"widget\" data-widget_type=\"text-editor.default\">\n\t\t\t\t<div class=\"elementor-widget-container\">\n\t\t\t\t\t\t\t\t\t<p>According to a Robert Koch study, one-fifth of children and adolescents aged 11 to 17 suffer from a disturbed relationship with food.\u00a0<span style=\"font-family: var( --e-global-typography-text-font-family ), Sans-serif; text-align: var(--text-align);\">Not surprisingly, in a world where our children grow up heavily influenced by social media, selfies, and Co., it is all the more important that we adults repeatedly affirm to them:<\/span><\/p><p><strong>\ud83e\udde1 You are good just the way you are!<\/strong><\/p><p style=\"text-align: center;\" data-start=\"729\" data-end=\"773\">Yoga not only teaches our children mindfulness for their own bodies but also helps them discover their body's strength and embrace it with love.<\/p><p style=\"text-align: center;\" data-start=\"774\" data-end=\"820\">Yoga supports children in many areas:<\/p><p style=\"text-align: center;\" data-start=\"822\" data-end=\"914\">\u2714 Flexibility<br data-start=\"837\" data-end=\"840\" \/>\u2714 Endurance<br data-start=\"850\" data-end=\"853\" \/>\u2714 Concentration skills<br data-start=\"877\" data-end=\"880\" \/>\u2714 Willpower<br data-start=\"894\" data-end=\"897\" \/>\u2714 Balance sense<\/p><p style=\"text-align: center;\" data-start=\"916\" data-end=\"997\">Thus, they find out: <strong data-start=\"937\" data-end=\"995\">My body and I \u2013 we are an unbeatable team!<\/strong><\/p><p style=\"text-align: center;\" data-start=\"999\" data-end=\"1111\">Through yoga, children also learn early to be present in the here and now and to temporarily turn off daily distractions.<\/p><p style=\"text-align: center;\" data-start=\"1113\" data-end=\"1234\">Once you've taken the downward dog pose, you realize how difficult it is to think of anything else.<\/p>\t\t\t\t\t\t\t\t<\/div>\n\t\t\t\t<\/div>\n\t\t\t\t<\/div>\n\t\t\t\t<\/div>\n\t\t<div class=\"elementor-element elementor-element-3eb425be e-con-full e-flex e-con e-parent\" data-id=\"3eb425be\" data-element_type=\"container\" data-e-type=\"container\" data-settings=\"{&quot;background_background&quot;:&quot;classic&quot;}\">\n\t\t\t\t<div class=\"elementor-element elementor-element-7302b916 elementor-widget elementor-widget-heading\" data-id=\"7302b916\" data-element_type=\"widget\" data-e-type=\"widget\" data-widget_type=\"heading.default\">\n\t\t\t\t<div class=\"elementor-widget-container\">\n\t\t\t\t\t<p class=\"elementor-heading-title elementor-size-default\">Staying present in the moment \u2013 a skill that we as adults need to relearn and should preserve for our children.<\/p>\t\t\t\t<\/div>\n\t\t\t\t<\/div>\n\t\t\t\t<\/div>\n\t\t<div class=\"elementor-element elementor-element-c6fa015 e-con-full e-flex e-con e-parent\" data-id=\"c6fa015\" data-element_type=\"container\" data-e-type=\"container\" data-settings=\"{&quot;background_background&quot;:&quot;classic&quot;}\">\n\t\t<div class=\"elementor-element elementor-element-865e379 e-con-full e-flex e-con e-child\" data-id=\"865e379\" data-element_type=\"container\" data-e-type=\"container\">\n\t\t\t\t<div class=\"elementor-element elementor-element-8cfa605 elementor-widget elementor-widget-heading\" data-id=\"8cfa605\" data-element_type=\"widget\" data-e-type=\"widget\" data-widget_type=\"heading.default\">\n\t\t\t\t<div class=\"elementor-widget-container\">\n\t\t\t\t\t<h3 class=\"elementor-heading-title elementor-size-default\">Please don\u2019t stay seated!<\/h3>\t\t\t\t<\/div>\n\t\t\t\t<\/div>\n\t\t\t\t<div class=\"elementor-element elementor-element-fef5ef1 elementor-widget elementor-widget-text-editor\" data-id=\"fef5ef1\" data-element_type=\"widget\" data-e-type=\"widget\" data-widget_type=\"text-editor.default\">\n\t\t\t\t<div class=\"elementor-widget-container\">\n\t\t\t\t\t\t\t\t\t<p style=\"text-align: center;\" data-start=\"1445\" data-end=\"1482\"><span style=\"font-family: var( --e-global-typography-text-font-family ), Sans-serif;\">\ud83d\udcca Children nowadays sit an average of:<\/span><\/p><p style=\"text-align: center;\" data-start=\"1484\" data-end=\"1622\">\u27a1 10.5 hours daily during the week<br data-start=\"1577\" data-end=\"1580\" \/>\u27a1 More than 7.5 hours on weekends<\/p><p style=\"text-align: center;\" data-start=\"1624\" data-end=\"1760\">\ud83d\udca1 <strong data-start=\"1627\" data-end=\"1651\">&#8222;Use it or lose it!&#8220;<\/strong><br data-start=\"1651\" data-end=\"1654\" \/>The body responds <strong data-start=\"1691\" data-end=\"1731\">to this by gradually limiting flexibility and balance<\/strong> year after year.<\/p><p style=\"text-align: center;\" data-start=\"1762\" data-end=\"1925\">Cell phones, televisions, and gaming consoles do their part too. Great for us parents because we get some peace \u2013 but bad for our children, who are the ones suffering.<\/p><p style=\"text-align: center;\" data-start=\"1927\" data-end=\"2096\">In my yoga classes, children learn:<br data-start=\"1967\" data-end=\"1970\" \/>\u2728 to appreciate their bodies,<br data-start=\"2000\" data-end=\"2003\" \/>\u2728 to see it as a partner,<br data-start=\"2030\" data-end=\"2033\" \/>\u2728 to carry themselves through life feeling strengthened and healthy.<\/p>\t\t\t\t\t\t\t\t<\/div>\n\t\t\t\t<\/div>\n\t\t\t\t<\/div>\n\t\t\t\t<\/div>\n\t\t<div class=\"elementor-element elementor-element-674f202 e-flex e-con-boxed e-con e-parent\" data-id=\"674f202\" data-element_type=\"container\" data-e-type=\"container\">\n\t\t\t\t\t<div class=\"e-con-inner\">\n\t\t\t\t<div class=\"elementor-element elementor-element-e791f44 elementor-arrows-position-inside elementor-pagination-position-outside elementor-widget elementor-widget-image-carousel\" data-id=\"e791f44\" data-element_type=\"widget\" data-e-type=\"widget\" data-settings=\"{&quot;slides_to_show&quot;:&quot;3&quot;,&quot;navigation&quot;:&quot;both&quot;,&quot;speed&quot;:500,&quot;image_spacing_custom&quot;:{&quot;unit&quot;:&quot;px&quot;,&quot;size&quot;:20,&quot;sizes&quot;:[]},&quot;image_spacing_custom_tablet&quot;:{&quot;unit&quot;:&quot;px&quot;,&quot;size&quot;:&quot;&quot;,&quot;sizes&quot;:[]},&quot;image_spacing_custom_mobile&quot;:{&quot;unit&quot;:&quot;px&quot;,&quot;size&quot;:&quot;&quot;,&quot;sizes&quot;:[]}}\" data-widget_type=\"image-carousel.default\">\n\t\t\t\t<div class=\"elementor-widget-container\">\n\t\t\t\t\t\t\t<div class=\"elementor-image-carousel-wrapper swiper\" role=\"region\" aria-roledescription=\"carousel\" aria-label=\"Image carousel\" dir=\"ltr\">\n\t\t\t<div class=\"elementor-image-carousel swiper-wrapper\" aria-live=\"polite\">\n\t\t\t\t\t\t\t\t<div class=\"swiper-slide\" role=\"group\" aria-roledescription=\"slide\" aria-label=\"1 of 3\" data-no-translation-aria-label=\"\"><figure class=\"swiper-slide-inner\"><img decoding=\"async\" class=\"swiper-slide-image\" src=\"https:\/\/yoga-sunyata.com\/wp-content\/uploads\/2025\/03\/schule_1.jpg\" alt=\"Foto Kinderyoga\" \/><\/figure><\/div><div class=\"swiper-slide\" role=\"group\" aria-roledescription=\"slide\" aria-label=\"2 of 3\" data-no-translation-aria-label=\"\"><figure class=\"swiper-slide-inner\"><img decoding=\"async\" class=\"swiper-slide-image\" src=\"https:\/\/yoga-sunyata.com\/wp-content\/uploads\/2025\/03\/schule_2-1.jpg\" alt=\"Foto Kinderyoga\" \/><\/figure><\/div><div class=\"swiper-slide\" role=\"group\" aria-roledescription=\"slide\" aria-label=\"3 of 3\" data-no-translation-aria-label=\"\"><figure class=\"swiper-slide-inner\"><img decoding=\"async\" class=\"swiper-slide-image\" src=\"https:\/\/yoga-sunyata.com\/wp-content\/uploads\/2025\/03\/schule_3.jpg\" alt=\"Foto Kinderyoga\" \/><\/figure><\/div>\t\t\t<\/div>\n\t\t\t\t\t\t\t\t\t\t\t\t<div class=\"elementor-swiper-button elementor-swiper-button-prev\" role=\"button\" tabindex=\"0\">\n\t\t\t\t\t\t<svg aria-hidden=\"true\" class=\"e-font-icon-svg e-eicon-chevron-left\" viewbox=\"0 0 1000 1000\" xmlns=\"http:\/\/www.w3.org\/2000\/svg\"><path d=\"M646 125C629 125 613 133 604 142L308 442C296 454 292 471 292 487 292 504 296 521 308 533L604 854C617 867 629 875 646 875 663 875 679 871 692 858 704 846 713 829 713 812 713 796 708 779 692 767L438 487 692 225C700 217 708 204 708 187 708 171 704 154 692 142 675 129 663 125 646 125Z\"><\/path><\/svg>\t\t\t\t\t<\/div>\n\t\t\t\t\t<div class=\"elementor-swiper-button elementor-swiper-button-next\" role=\"button\" tabindex=\"0\">\n\t\t\t\t\t\t<svg aria-hidden=\"true\" class=\"e-font-icon-svg e-eicon-chevron-right\" viewbox=\"0 0 1000 1000\" xmlns=\"http:\/\/www.w3.org\/2000\/svg\"><path d=\"M696 533C708 521 713 504 713 487 713 471 708 454 696 446L400 146C388 133 375 125 354 125 338 125 325 129 313 142 300 154 292 171 292 187 292 204 296 221 308 233L563 492 304 771C292 783 288 800 288 817 288 833 296 850 308 863 321 871 338 875 354 875 371 875 388 867 400 854L696 533Z\"><\/path><\/svg>\t\t\t\t\t<\/div>\n\t\t\t\t\n\t\t\t\t\t\t\t\t\t<div class=\"swiper-pagination\"><\/div>\n\t\t\t\t\t\t\t\t\t<\/div>\n\t\t\t\t\t\t<\/div>\n\t\t\t\t<\/div>\n\t\t\t\t\t<\/div>\n\t\t\t\t<\/div>\n\t\t<div class=\"elementor-element elementor-element-367411fb e-flex e-con-boxed e-con e-parent\" data-id=\"367411fb\" data-element_type=\"container\" data-e-type=\"container\" data-settings=\"{&quot;background_background&quot;:&quot;classic&quot;}\">\n\t\t\t\t\t<div class=\"e-con-inner\">\n\t\t\t\t<div class=\"elementor-element elementor-element-78ad4dbd elementor-widget elementor-widget-heading\" data-id=\"78ad4dbd\" data-element_type=\"widget\" data-e-type=\"widget\" data-widget_type=\"heading.default\">\n\t\t\t\t<div class=\"elementor-widget-container\">\n\t\t\t\t\t<h3 class=\"elementor-heading-title elementor-size-default\">Yoga and children? Of course!\n\n<\/h3>\t\t\t\t<\/div>\n\t\t\t\t<\/div>\n\t\t\t\t<div class=\"elementor-element elementor-element-1b41ae44 elementor-widget elementor-widget-text-editor\" data-id=\"1b41ae44\" data-element_type=\"widget\" data-e-type=\"widget\" data-widget_type=\"text-editor.default\">\n\t\t\t\t<div class=\"elementor-widget-container\">\n\t\t\t\t\t\t\t\t\t<p>Anyone who has admired Cirque du Soleil knows: yoga can also be acrobatics!<\/p><p><strong>Prices upon request, depending on:<\/strong><br \/>Your preferences for the course structure<br \/>Requirements at the location<br \/>Number of participants<\/p>\t\t\t\t\t\t\t\t<\/div>\n\t\t\t\t<\/div>\n\t\t\t\t<div class=\"elementor-element elementor-element-71d88c1a elementor-mobile-align-center elementor-align-center elementor-widget elementor-widget-button\" data-id=\"71d88c1a\" data-element_type=\"widget\" data-e-type=\"widget\" data-widget_type=\"button.default\">\n\t\t\t\t<div class=\"elementor-widget-container\">\n\t\t\t\t\t\t\t\t\t<div class=\"elementor-button-wrapper\">\n\t\t\t\t\t<a class=\"elementor-button elementor-button-link elementor-size-sm\" href=\"https:\/\/yoga-sunyata.com\/en\/kontakt\/\">\n\t\t\t\t\t\t<span class=\"elementor-button-content-wrapper\">\n\t\t\t\t\t\t\t\t\t<span class=\"elementor-button-text\">Contact<\/span>\n\t\t\t\t\t<\/span>\n\t\t\t\t\t<\/a>\n\t\t\t\t<\/div>\n\t\t\t\t\t\t\t\t<\/div>\n\t\t\t\t<\/div>\n\t\t\t\t\t<\/div>\n\t\t\t\t<\/div>\n\t\t\t\t<\/div>","protected":false},"excerpt":{"rendered":"<p>Kinderyoga in Schulen Yoga in Schulen ist eine wertvolle Methode, um das Wohlbefinden, die Konzentration und die Balance von Kindern und Jugendlichen [&hellip;]<\/p>","protected":false},"author":2,"featured_media":0,"parent":0,"menu_order":0,"comment_status":"closed","ping_status":"closed","template":"","meta":{"footnotes":""},"class_list":["post-292","page","type-page","status-publish","hentry"],"yoast_head":"<!-- This site is optimized with the Yoast SEO plugin v27.4 - https:\/\/yoast.com\/product\/yoast-seo-wordpress\/ -->\n<title>Kinderyoga in Schulen -<\/title>\n<meta name=\"description\" content=\"F\u00f6rdern Sie das Wohlbefinden, die Konzentration und die Balance Ihrer Sch\u00fcler mit Kinderyoga in Schulen. Spielerisch Bewegung, Entspannung und soziale Kompetenz f\u00fcr eine gesunde Lernzeit.\" \/>\n<meta name=\"robots\" content=\"index, follow, max-snippet:-1, max-image-preview:large, max-video-preview:-1\" \/>\n<link rel=\"canonical\" href=\"https:\/\/yoga-sunyata.com\/en\/schulen\/\" \/>\n<meta property=\"og:locale\" content=\"en_GB\" \/>\n<meta property=\"og:type\" content=\"article\" \/>\n<meta property=\"og:title\" content=\"Kinderyoga in Schulen -\" \/>\n<meta property=\"og:description\" content=\"F\u00f6rdern Sie das Wohlbefinden, die Konzentration und die Balance Ihrer Sch\u00fcler mit Kinderyoga in Schulen. Spielerisch Bewegung, Entspannung und soziale Kompetenz f\u00fcr eine gesunde Lernzeit.\" \/>\n<meta property=\"og:url\" content=\"https:\/\/yoga-sunyata.com\/en\/schulen\/\" \/>\n<meta property=\"article:modified_time\" content=\"2026-01-05T06:59:17+00:00\" \/>\n<meta property=\"og:image\" content=\"https:\/\/yoga-sunyata.com\/wp-content\/uploads\/2025\/03\/Mangal_Sunyata_01.jpg\" \/>\n\t<meta property=\"og:image:width\" content=\"500\" \/>\n\t<meta property=\"og:image:height\" content=\"135\" \/>\n\t<meta property=\"og:image:type\" content=\"image\/jpeg\" \/>\n<meta name=\"twitter:card\" content=\"summary_large_image\" \/>\n<meta name=\"twitter:label1\" content=\"Estimated reading time\" \/>\n\t<meta name=\"twitter:data1\" content=\"3 minutes\" \/>\n<script type=\"application\/ld+json\" class=\"yoast-schema-graph\">{\"@context\":\"https:\\\/\\\/schema.org\",\"@graph\":[{\"@type\":\"WebPage\",\"@id\":\"https:\\\/\\\/yoga-sunyata.com\\\/schulen\\\/\",\"url\":\"https:\\\/\\\/yoga-sunyata.com\\\/schulen\\\/\",\"name\":\"Kinderyoga in Schulen -\",\"isPartOf\":{\"@id\":\"https:\\\/\\\/yoga-sunyata.com\\\/#website\"},\"primaryImageOfPage\":{\"@id\":\"https:\\\/\\\/yoga-sunyata.com\\\/schulen\\\/#primaryimage\"},\"image\":{\"@id\":\"https:\\\/\\\/yoga-sunyata.com\\\/schulen\\\/#primaryimage\"},\"thumbnailUrl\":\"https:\\\/\\\/yoga-sunyata.com\\\/wp-content\\\/uploads\\\/2025\\\/03\\\/Mangal_Sunyata_01.jpg\",\"datePublished\":\"2023-09-09T20:01:03+00:00\",\"dateModified\":\"2026-01-05T06:59:17+00:00\",\"description\":\"F\u00f6rdern Sie das Wohlbefinden, die Konzentration und die Balance Ihrer Sch\u00fcler mit Kinderyoga in Schulen. Spielerisch Bewegung, Entspannung und soziale Kompetenz f\u00fcr eine gesunde Lernzeit.\",\"breadcrumb\":{\"@id\":\"https:\\\/\\\/yoga-sunyata.com\\\/schulen\\\/#breadcrumb\"},\"inLanguage\":\"en-GB\",\"potentialAction\":[{\"@type\":\"ReadAction\",\"target\":[\"https:\\\/\\\/yoga-sunyata.com\\\/schulen\\\/\"]}]},{\"@type\":\"ImageObject\",\"inLanguage\":\"en-GB\",\"@id\":\"https:\\\/\\\/yoga-sunyata.com\\\/schulen\\\/#primaryimage\",\"url\":\"https:\\\/\\\/yoga-sunyata.com\\\/wp-content\\\/uploads\\\/2025\\\/03\\\/Mangal_Sunyata_01.jpg\",\"contentUrl\":\"https:\\\/\\\/yoga-sunyata.com\\\/wp-content\\\/uploads\\\/2025\\\/03\\\/Mangal_Sunyata_01.jpg\"},{\"@type\":\"BreadcrumbList\",\"@id\":\"https:\\\/\\\/yoga-sunyata.com\\\/schulen\\\/#breadcrumb\",\"itemListElement\":[{\"@type\":\"ListItem\",\"position\":1,\"name\":\"Startseite\",\"item\":\"https:\\\/\\\/yoga-sunyata.com\\\/\"},{\"@type\":\"ListItem\",\"position\":2,\"name\":\"Kinderyoga in Schulen\"}]},{\"@type\":\"WebSite\",\"@id\":\"https:\\\/\\\/yoga-sunyata.com\\\/#website\",\"url\":\"https:\\\/\\\/yoga-sunyata.com\\\/\",\"name\":\"\",\"description\":\"\",\"potentialAction\":[{\"@type\":\"SearchAction\",\"target\":{\"@type\":\"EntryPoint\",\"urlTemplate\":\"https:\\\/\\\/yoga-sunyata.com\\\/?s={search_term_string}\"},\"query-input\":{\"@type\":\"PropertyValueSpecification\",\"valueRequired\":true,\"valueName\":\"search_term_string\"}}],\"inLanguage\":\"en-GB\"}]}<\/script>\n<!-- \/ Yoast SEO plugin. -->","yoast_head_json":{"title":"Kinderyoga in Schulen -","description":"F\u00f6rdern Sie das Wohlbefinden, die Konzentration und die Balance Ihrer Sch\u00fcler mit Kinderyoga in Schulen. Spielerisch Bewegung, Entspannung und soziale Kompetenz f\u00fcr eine gesunde Lernzeit.","robots":{"index":"index","follow":"follow","max-snippet":"max-snippet:-1","max-image-preview":"max-image-preview:large","max-video-preview":"max-video-preview:-1"},"canonical":"https:\/\/yoga-sunyata.com\/en\/schulen\/","og_locale":"en_GB","og_type":"article","og_title":"Kinderyoga in Schulen -","og_description":"F\u00f6rdern Sie das Wohlbefinden, die Konzentration und die Balance Ihrer Sch\u00fcler mit Kinderyoga in Schulen. Spielerisch Bewegung, Entspannung und soziale Kompetenz f\u00fcr eine gesunde Lernzeit.","og_url":"https:\/\/yoga-sunyata.com\/en\/schulen\/","article_modified_time":"2026-01-05T06:59:17+00:00","og_image":[{"width":500,"height":135,"url":"https:\/\/yoga-sunyata.com\/wp-content\/uploads\/2025\/03\/Mangal_Sunyata_01.jpg","type":"image\/jpeg"}],"twitter_card":"summary_large_image","twitter_misc":{"Estimated reading time":"3 minutes"},"schema":{"@context":"https:\/\/schema.org","@graph":[{"@type":"WebPage","@id":"https:\/\/yoga-sunyata.com\/schulen\/","url":"https:\/\/yoga-sunyata.com\/schulen\/","name":"Kinderyoga in Schulen -","isPartOf":{"@id":"https:\/\/yoga-sunyata.com\/#website"},"primaryImageOfPage":{"@id":"https:\/\/yoga-sunyata.com\/schulen\/#primaryimage"},"image":{"@id":"https:\/\/yoga-sunyata.com\/schulen\/#primaryimage"},"thumbnailUrl":"https:\/\/yoga-sunyata.com\/wp-content\/uploads\/2025\/03\/Mangal_Sunyata_01.jpg","datePublished":"2023-09-09T20:01:03+00:00","dateModified":"2026-01-05T06:59:17+00:00","description":"F\u00f6rdern Sie das Wohlbefinden, die Konzentration und die Balance Ihrer Sch\u00fcler mit Kinderyoga in Schulen. Spielerisch Bewegung, Entspannung und soziale Kompetenz f\u00fcr eine gesunde Lernzeit.","breadcrumb":{"@id":"https:\/\/yoga-sunyata.com\/schulen\/#breadcrumb"},"inLanguage":"en-GB","potentialAction":[{"@type":"ReadAction","target":["https:\/\/yoga-sunyata.com\/schulen\/"]}]},{"@type":"ImageObject","inLanguage":"en-GB","@id":"https:\/\/yoga-sunyata.com\/schulen\/#primaryimage","url":"https:\/\/yoga-sunyata.com\/wp-content\/uploads\/2025\/03\/Mangal_Sunyata_01.jpg","contentUrl":"https:\/\/yoga-sunyata.com\/wp-content\/uploads\/2025\/03\/Mangal_Sunyata_01.jpg"},{"@type":"BreadcrumbList","@id":"https:\/\/yoga-sunyata.com\/schulen\/#breadcrumb","itemListElement":[{"@type":"ListItem","position":1,"name":"Startseite","item":"https:\/\/yoga-sunyata.com\/"},{"@type":"ListItem","position":2,"name":"Kinderyoga in Schulen"}]},{"@type":"WebSite","@id":"https:\/\/yoga-sunyata.com\/#website","url":"https:\/\/yoga-sunyata.com\/","name":"","description":"","potentialAction":[{"@type":"SearchAction","target":{"@type":"EntryPoint","urlTemplate":"https:\/\/yoga-sunyata.com\/?s={search_term_string}"},"query-input":{"@type":"PropertyValueSpecification","valueRequired":true,"valueName":"search_term_string"}}],"inLanguage":"en-GB"}]}},"_links":{"self":[{"href":"https:\/\/yoga-sunyata.com\/en\/wp-json\/wp\/v2\/pages\/292","targetHints":{"allow":["GET"]}}],"collection":[{"href":"https:\/\/yoga-sunyata.com\/en\/wp-json\/wp\/v2\/pages"}],"about":[{"href":"https:\/\/yoga-sunyata.com\/en\/wp-json\/wp\/v2\/types\/page"}],"author":[{"embeddable":true,"href":"https:\/\/yoga-sunyata.com\/en\/wp-json\/wp\/v2\/users\/2"}],"replies":[{"embeddable":true,"href":"https:\/\/yoga-sunyata.com\/en\/wp-json\/wp\/v2\/comments?post=292"}],"version-history":[{"count":39,"href":"https:\/\/yoga-sunyata.com\/en\/wp-json\/wp\/v2\/pages\/292\/revisions"}],"predecessor-version":[{"id":2130,"href":"https:\/\/yoga-sunyata.com\/en\/wp-json\/wp\/v2\/pages\/292\/revisions\/2130"}],"wp:attachment":[{"href":"https:\/\/yoga-sunyata.com\/en\/wp-json\/wp\/v2\/media?parent=292"}],"curies":[{"name":"wp","href":"https:\/\/api.w.org\/{rel}","templated":true}]}}