{"id":269,"date":"2023-09-09T19:07:19","date_gmt":"2023-09-09T19:07:19","guid":{"rendered":"http:\/\/localhost:8888\/yoga-sunyata\/?page_id=269"},"modified":"2026-01-05T07:01:36","modified_gmt":"2026-01-05T07:01:36","slug":"erwachsene","status":"publish","type":"page","link":"https:\/\/yoga-sunyata.com\/en\/erwachsene\/","title":{"rendered":"Yoga for beginners &amp; advanced"},"content":{"rendered":"<div data-elementor-type=\"wp-page\" data-elementor-id=\"269\" class=\"elementor elementor-269\">\n\t\t\t\t<div class=\"elementor-element elementor-element-4098174e e-con-full e-flex e-con e-parent\" data-id=\"4098174e\" data-element_type=\"container\" data-e-type=\"container\" data-settings=\"{&quot;background_background&quot;:&quot;classic&quot;}\">\n\t\t<div class=\"elementor-element elementor-element-47664d38 e-con-full e-flex e-con e-child\" data-id=\"47664d38\" data-element_type=\"container\" data-e-type=\"container\">\n\t\t\t\t<div class=\"elementor-element elementor-element-8827ec5 elementor-widget elementor-widget-heading\" data-id=\"8827ec5\" data-element_type=\"widget\" data-e-type=\"widget\" data-widget_type=\"heading.default\">\n\t\t\t\t<div class=\"elementor-widget-container\">\n\t\t\t\t\t<h1 class=\"elementor-heading-title elementor-size-default\">Yoga for beginners &amp; advanced<\/h1>\t\t\t\t<\/div>\n\t\t\t\t<\/div>\n\t\t\t\t<div class=\"elementor-element elementor-element-786dec3 elementor-widget elementor-widget-text-editor\" data-id=\"786dec3\" data-element_type=\"widget\" data-e-type=\"widget\" data-widget_type=\"text-editor.default\">\n\t\t\t\t<div class=\"elementor-widget-container\">\n\t\t\t\t\t\t\t\t\t<p data-start=\"164\" data-end=\"369\"><strong>When, please?<\/strong><\/p><p data-start=\"164\" data-end=\"369\">That's the most common response when it comes to people needing to move more. The work, children, spouses, friends, cooking in the evening \u2013 and then, please, just the sofa.<\/p><p data-start=\"371\" data-end=\"514\">Statistically, a person sits an average of 15 hours in the evening due to cars, public transportation, office chairs, and the sofa.<\/p><p data-start=\"516\" data-end=\"605\">A price for which the body eventually pays, especially in later years, with a health apology.<\/p><p data-start=\"607\" data-end=\"982\">Yoga counteracts this effectively because it has a stress-reducing effect. Through yoga practice, the parasympathetic nervous system is specifically activated, which in our autonomic nervous system acts as the \"rest nerve.\" As a result, heartbeat, breathing, muscle tension, and our mind slow down. The outcome: deceleration and relaxation combined with muscle strengthening.<br \/><br \/><\/p>\t\t\t\t\t\t\t\t<\/div>\n\t\t\t\t<\/div>\n\t\t\t\t<\/div>\n\t\t<div class=\"elementor-element elementor-element-23ad4293 e-con-full e-flex e-con e-child\" data-id=\"23ad4293\" data-element_type=\"container\" data-e-type=\"container\">\n\t\t\t\t<div class=\"elementor-element elementor-element-4554c4 elementor-widget elementor-widget-image\" data-id=\"4554c4\" data-element_type=\"widget\" data-e-type=\"widget\" data-widget_type=\"image.default\">\n\t\t\t\t<div class=\"elementor-widget-container\">\n\t\t\t\t\t\t\t\t\t\t\t\t\t\t\t<img fetchpriority=\"high\" decoding=\"async\" width=\"500\" height=\"750\" src=\"https:\/\/yoga-sunyata.com\/wp-content\/uploads\/2023\/09\/Yoga_Sunyata_Pexels-yan-krukau-8436691.jpeg\" class=\"attachment-large size-large wp-image-307\" alt=\"Yoga in M\u00fcnchen f\u00fcr Anf\u00e4nger &amp; Ge\u00fcbte\" srcset=\"https:\/\/yoga-sunyata.com\/wp-content\/uploads\/2023\/09\/Yoga_Sunyata_Pexels-yan-krukau-8436691.jpeg 500w, https:\/\/yoga-sunyata.com\/wp-content\/uploads\/2023\/09\/Yoga_Sunyata_Pexels-yan-krukau-8436691-200x300.jpeg 200w, https:\/\/yoga-sunyata.com\/wp-content\/uploads\/2023\/09\/Yoga_Sunyata_Pexels-yan-krukau-8436691-480x720.jpeg 480w\" sizes=\"(max-width: 500px) 100vw, 500px\" \/>\t\t\t\t\t\t\t\t\t\t\t\t\t\t\t<\/div>\n\t\t\t\t<\/div>\n\t\t\t\t<\/div>\n\t\t\t\t<\/div>\n\t\t<div class=\"elementor-element elementor-element-1664a81a e-con-full e-flex e-con e-parent\" data-id=\"1664a81a\" data-element_type=\"container\" data-e-type=\"container\" data-settings=\"{&quot;background_background&quot;:&quot;classic&quot;}\">\n\t\t\t\t<div class=\"elementor-element elementor-element-5244472f elementor-widget elementor-widget-heading\" data-id=\"5244472f\" data-element_type=\"widget\" data-e-type=\"widget\" data-widget_type=\"heading.default\">\n\t\t\t\t<div class=\"elementor-widget-container\">\n\t\t\t\t\t<p class=\"elementor-heading-title elementor-size-default\">Wake up &amp; Shine: Start small and grow slowly<\/p>\t\t\t\t<\/div>\n\t\t\t\t<\/div>\n\t\t\t\t<\/div>\n\t\t<div class=\"elementor-element elementor-element-45209849 e-flex e-con-boxed e-con e-parent\" data-id=\"45209849\" data-element_type=\"container\" data-e-type=\"container\" data-settings=\"{&quot;background_background&quot;:&quot;classic&quot;}\">\n\t\t\t\t\t<div class=\"e-con-inner\">\n\t\t\t\t<div class=\"elementor-element elementor-element-2fc24cd elementor-widget elementor-widget-heading\" data-id=\"2fc24cd\" data-element_type=\"widget\" data-e-type=\"widget\" data-widget_type=\"heading.default\">\n\t\t\t\t<div class=\"elementor-widget-container\">\n\t\t\t\t\t<h3 class=\"elementor-heading-title elementor-size-default\">Yoga in M\u00fcnchen f\u00fcr K\u00f6rper &amp; Geist<\/h3>\t\t\t\t<\/div>\n\t\t\t\t<\/div>\n\t\t\t\t<div class=\"elementor-element elementor-element-2ed671e5 elementor-widget elementor-widget-text-editor\" data-id=\"2ed671e5\" data-element_type=\"widget\" data-e-type=\"widget\" data-widget_type=\"text-editor.default\">\n\t\t\t\t<div class=\"elementor-widget-container\">\n\t\t\t\t\t\t\t\t\t<p>Your body is your home \u2013 nurture it with mindfulness, and it will thank you. \u2728 Namaste.<\/p><p><strong>Course dates, venue, and costs upon request.<\/strong><\/p>\t\t\t\t\t\t\t\t<\/div>\n\t\t\t\t<\/div>\n\t\t\t\t<div class=\"elementor-element elementor-element-7095af9b elementor-mobile-align-center elementor-align-center elementor-widget elementor-widget-button\" data-id=\"7095af9b\" data-element_type=\"widget\" data-e-type=\"widget\" data-widget_type=\"button.default\">\n\t\t\t\t<div class=\"elementor-widget-container\">\n\t\t\t\t\t\t\t\t\t<div class=\"elementor-button-wrapper\">\n\t\t\t\t\t<a class=\"elementor-button elementor-button-link elementor-size-sm\" href=\"https:\/\/yoga-sunyata.com\/en\/kontakt\/\">\n\t\t\t\t\t\t<span class=\"elementor-button-content-wrapper\">\n\t\t\t\t\t\t\t\t\t<span class=\"elementor-button-text\">Contact<\/span>\n\t\t\t\t\t<\/span>\n\t\t\t\t\t<\/a>\n\t\t\t\t<\/div>\n\t\t\t\t\t\t\t\t<\/div>\n\t\t\t\t<\/div>\n\t\t\t\t\t<\/div>\n\t\t\t\t<\/div>\n\t\t\t\t<\/div>","protected":false},"excerpt":{"rendered":"<p>Yoga f\u00fcr Anf\u00e4nger &amp; Ge\u00fcbte Wann denn bitte? Das ist die meistgeh\u00f6rte Aussage, wenn es darum geht, dass Menschen sich mehr bewegen [&hellip;]<\/p>","protected":false},"author":2,"featured_media":0,"parent":0,"menu_order":0,"comment_status":"closed","ping_status":"closed","template":"","meta":{"footnotes":""},"class_list":["post-269","page","type-page","status-publish","hentry"],"yoast_head":"<!-- This site is optimized with the Yoast SEO plugin v27.4 - https:\/\/yoast.com\/product\/yoast-seo-wordpress\/ -->\n<title>Yoga f\u00fcr Anf\u00e4nger &amp; Ge\u00fcbte -<\/title>\n<meta name=\"description\" content=\"Erleben Sie Yoga f\u00fcr Anf\u00e4nger &amp; Ge\u00fcbte in M\u00fcnchen f\u00fcr K\u00f6rper, Geist und Seele. Entdecken Sie vielseitige Yoga-Stilrichtungen, professionelle Anleitung und eine entspannte Atmosph\u00e4re. Buchen Sie jetzt Ihren Kurs!\" \/>\n<meta name=\"robots\" content=\"index, follow, max-snippet:-1, max-image-preview:large, max-video-preview:-1\" \/>\n<link rel=\"canonical\" href=\"https:\/\/yoga-sunyata.com\/en\/erwachsene\/\" \/>\n<meta property=\"og:locale\" content=\"en_GB\" \/>\n<meta property=\"og:type\" content=\"article\" \/>\n<meta property=\"og:title\" content=\"Yoga f\u00fcr Anf\u00e4nger &amp; Ge\u00fcbte -\" \/>\n<meta property=\"og:description\" content=\"Erleben Sie Yoga f\u00fcr Anf\u00e4nger &amp; Ge\u00fcbte in M\u00fcnchen f\u00fcr K\u00f6rper, Geist und Seele. Entdecken Sie vielseitige Yoga-Stilrichtungen, professionelle Anleitung und eine entspannte Atmosph\u00e4re. Buchen Sie jetzt Ihren Kurs!\" \/>\n<meta property=\"og:url\" content=\"https:\/\/yoga-sunyata.com\/en\/erwachsene\/\" \/>\n<meta property=\"article:modified_time\" content=\"2026-01-05T07:01:36+00:00\" \/>\n<meta property=\"og:image\" content=\"https:\/\/yoga-sunyata.com\/wp-content\/uploads\/2023\/09\/Yoga_Sunyata_Pexels-yan-krukau-8436691.jpeg\" \/>\n\t<meta property=\"og:image:width\" content=\"500\" \/>\n\t<meta property=\"og:image:height\" content=\"750\" \/>\n\t<meta property=\"og:image:type\" content=\"image\/jpeg\" \/>\n<meta name=\"twitter:card\" content=\"summary_large_image\" \/>\n<meta name=\"twitter:label1\" content=\"Estimated reading time\" \/>\n\t<meta name=\"twitter:data1\" content=\"2 minutes\" \/>\n<script type=\"application\/ld+json\" class=\"yoast-schema-graph\">{\"@context\":\"https:\\\/\\\/schema.org\",\"@graph\":[{\"@type\":\"WebPage\",\"@id\":\"https:\\\/\\\/yoga-sunyata.com\\\/erwachsene\\\/\",\"url\":\"https:\\\/\\\/yoga-sunyata.com\\\/erwachsene\\\/\",\"name\":\"Yoga f\u00fcr Anf\u00e4nger &amp; Ge\u00fcbte -\",\"isPartOf\":{\"@id\":\"https:\\\/\\\/yoga-sunyata.com\\\/#website\"},\"primaryImageOfPage\":{\"@id\":\"https:\\\/\\\/yoga-sunyata.com\\\/erwachsene\\\/#primaryimage\"},\"image\":{\"@id\":\"https:\\\/\\\/yoga-sunyata.com\\\/erwachsene\\\/#primaryimage\"},\"thumbnailUrl\":\"https:\\\/\\\/yoga-sunyata.com\\\/wp-content\\\/uploads\\\/2023\\\/09\\\/Yoga_Sunyata_Pexels-yan-krukau-8436691.jpeg\",\"datePublished\":\"2023-09-09T19:07:19+00:00\",\"dateModified\":\"2026-01-05T07:01:36+00:00\",\"description\":\"Erleben Sie Yoga f\u00fcr Anf\u00e4nger & Ge\u00fcbte in M\u00fcnchen f\u00fcr K\u00f6rper, Geist und Seele. Entdecken Sie vielseitige Yoga-Stilrichtungen, professionelle Anleitung und eine entspannte Atmosph\u00e4re. Buchen Sie jetzt Ihren Kurs!\",\"breadcrumb\":{\"@id\":\"https:\\\/\\\/yoga-sunyata.com\\\/erwachsene\\\/#breadcrumb\"},\"inLanguage\":\"en-GB\",\"potentialAction\":[{\"@type\":\"ReadAction\",\"target\":[\"https:\\\/\\\/yoga-sunyata.com\\\/erwachsene\\\/\"]}]},{\"@type\":\"ImageObject\",\"inLanguage\":\"en-GB\",\"@id\":\"https:\\\/\\\/yoga-sunyata.com\\\/erwachsene\\\/#primaryimage\",\"url\":\"https:\\\/\\\/yoga-sunyata.com\\\/wp-content\\\/uploads\\\/2023\\\/09\\\/Yoga_Sunyata_Pexels-yan-krukau-8436691.jpeg\",\"contentUrl\":\"https:\\\/\\\/yoga-sunyata.com\\\/wp-content\\\/uploads\\\/2023\\\/09\\\/Yoga_Sunyata_Pexels-yan-krukau-8436691.jpeg\"},{\"@type\":\"BreadcrumbList\",\"@id\":\"https:\\\/\\\/yoga-sunyata.com\\\/erwachsene\\\/#breadcrumb\",\"itemListElement\":[{\"@type\":\"ListItem\",\"position\":1,\"name\":\"Startseite\",\"item\":\"https:\\\/\\\/yoga-sunyata.com\\\/\"},{\"@type\":\"ListItem\",\"position\":2,\"name\":\"Yoga f\u00fcr Anf\u00e4nger &amp; Ge\u00fcbte\"}]},{\"@type\":\"WebSite\",\"@id\":\"https:\\\/\\\/yoga-sunyata.com\\\/#website\",\"url\":\"https:\\\/\\\/yoga-sunyata.com\\\/\",\"name\":\"\",\"description\":\"\",\"potentialAction\":[{\"@type\":\"SearchAction\",\"target\":{\"@type\":\"EntryPoint\",\"urlTemplate\":\"https:\\\/\\\/yoga-sunyata.com\\\/?s={search_term_string}\"},\"query-input\":{\"@type\":\"PropertyValueSpecification\",\"valueRequired\":true,\"valueName\":\"search_term_string\"}}],\"inLanguage\":\"en-GB\"}]}<\/script>\n<!-- \/ Yoast SEO plugin. -->","yoast_head_json":{"title":"Yoga f\u00fcr Anf\u00e4nger &amp; Ge\u00fcbte -","description":"Erleben Sie Yoga f\u00fcr Anf\u00e4nger & Ge\u00fcbte in M\u00fcnchen f\u00fcr K\u00f6rper, Geist und Seele. Entdecken Sie vielseitige Yoga-Stilrichtungen, professionelle Anleitung und eine entspannte Atmosph\u00e4re. Buchen Sie jetzt Ihren Kurs!","robots":{"index":"index","follow":"follow","max-snippet":"max-snippet:-1","max-image-preview":"max-image-preview:large","max-video-preview":"max-video-preview:-1"},"canonical":"https:\/\/yoga-sunyata.com\/en\/erwachsene\/","og_locale":"en_GB","og_type":"article","og_title":"Yoga f\u00fcr Anf\u00e4nger &amp; Ge\u00fcbte -","og_description":"Erleben Sie Yoga f\u00fcr Anf\u00e4nger & Ge\u00fcbte in M\u00fcnchen f\u00fcr K\u00f6rper, Geist und Seele. Entdecken Sie vielseitige Yoga-Stilrichtungen, professionelle Anleitung und eine entspannte Atmosph\u00e4re. Buchen Sie jetzt Ihren Kurs!","og_url":"https:\/\/yoga-sunyata.com\/en\/erwachsene\/","article_modified_time":"2026-01-05T07:01:36+00:00","og_image":[{"width":500,"height":750,"url":"https:\/\/yoga-sunyata.com\/wp-content\/uploads\/2023\/09\/Yoga_Sunyata_Pexels-yan-krukau-8436691.jpeg","type":"image\/jpeg"}],"twitter_card":"summary_large_image","twitter_misc":{"Estimated reading time":"2 minutes"},"schema":{"@context":"https:\/\/schema.org","@graph":[{"@type":"WebPage","@id":"https:\/\/yoga-sunyata.com\/erwachsene\/","url":"https:\/\/yoga-sunyata.com\/erwachsene\/","name":"Yoga f\u00fcr Anf\u00e4nger &amp; Ge\u00fcbte -","isPartOf":{"@id":"https:\/\/yoga-sunyata.com\/#website"},"primaryImageOfPage":{"@id":"https:\/\/yoga-sunyata.com\/erwachsene\/#primaryimage"},"image":{"@id":"https:\/\/yoga-sunyata.com\/erwachsene\/#primaryimage"},"thumbnailUrl":"https:\/\/yoga-sunyata.com\/wp-content\/uploads\/2023\/09\/Yoga_Sunyata_Pexels-yan-krukau-8436691.jpeg","datePublished":"2023-09-09T19:07:19+00:00","dateModified":"2026-01-05T07:01:36+00:00","description":"Erleben Sie Yoga f\u00fcr Anf\u00e4nger & Ge\u00fcbte in M\u00fcnchen f\u00fcr K\u00f6rper, Geist und Seele. Entdecken Sie vielseitige Yoga-Stilrichtungen, professionelle Anleitung und eine entspannte Atmosph\u00e4re. Buchen Sie jetzt Ihren Kurs!","breadcrumb":{"@id":"https:\/\/yoga-sunyata.com\/erwachsene\/#breadcrumb"},"inLanguage":"en-GB","potentialAction":[{"@type":"ReadAction","target":["https:\/\/yoga-sunyata.com\/erwachsene\/"]}]},{"@type":"ImageObject","inLanguage":"en-GB","@id":"https:\/\/yoga-sunyata.com\/erwachsene\/#primaryimage","url":"https:\/\/yoga-sunyata.com\/wp-content\/uploads\/2023\/09\/Yoga_Sunyata_Pexels-yan-krukau-8436691.jpeg","contentUrl":"https:\/\/yoga-sunyata.com\/wp-content\/uploads\/2023\/09\/Yoga_Sunyata_Pexels-yan-krukau-8436691.jpeg"},{"@type":"BreadcrumbList","@id":"https:\/\/yoga-sunyata.com\/erwachsene\/#breadcrumb","itemListElement":[{"@type":"ListItem","position":1,"name":"Startseite","item":"https:\/\/yoga-sunyata.com\/"},{"@type":"ListItem","position":2,"name":"Yoga f\u00fcr Anf\u00e4nger &amp; Ge\u00fcbte"}]},{"@type":"WebSite","@id":"https:\/\/yoga-sunyata.com\/#website","url":"https:\/\/yoga-sunyata.com\/","name":"","description":"","potentialAction":[{"@type":"SearchAction","target":{"@type":"EntryPoint","urlTemplate":"https:\/\/yoga-sunyata.com\/?s={search_term_string}"},"query-input":{"@type":"PropertyValueSpecification","valueRequired":true,"valueName":"search_term_string"}}],"inLanguage":"en-GB"}]}},"_links":{"self":[{"href":"https:\/\/yoga-sunyata.com\/en\/wp-json\/wp\/v2\/pages\/269","targetHints":{"allow":["GET"]}}],"collection":[{"href":"https:\/\/yoga-sunyata.com\/en\/wp-json\/wp\/v2\/pages"}],"about":[{"href":"https:\/\/yoga-sunyata.com\/en\/wp-json\/wp\/v2\/types\/page"}],"author":[{"embeddable":true,"href":"https:\/\/yoga-sunyata.com\/en\/wp-json\/wp\/v2\/users\/2"}],"replies":[{"embeddable":true,"href":"https:\/\/yoga-sunyata.com\/en\/wp-json\/wp\/v2\/comments?post=269"}],"version-history":[{"count":70,"href":"https:\/\/yoga-sunyata.com\/en\/wp-json\/wp\/v2\/pages\/269\/revisions"}],"predecessor-version":[{"id":2133,"href":"https:\/\/yoga-sunyata.com\/en\/wp-json\/wp\/v2\/pages\/269\/revisions\/2133"}],"wp:attachment":[{"href":"https:\/\/yoga-sunyata.com\/en\/wp-json\/wp\/v2\/media?parent=269"}],"curies":[{"name":"wp","href":"https:\/\/api.w.org\/{rel}","templated":true}]}}